{"id":990,"date":"2020-05-08T14:17:14","date_gmt":"2020-05-08T12:17:14","guid":{"rendered":"https:\/\/lebrascommunication.fr\/ventes\/produit\/licence-relais-nai-voix-et-csbk-3\/"},"modified":"2025-11-18T11:38:30","modified_gmt":"2025-11-18T10:38:30","slug":"licence-relais-nai-voix-et-csbk-3","status":"publish","type":"product","link":"https:\/\/lebrascommunication.fr\/ventes\/produit\/licence-relais-nai-voix-et-csbk-3\/","title":{"rendered":"Licence relais NAI voix et CSBK"},"content":{"rendered":"<p>Licence relais NAI voix et CSBK pour MTR3000\u00a0et SLR8000.<\/p>\n<p>Cette licence permet\u00a0d&rsquo;ajouter la fonction Network Application Interface voix et CSBK \u00e0 vos relais Capacity + (C+) et Capacity Plus Multi-sites (LCP). Elle correspond \u00e0 l&rsquo;acc\u00e8s \u00e0 la voix , et au d\u00e9codage de donn\u00e9es CSBK \u00e0 travers un r\u00e9seau IP priv\u00e9 et\/ou public (internet).<\/p>\n<p>L&rsquo;acc\u00e8s \u00e0 la voix permet d&rsquo;avoir une interface sur ordinateur permettant la communication sur tous les canaux\u00a0ainsi que l&rsquo;\u00e9coute\u00a0et l&rsquo;enregistrement de ceux-ci (console).<\/p>\n<p>Les donn\u00e9es au format CSBK envoy\u00e9es par les radios sont compress\u00e9es afin d&rsquo;optimiser la capacit\u00e9 de transmission des points de g\u00e9olocalisation, passant de 180 \u00e0 plus de 900 points par minute. Une plus grande flotte de radio peut alors \u00eatre g\u00e9olocalis\u00e9e.<\/p>\n<p>Le temps minimum entre chaque envoi de\u00a0position des radios dans un r\u00e9seau IP\u00a0est de 30 secondes en IPSC, C+ et LCP. En Capacity Max on est \u00e0 7,5 secondes minimum.<\/p>\n<p>Cette licence n\u00e9cessite la mise en place de serveur contenant les logiciels Motorola MNIS et le logiciel r\u00e9cup\u00e9rant les donn\u00e9es des radios (console de communication, affichage des positions sur carte&#8230;).<\/p>\n<p>Plus d&rsquo;information dans\u00a0<a href=\"http:\/\/lbc-systems.com\/47-relais-numeriques\">nos pages relais<\/a>\u00a0sur les syst\u00e8mes IPSC, C+, LCP, Connect Plus, et Capacity MAX de Motorola. Ainsi que dans nos pages\u00a0<a href=\"http:\/\/lbc-systems.com\/46-geolocalisation\">g\u00e9olocalisation<\/a> et <a href=\"http:\/\/lbc-systems.com\/538-supervision\">supervision<\/a>.<\/p>\n<p>Une licence n\u00e9cessaire par relais.<\/p>\n<p>Licence diff\u00e9rente pour les relais DR3000, SLR1000, et SLR5500: HKVN4211A<\/p>\n<p>Les mod\u00e8les de radios avec r\u00e9cepteur GPS finissent par 1 ou 1e chez Motorola<\/p>\n<p><strong>Attention :\u00a0<\/strong>pour activer vous m\u00eame une licence, le logiciel CPS, le ou les c\u00e2bles de programmation compatibles avec vos radios, une connexion internet ainsi que le code fournit \u00e0 l&rsquo;achat de la licence seront n\u00e9cessaires.<\/p>\n<p><strong>Sinon, chez LBC Systems l&rsquo;activation des licences est gratuite !<\/strong><\/p>\n","protected":false},"excerpt":{"rendered":"<p>Licence relais NAI voix et CSBK pour MTR3000 et SLR8000.<\/p>\n","protected":false},"featured_media":987,"template":"","meta":[],"product_brand":[3074],"product_cat":[3096],"product_tag":[3258,3257,3259],"class_list":{"0":"post-990","1":"product","2":"type-product","3":"status-publish","4":"has-post-thumbnail","6":"product_brand-motorola","7":"product_cat-accessoires-relais-motorola","8":"product_tag-capacity-plus-multi-sites","9":"product_tag-licence","10":"product_tag-motorola","12":"first","13":"instock","14":"shipping-taxable","15":"purchasable","16":"product-type-simple"},"_links":{"self":[{"href":"https:\/\/lebrascommunication.fr\/ventes\/wp-json\/wp\/v2\/product\/990","targetHints":{"allow":["GET"]}}],"collection":[{"href":"https:\/\/lebrascommunication.fr\/ventes\/wp-json\/wp\/v2\/product"}],"about":[{"href":"https:\/\/lebrascommunication.fr\/ventes\/wp-json\/wp\/v2\/types\/product"}],"wp:featuredmedia":[{"embeddable":true,"href":"https:\/\/lebrascommunication.fr\/ventes\/wp-json\/wp\/v2\/media\/987"}],"wp:attachment":[{"href":"https:\/\/lebrascommunication.fr\/ventes\/wp-json\/wp\/v2\/media?parent=990"}],"wp:term":[{"taxonomy":"product_brand","embeddable":true,"href":"https:\/\/lebrascommunication.fr\/ventes\/wp-json\/wp\/v2\/product_brand?post=990"},{"taxonomy":"product_cat","embeddable":true,"href":"https:\/\/lebrascommunication.fr\/ventes\/wp-json\/wp\/v2\/product_cat?post=990"},{"taxonomy":"product_tag","embeddable":true,"href":"https:\/\/lebrascommunication.fr\/ventes\/wp-json\/wp\/v2\/product_tag?post=990"}],"curies":[{"name":"wp","href":"https:\/\/api.w.org\/{rel}","templated":true}]}}