{"id":980,"date":"2020-05-08T12:50:43","date_gmt":"2020-05-08T10:50:43","guid":{"rendered":"https:\/\/lebrascommunication.fr\/ventes\/produit\/licence-relais-capacity-plus-multi-sites-complete-2\/"},"modified":"2025-12-23T11:47:02","modified_gmt":"2025-12-23T10:47:02","slug":"licence-relais-capacity-plus-multi-sites-complete-2","status":"publish","type":"product","link":"https:\/\/lebrascommunication.fr\/ventes\/produit\/licence-relais-capacity-plus-multi-sites-complete-2\/","title":{"rendered":"Licence relais Capacity + multi-sites compl\u00e8te"},"content":{"rendered":"<p>Licence relais Capacity + multi-sites compl\u00e8te pour DR3000, SLR1000, et SLR5500. Si vous avez d\u00e9j\u00e0 la licence Capacity + (HKVN4013A), vous devez plut\u00f4t prendre la licence Increment Capacity plus multi-sites (HKVN4063A).<\/p>\n<p>Cette licence permet\u00a0d&rsquo;ajouter la fonction\u00a0Motorola Capacity + multi-sites (ou Linked Capcity Plus: LCP) au relais qui n&rsquo;ont pas d\u00e9j\u00e0 la licence Capacity +. Ce syst\u00e8me multi-sites partage les canaux et s\u00e9pare les appels s\u00e9lectifs afin de ne pas encombrer les canaux.<\/p>\n<p>L&rsquo;int\u00e9r\u00eat de prendre s\u00e9par\u00e9ment les licences Capacity + et increment Capacity Plus multi-sites, r\u00e9side dans la possibilit\u00e9 d&rsquo;utiliser les deux syst\u00e8mes. Si vous prenez la licence Capacity Plus multi-sites compl\u00e8te, c&rsquo;est le m\u00eame prix mais vous n&rsquo;avez pas acc\u00e8s au syst\u00e8me Capacity +.<\/p>\n<p>Plus d&rsquo;information dans\u00a0<a href=\"http:\/\/lbc-systems.com\/47-relais-numeriques\">nos pages relais<\/a>\u00a0sur les syst\u00e8mes IPSC, C+, LCP, Connect Plus, et Capacity MAX de Motorola.<\/p>\n<p>Une licence n\u00e9cessaire par relais.<\/p>\n<p>Licence diff\u00e9rente pour les relais MTR3000 et SLR8000: HKVN4109A<\/p>\n<p>Il faut cette fonction aussi dans les talkies et mobiles pour etre compatible. Cette fonction est offerte dans les mod\u00e8les des s\u00e9ries DP4000, DP4000 ATEX, SL4000, DP3441-DP3661e, DM4000 et les mod\u00e8les \u00ab\u00a0e\u00a0\u00bb correspondant. Fonction payante avec les radios DP2400, DP2400e, DP2600, DP2600e, SL2600, DM2600.<\/p>\n<p><strong>Attention :\u00a0<\/strong>pour activer vous m\u00eame une licence, le logiciel CPS, le ou les c\u00e2bles de programmation compatibles avec vos radios, une connexion internet ainsi que le code fournit \u00e0 l&rsquo;achat de la licence seront n\u00e9cessaires.<\/p>\n<p><strong>Sinon, chez LBC Systems l&rsquo;activation des licences est gratuite !<\/strong><\/p>\n","protected":false},"excerpt":{"rendered":"<p>Licence relais Capacity + multi-sites compl\u00e8te pour DR3000, SLR1000, et SLR5500.<\/p>\n","protected":false},"featured_media":976,"template":"","meta":[],"product_brand":[3074],"product_cat":[3096],"product_tag":[3410,3257,3219,3411,3245],"class_list":{"0":"post-980","1":"product","2":"type-product","3":"status-publish","4":"has-post-thumbnail","6":"product_brand-motorola","7":"product_cat-accessoires-relais-motorola","8":"product_tag-capacity-plus","9":"product_tag-licence","10":"product_tag-relais","11":"product_tag-slr100","12":"product_tag-slr5500","14":"first","15":"instock","16":"shipping-taxable","17":"purchasable","18":"product-type-simple"},"_links":{"self":[{"href":"https:\/\/lebrascommunication.fr\/ventes\/wp-json\/wp\/v2\/product\/980","targetHints":{"allow":["GET"]}}],"collection":[{"href":"https:\/\/lebrascommunication.fr\/ventes\/wp-json\/wp\/v2\/product"}],"about":[{"href":"https:\/\/lebrascommunication.fr\/ventes\/wp-json\/wp\/v2\/types\/product"}],"wp:featuredmedia":[{"embeddable":true,"href":"https:\/\/lebrascommunication.fr\/ventes\/wp-json\/wp\/v2\/media\/976"}],"wp:attachment":[{"href":"https:\/\/lebrascommunication.fr\/ventes\/wp-json\/wp\/v2\/media?parent=980"}],"wp:term":[{"taxonomy":"product_brand","embeddable":true,"href":"https:\/\/lebrascommunication.fr\/ventes\/wp-json\/wp\/v2\/product_brand?post=980"},{"taxonomy":"product_cat","embeddable":true,"href":"https:\/\/lebrascommunication.fr\/ventes\/wp-json\/wp\/v2\/product_cat?post=980"},{"taxonomy":"product_tag","embeddable":true,"href":"https:\/\/lebrascommunication.fr\/ventes\/wp-json\/wp\/v2\/product_tag?post=980"}],"curies":[{"name":"wp","href":"https:\/\/api.w.org\/{rel}","templated":true}]}}