{"id":968,"date":"2020-05-07T12:04:16","date_gmt":"2020-05-07T10:04:16","guid":{"rendered":"https:\/\/lebrascommunication.fr\/ventes\/produit\/licence-multi-ptt-2\/"},"modified":"2026-01-05T15:32:13","modified_gmt":"2026-01-05T14:32:13","slug":"licence-multi-ptt-2","status":"publish","type":"product","link":"https:\/\/lebrascommunication.fr\/ventes\/produit\/licence-multi-ptt-2\/","title":{"rendered":"Licence multi-PTT"},"content":{"rendered":"<p>Licence multi Push To Talk pour radios DP4000e, et DP4000. Les mod\u00e8les vendus apr\u00e8s le 18 Novembre 2019 ont cette fonction offerte.<\/p>\n<p>Cette licence\u00a0permet d&rsquo;utiliser\u00a0plusieurs Push To Talk sur certains accessoires ou fabrications sur mesure.<\/p>\n<p>Une licence n\u00e9cessaire par poste.<\/p>\n<p><strong>Attention : <\/strong>pour activer vous m\u00eame une licence, le logiciel CPS, le ou les c\u00e2bles de programmation compatibles avec vos radios, une connexion internet ainsi que le code fournit \u00e0 l&rsquo;achat de la licence seront n\u00e9cessaires.<\/p>\n<p><strong>Sinon, chez LBC Systems l&rsquo;activation des licences est gratuite !<\/strong><\/p>\n","protected":false},"excerpt":{"rendered":"<p>Licence multi Push To Talk pour radios DP4000e, et DP4000.<\/p>\n","protected":false},"featured_media":961,"template":"","meta":[],"product_brand":[3074],"product_cat":[3163],"product_tag":[3225,3437,3257,3513],"class_list":{"0":"post-968","1":"product","2":"type-product","3":"status-publish","4":"has-post-thumbnail","6":"product_brand-motorola","7":"product_cat-accessoires-talkies-motorola","8":"product_tag-dp4000","9":"product_tag-dp4000e","10":"product_tag-licence","11":"product_tag-multi-ptt","13":"first","14":"instock","15":"shipping-taxable","16":"purchasable","17":"product-type-simple"},"_links":{"self":[{"href":"https:\/\/lebrascommunication.fr\/ventes\/wp-json\/wp\/v2\/product\/968","targetHints":{"allow":["GET"]}}],"collection":[{"href":"https:\/\/lebrascommunication.fr\/ventes\/wp-json\/wp\/v2\/product"}],"about":[{"href":"https:\/\/lebrascommunication.fr\/ventes\/wp-json\/wp\/v2\/types\/product"}],"wp:featuredmedia":[{"embeddable":true,"href":"https:\/\/lebrascommunication.fr\/ventes\/wp-json\/wp\/v2\/media\/961"}],"wp:attachment":[{"href":"https:\/\/lebrascommunication.fr\/ventes\/wp-json\/wp\/v2\/media?parent=968"}],"wp:term":[{"taxonomy":"product_brand","embeddable":true,"href":"https:\/\/lebrascommunication.fr\/ventes\/wp-json\/wp\/v2\/product_brand?post=968"},{"taxonomy":"product_cat","embeddable":true,"href":"https:\/\/lebrascommunication.fr\/ventes\/wp-json\/wp\/v2\/product_cat?post=968"},{"taxonomy":"product_tag","embeddable":true,"href":"https:\/\/lebrascommunication.fr\/ventes\/wp-json\/wp\/v2\/product_tag?post=968"}],"curies":[{"name":"wp","href":"https:\/\/api.w.org\/{rel}","templated":true}]}}