{"id":957,"date":"2020-05-07T11:37:26","date_gmt":"2020-05-07T09:37:26","guid":{"rendered":"https:\/\/lebrascommunication.fr\/ventes\/produit\/kit-de-carte-d-option-connect-plus\/"},"modified":"2026-01-05T14:33:12","modified_gmt":"2026-01-05T13:33:12","slug":"kit-de-carte-d-option-connect-plus","status":"publish","type":"product","link":"https:\/\/lebrascommunication.fr\/ventes\/produit\/kit-de-carte-d-option-connect-plus\/","title":{"rendered":"Kit de carte d&rsquo;option Connect Plus"},"content":{"rendered":"<p>Kit de carte d&rsquo;options\u00a0Connect Plus pour DP4X0Xe, DM4X0Xe. Non compatible avec les versions non \u00ab\u00a0e\u00a0\u00bb.<\/p>\n<p>Le kit de carte d&rsquo;options\u00a0Connect Plus\u00a0une fois mont\u00e9 dans la radio, permet la compatibilit\u00e9 avec les syst\u00e8mes partag\u00e9s num\u00e9rique Mototrbo Connect Plus.<\/p>\n<p>Il faut ensuite rajouter la licence Connect Plus (HKVN4069A) et programmer la radio.<\/p>\n<p>Il est n\u00e9cessaire de d\u00e9monter la radio afin d&rsquo;installer la carte d&rsquo;option, puis la formater, et enfin installer le logiciel d\u00e9velopp\u00e9.<\/p>\n<p><strong>Sinon chez LBC systems, nous vous montons les cartes d&rsquo;option gratuitement !<\/strong><\/p>\n","protected":false},"excerpt":{"rendered":"<p>Kit de carte d&rsquo;options Connect Plus pour\u00a0DP4000e, et DM4000e.<\/p>\n","protected":false},"featured_media":954,"template":"","meta":[],"product_brand":[3074],"product_cat":[3163,3183,3088],"product_tag":[3506,3481,3480,3358],"class_list":{"0":"post-957","1":"product","2":"type-product","3":"status-publish","4":"has-post-thumbnail","6":"product_brand-motorola","7":"product_cat-accessoires-talkies-motorola","8":"product_cat-dm4000","9":"product_cat-accessoires-pour-bases-ou-mobiles-motorola","10":"product_tag-connect-plus","11":"product_tag-dm4x0xe","12":"product_tag-dp4x0xe","13":"product_tag-kit","15":"first","16":"instock","17":"shipping-taxable","18":"purchasable","19":"product-type-simple"},"_links":{"self":[{"href":"https:\/\/lebrascommunication.fr\/ventes\/wp-json\/wp\/v2\/product\/957","targetHints":{"allow":["GET"]}}],"collection":[{"href":"https:\/\/lebrascommunication.fr\/ventes\/wp-json\/wp\/v2\/product"}],"about":[{"href":"https:\/\/lebrascommunication.fr\/ventes\/wp-json\/wp\/v2\/types\/product"}],"wp:featuredmedia":[{"embeddable":true,"href":"https:\/\/lebrascommunication.fr\/ventes\/wp-json\/wp\/v2\/media\/954"}],"wp:attachment":[{"href":"https:\/\/lebrascommunication.fr\/ventes\/wp-json\/wp\/v2\/media?parent=957"}],"wp:term":[{"taxonomy":"product_brand","embeddable":true,"href":"https:\/\/lebrascommunication.fr\/ventes\/wp-json\/wp\/v2\/product_brand?post=957"},{"taxonomy":"product_cat","embeddable":true,"href":"https:\/\/lebrascommunication.fr\/ventes\/wp-json\/wp\/v2\/product_cat?post=957"},{"taxonomy":"product_tag","embeddable":true,"href":"https:\/\/lebrascommunication.fr\/ventes\/wp-json\/wp\/v2\/product_tag?post=957"}],"curies":[{"name":"wp","href":"https:\/\/api.w.org\/{rel}","templated":true}]}}