{"id":953,"date":"2017-08-06T23:20:32","date_gmt":"2017-08-06T21:20:32","guid":{"rendered":"https:\/\/lebrascommunication.fr\/ventes\/produit\/batterie-grand-froid-ni-mh-1400mah-p100\/"},"modified":"2026-02-17T09:55:32","modified_gmt":"2026-02-17T08:55:32","slug":"batterie-grand-froid-ni-mh-1400mah-p100","status":"publish","type":"product","link":"https:\/\/lebrascommunication.fr\/ventes\/produit\/batterie-grand-froid-ni-mh-1400mah-p100\/","title":{"rendered":"Batterie Grand-froid Ni-MH 1400mAh P100"},"content":{"rendered":"<p>Batterie Ni-MH 1400mAh pour les gammes de talkies P100.<\/p>\n<p>Pince de ceinture vendue s\u00e9par\u00e9ment.<\/p>\n<p><strong>Caract\u00e9ristiques :<\/strong><\/p>\n<ul>\n<li>Type : Ni-MH<\/li>\n<li>Capacit\u00e9 : 1400 mAh<\/li>\n<li>Autonomie : 8h minimum<\/li>\n<li>Batterie intelligente : non<\/li>\n<li>M\u00e9moire de charge : oui<\/li>\n<li>Temp\u00e9ratures d&rsquo;utilisation : -20\u00b0c \u00e0 +55\u00b0C<\/li>\n<li>Standard de s\u00e9curit\u00e9 intrins\u00e8que : non<\/li>\n<li><\/li>\n<\/ul>\n<p><strong>Dimensions :<\/strong> 120 x 55 x 19 mm<\/p>\n<p><strong>Poids : <\/strong>210g<\/p>\n<p><strong>Notre avis : <\/strong>Pour une utilisation intensive ou sur le long terme, nous vous conseillons de privil\u00e9gier les batteries Li-Ion.<\/p>\n<p>Les batteries Ni-MH ayant une m\u00e9moire de charge, leur dur\u00e9e de vie ne d\u00e9passe g\u00e9n\u00e9ralement pas 3 ans.<\/p>\n<p>A intensit\u00e9 \u00e9gale, la batterie Li-Ion offre une autonomie sup\u00e9rieure ainsi qu&rsquo;un format et un poids r\u00e9duits. Sa dur\u00e9e de vie est en moyenne sup\u00e9rieure de 2 ans.<\/p>\n<p>Les batteries Ni-MH pr\u00e9sentent un int\u00e9r\u00eat en cas de climats tr\u00e8s froids (-20\u00b0C), en cas d&rsquo;import-export (conditionnement et tarifs) et son co\u00fbt peut convenir \u00e0 tout type de budget.<\/p>\n","protected":false},"excerpt":{"rendered":"<p>Batterie Ni-MH 1400mAh pour les gammes de talkies P100.<\/p>\n","protected":false},"featured_media":952,"template":"","meta":[],"product_brand":[3074],"product_cat":[3163],"product_tag":[3844,3175,3843,3845,3271],"class_list":{"0":"post-953","1":"product","2":"type-product","3":"status-publish","4":"has-post-thumbnail","6":"product_brand-motorola","7":"product_cat-accessoires-talkies-motorola","8":"product_tag-1400mah","9":"product_tag-batterie","10":"product_tag-grand-froid","11":"product_tag-ni-mh","12":"product_tag-p100","14":"first","15":"instock","16":"shipping-taxable","17":"purchasable","18":"product-type-simple"},"_links":{"self":[{"href":"https:\/\/lebrascommunication.fr\/ventes\/wp-json\/wp\/v2\/product\/953","targetHints":{"allow":["GET"]}}],"collection":[{"href":"https:\/\/lebrascommunication.fr\/ventes\/wp-json\/wp\/v2\/product"}],"about":[{"href":"https:\/\/lebrascommunication.fr\/ventes\/wp-json\/wp\/v2\/types\/product"}],"wp:featuredmedia":[{"embeddable":true,"href":"https:\/\/lebrascommunication.fr\/ventes\/wp-json\/wp\/v2\/media\/952"}],"wp:attachment":[{"href":"https:\/\/lebrascommunication.fr\/ventes\/wp-json\/wp\/v2\/media?parent=953"}],"wp:term":[{"taxonomy":"product_brand","embeddable":true,"href":"https:\/\/lebrascommunication.fr\/ventes\/wp-json\/wp\/v2\/product_brand?post=953"},{"taxonomy":"product_cat","embeddable":true,"href":"https:\/\/lebrascommunication.fr\/ventes\/wp-json\/wp\/v2\/product_cat?post=953"},{"taxonomy":"product_tag","embeddable":true,"href":"https:\/\/lebrascommunication.fr\/ventes\/wp-json\/wp\/v2\/product_tag?post=953"}],"curies":[{"name":"wp","href":"https:\/\/api.w.org\/{rel}","templated":true}]}}