{"id":944,"date":"2017-08-06T22:33:14","date_gmt":"2017-08-06T20:33:14","guid":{"rendered":"https:\/\/lebrascommunication.fr\/ventes\/produit\/chargeur-individuel-pour-sl4000\/"},"modified":"2025-12-24T12:18:03","modified_gmt":"2025-12-24T11:18:03","slug":"chargeur-individuel-pour-sl4000","status":"publish","type":"product","link":"https:\/\/lebrascommunication.fr\/ventes\/produit\/chargeur-individuel-pour-sl4000\/","title":{"rendered":"Chargeur individuel pour SL4000"},"content":{"rendered":"<p>Chargeur individuel complet pour les gammes de talkies SL4000.<\/p>\n<p>Le kit comprend le socle de charge et son c\u00e2ble d&rsquo;alimentation \u00e9lectrique.<\/p>\n<p><strong>Caract\u00e9ristiques :<\/strong><\/p>\n<ul>\n<li>Type : Rapide<\/li>\n<li>Temps de charge : 3h environ<\/li>\n<li>Compatibilit\u00e9 : Li-Ion<\/li>\n<li>Tension d&rsquo;utilisation : 90<span class=\"tableData\">-264<\/span> VAC<\/li>\n<li>Nombre d&#8217;emplacements : 2 (un emplacement pour le talkie complet et un pour une batterie suppl\u00e9mentaire)<\/li>\n<li>Connecteur micro-USB : 1<\/li>\n<li>Chargeur intelligent : non<\/li>\n<li>Charge de la batterie seule : oui<\/li>\n<li>Charge avec l&rsquo;appareil : oui<\/li>\n<li>Ecran : non<\/li>\n<\/ul>\n<p><strong>Dimensions :<\/strong> 52 x 93 x 113 mm<\/p>\n<p><strong>Poids : <\/strong>249 g<\/p>\n<p><strong>A savoir : <\/strong>Ce chargeur offre la possibilit\u00e9 de charger simultan\u00e9ment un talkie, une batterie suppl\u00e9mentaire et un micro-casque via port USB.<\/p>\n","protected":false},"excerpt":{"rendered":"<p>Chargeur individuel complet pour les gammes de talkies SL4000.<\/p>\n","protected":false},"featured_media":942,"template":"","meta":[],"product_brand":[3074],"product_cat":[3163,3181],"product_tag":[3213,3220],"class_list":{"0":"post-944","1":"product","2":"type-product","3":"status-publish","4":"has-post-thumbnail","6":"product_brand-motorola","7":"product_cat-accessoires-talkies-motorola","8":"product_cat-sl-tlk","9":"product_tag-chargeur","10":"product_tag-sl4000","12":"first","13":"instock","14":"shipping-taxable","15":"purchasable","16":"product-type-simple"},"_links":{"self":[{"href":"https:\/\/lebrascommunication.fr\/ventes\/wp-json\/wp\/v2\/product\/944","targetHints":{"allow":["GET"]}}],"collection":[{"href":"https:\/\/lebrascommunication.fr\/ventes\/wp-json\/wp\/v2\/product"}],"about":[{"href":"https:\/\/lebrascommunication.fr\/ventes\/wp-json\/wp\/v2\/types\/product"}],"wp:featuredmedia":[{"embeddable":true,"href":"https:\/\/lebrascommunication.fr\/ventes\/wp-json\/wp\/v2\/media\/942"}],"wp:attachment":[{"href":"https:\/\/lebrascommunication.fr\/ventes\/wp-json\/wp\/v2\/media?parent=944"}],"wp:term":[{"taxonomy":"product_brand","embeddable":true,"href":"https:\/\/lebrascommunication.fr\/ventes\/wp-json\/wp\/v2\/product_brand?post=944"},{"taxonomy":"product_cat","embeddable":true,"href":"https:\/\/lebrascommunication.fr\/ventes\/wp-json\/wp\/v2\/product_cat?post=944"},{"taxonomy":"product_tag","embeddable":true,"href":"https:\/\/lebrascommunication.fr\/ventes\/wp-json\/wp\/v2\/product_tag?post=944"}],"curies":[{"name":"wp","href":"https:\/\/api.w.org\/{rel}","templated":true}]}}