{"id":94,"date":"2016-02-15T16:44:14","date_gmt":"2016-02-15T15:44:14","guid":{"rendered":"https:\/\/lebrascommunication.fr\/ventes\/produit\/kit-de-surveillance\/"},"modified":"2025-12-24T12:06:19","modified_gmt":"2025-12-24T11:06:19","slug":"kit-de-surveillance","status":"publish","type":"product","link":"https:\/\/lebrascommunication.fr\/ventes\/produit\/kit-de-surveillance\/","title":{"rendered":"Kit de surveillance"},"content":{"rendered":"<p>Kit de surveillance pour DP2000, DP3441.<\/p>\n<p>PTT et microphone combin\u00e9s.<\/p>\n<p>Kit de surveillance avec oreillette amovible\u00a0pour les gammes de talkies DP2000, DP3441 et DP3661 ainsi que les versions \u00ab\u00a0e\u00a0\u00bb.<\/p>\n<p><strong>Caract\u00e9ristiques :<\/strong><\/p>\n<ul>\n<li>Utilisation : Re\u00e7oit et transmet<\/li>\n<li>Alternat (Push To Talk) : sur le micro<\/li>\n<li>D\u00e9clenchement par la voix (VOX) : oui<\/li>\n<li>Micro : oui (cravate ou main)<\/li>\n<li>Nombre de fils : 2<\/li>\n<li>Couleur : noir<\/li>\n<li>Type d&rsquo;\u00e9couteur : tube acoustique avec t\u00e9tine silicone<\/li>\n<li>Standard de s\u00e9curit\u00e9 intrins\u00e8que : <span class=\"tableData\"> UL-TIA4950 <\/span>avec les s\u00e9ries DP2000e<\/li>\n<\/ul>\n<p>R\u00e9f\u00e9rence tube acoustique + \u00e9couteur silicone pour remplacement : <span class=\"tableData\"><span class=\"tableData\">RLN6242A<\/span>.<\/span><\/p>\n","protected":false},"excerpt":{"rendered":"<p>Kit de surveillance avec oreillette amovible\u00a0pour les gammes de talkies DP2000, DP3441 et DP3661 ainsi que les versions \u00ab\u00a0e\u00a0\u00bb.<\/p>\n","protected":false},"featured_media":3613,"template":"","meta":[],"product_brand":[3074],"product_cat":[3177,3179,3163],"product_tag":[3203,3174,3249,3193,3250,3334],"class_list":{"0":"post-94","1":"product","2":"type-product","3":"status-publish","4":"has-post-thumbnail","6":"product_brand-motorola","7":"product_cat-r5-dp2000e","8":"product_cat-dp3000e","9":"product_cat-accessoires-talkies-motorola","10":"product_tag-dp2000","11":"product_tag-dp3441","12":"product_tag-dp3441e","13":"product_tag-dp3661","14":"product_tag-dp3661e","15":"product_tag-micro-oreillette","17":"first","18":"instock","19":"shipping-taxable","20":"purchasable","21":"product-type-simple"},"_links":{"self":[{"href":"https:\/\/lebrascommunication.fr\/ventes\/wp-json\/wp\/v2\/product\/94","targetHints":{"allow":["GET"]}}],"collection":[{"href":"https:\/\/lebrascommunication.fr\/ventes\/wp-json\/wp\/v2\/product"}],"about":[{"href":"https:\/\/lebrascommunication.fr\/ventes\/wp-json\/wp\/v2\/types\/product"}],"wp:featuredmedia":[{"embeddable":true,"href":"https:\/\/lebrascommunication.fr\/ventes\/wp-json\/wp\/v2\/media\/3613"}],"wp:attachment":[{"href":"https:\/\/lebrascommunication.fr\/ventes\/wp-json\/wp\/v2\/media?parent=94"}],"wp:term":[{"taxonomy":"product_brand","embeddable":true,"href":"https:\/\/lebrascommunication.fr\/ventes\/wp-json\/wp\/v2\/product_brand?post=94"},{"taxonomy":"product_cat","embeddable":true,"href":"https:\/\/lebrascommunication.fr\/ventes\/wp-json\/wp\/v2\/product_cat?post=94"},{"taxonomy":"product_tag","embeddable":true,"href":"https:\/\/lebrascommunication.fr\/ventes\/wp-json\/wp\/v2\/product_tag?post=94"}],"curies":[{"name":"wp","href":"https:\/\/api.w.org\/{rel}","templated":true}]}}