{"id":939,"date":"2017-08-06T22:19:57","date_gmt":"2017-08-06T20:19:57","guid":{"rendered":"https:\/\/lebrascommunication.fr\/ventes\/produit\/chargeur-multiple-pour-sl4000\/"},"modified":"2025-12-24T11:59:26","modified_gmt":"2025-12-24T10:59:26","slug":"chargeur-multiple-pour-sl4000","status":"publish","type":"product","link":"https:\/\/lebrascommunication.fr\/ventes\/produit\/chargeur-multiple-pour-sl4000\/","title":{"rendered":"Chargeur multiple pour SL4000"},"content":{"rendered":"<p>Chargeur complet rapide, 6 alv\u00e9oles pour les gammes de talkies SL4000.<\/p>\n<p>Le kit comprend le socle de charge et son c\u00e2ble d&rsquo;alimentation \u00e9lectrique.<\/p>\n<p><strong>Caract\u00e9ristiques :<\/strong><\/p>\n<ul>\n<li>Type : Rapide<\/li>\n<li>Temps de charge : 3h environ<\/li>\n<li>Compatibilit\u00e9 : Li-Ion<\/li>\n<li>Tension d&rsquo;utilisation : <span class=\"tableData\">100-240<\/span> VAC<\/li>\n<li>Nombre d&#8217;emplacements : 6<\/li>\n<li>Chargeur intelligent : non<\/li>\n<li>Charge de la batterie seule : oui<\/li>\n<li>Charge avec l&rsquo;appareil : oui<\/li>\n<li>Ecran : non<\/li>\n<\/ul>\n<p><strong>Dimensions :<\/strong> 65 x 424 x 110 mm<\/p>\n<p><strong>Poids : <\/strong>900 g<\/p>\n<p><strong>A savoir : <\/strong>La charge avec talkie s&rsquo;effectue de fa\u00e7on verticale tandis que la charge de la batterie seule s&rsquo;effectue \u00e0 plat. Lorsque le talkie est branch\u00e9, le niveau de charge est indiqu\u00e9 sur son \u00e9cran.<\/p>\n","protected":false},"excerpt":{"rendered":"<p>Chargeur complet rapide 6 alv\u00e9oles pour les gammes de talkies SL4000.<\/p>\n","protected":false},"featured_media":937,"template":"","meta":[],"product_brand":[3074],"product_cat":[3163,3181],"product_tag":[3221,3220],"class_list":{"0":"post-939","1":"product","2":"type-product","3":"status-publish","4":"has-post-thumbnail","6":"product_brand-motorola","7":"product_cat-accessoires-talkies-motorola","8":"product_cat-sl-tlk","9":"product_tag-chargeur-multiple","10":"product_tag-sl4000","12":"first","13":"instock","14":"shipping-taxable","15":"purchasable","16":"product-type-simple"},"_links":{"self":[{"href":"https:\/\/lebrascommunication.fr\/ventes\/wp-json\/wp\/v2\/product\/939","targetHints":{"allow":["GET"]}}],"collection":[{"href":"https:\/\/lebrascommunication.fr\/ventes\/wp-json\/wp\/v2\/product"}],"about":[{"href":"https:\/\/lebrascommunication.fr\/ventes\/wp-json\/wp\/v2\/types\/product"}],"wp:featuredmedia":[{"embeddable":true,"href":"https:\/\/lebrascommunication.fr\/ventes\/wp-json\/wp\/v2\/media\/937"}],"wp:attachment":[{"href":"https:\/\/lebrascommunication.fr\/ventes\/wp-json\/wp\/v2\/media?parent=939"}],"wp:term":[{"taxonomy":"product_brand","embeddable":true,"href":"https:\/\/lebrascommunication.fr\/ventes\/wp-json\/wp\/v2\/product_brand?post=939"},{"taxonomy":"product_cat","embeddable":true,"href":"https:\/\/lebrascommunication.fr\/ventes\/wp-json\/wp\/v2\/product_cat?post=939"},{"taxonomy":"product_tag","embeddable":true,"href":"https:\/\/lebrascommunication.fr\/ventes\/wp-json\/wp\/v2\/product_tag?post=939"}],"curies":[{"name":"wp","href":"https:\/\/api.w.org\/{rel}","templated":true}]}}