{"id":926,"date":"2020-05-05T16:25:10","date_gmt":"2020-05-05T14:25:10","guid":{"rendered":"https:\/\/lebrascommunication.fr\/ventes\/produit\/kit-de-carte-d-options-generiques-gob\/"},"modified":"2025-12-24T12:14:03","modified_gmt":"2025-12-24T11:14:03","slug":"kit-de-carte-d-options-generiques-gob","status":"publish","type":"product","link":"https:\/\/lebrascommunication.fr\/ventes\/produit\/kit-de-carte-d-options-generiques-gob\/","title":{"rendered":"Kit de carte d&rsquo;options g\u00e9n\u00e9riques GOB"},"content":{"rendered":"<p>Kit de carte d&rsquo;options g\u00e9n\u00e9riques GOB pour DP3441e, DP3661e, DP4X0Xe, DM4X0Xe. Non compatible avec les versions non \u00ab\u00a0e\u00a0\u00bb.<\/p>\n<p>Le kit de carte d&rsquo;options g\u00e9n\u00e9riques GOB (Generic Option Board) une fois mont\u00e9 dans la radio, permet de d\u00e9velopper des applications pour des fonctions sur mesure.<\/p>\n<p>Si vous d\u00e9sirez faire d\u00e9velopper des fonctions particuli\u00e8res, nous pouvons vous aider.<\/p>\n<p>Il est n\u00e9cessaire de d\u00e9monter la radio afin d&rsquo;installer la carte d&rsquo;option, puis la formater, et enfin installer le logiciel d\u00e9velopp\u00e9.<\/p>\n<p><strong>Sinon chez LBC systems, nous vous montons les cartes d&rsquo;option gratuitement !<\/strong><\/p>\n","protected":false},"excerpt":{"rendered":"<p>Kit de carte d&rsquo;options g\u00e9n\u00e9riques GOB pour DP3000e, DP4000e, et DM4000e.<\/p>\n<p><b>PMLN7324AS<\/b><\/p>\n","protected":false},"featured_media":3654,"template":"","meta":[],"product_brand":[3074],"product_cat":[3179,3163],"product_tag":[3481,3249,3250,3480,3477,3478,3442],"class_list":{"0":"post-926","1":"product","2":"type-product","3":"status-publish","4":"has-post-thumbnail","6":"product_brand-motorola","7":"product_cat-dp3000e","8":"product_cat-accessoires-talkies-motorola","9":"product_tag-dm4x0xe","10":"product_tag-dp3441e","11":"product_tag-dp3661e","12":"product_tag-dp4x0xe","13":"product_tag-gob","14":"product_tag-kit-de-carte","15":"product_tag-pieces-detachees","17":"first","18":"instock","19":"shipping-taxable","20":"purchasable","21":"product-type-simple"},"_links":{"self":[{"href":"https:\/\/lebrascommunication.fr\/ventes\/wp-json\/wp\/v2\/product\/926","targetHints":{"allow":["GET"]}}],"collection":[{"href":"https:\/\/lebrascommunication.fr\/ventes\/wp-json\/wp\/v2\/product"}],"about":[{"href":"https:\/\/lebrascommunication.fr\/ventes\/wp-json\/wp\/v2\/types\/product"}],"wp:featuredmedia":[{"embeddable":true,"href":"https:\/\/lebrascommunication.fr\/ventes\/wp-json\/wp\/v2\/media\/3654"}],"wp:attachment":[{"href":"https:\/\/lebrascommunication.fr\/ventes\/wp-json\/wp\/v2\/media?parent=926"}],"wp:term":[{"taxonomy":"product_brand","embeddable":true,"href":"https:\/\/lebrascommunication.fr\/ventes\/wp-json\/wp\/v2\/product_brand?post=926"},{"taxonomy":"product_cat","embeddable":true,"href":"https:\/\/lebrascommunication.fr\/ventes\/wp-json\/wp\/v2\/product_cat?post=926"},{"taxonomy":"product_tag","embeddable":true,"href":"https:\/\/lebrascommunication.fr\/ventes\/wp-json\/wp\/v2\/product_tag?post=926"}],"curies":[{"name":"wp","href":"https:\/\/api.w.org\/{rel}","templated":true}]}}