{"id":920,"date":"2017-08-06T19:33:11","date_gmt":"2017-08-06T17:33:11","guid":{"rendered":"https:\/\/lebrascommunication.fr\/ventes\/produit\/chargeur-complet-impres-pour-dp3441\/"},"modified":"2025-12-24T12:06:54","modified_gmt":"2025-12-24T11:06:54","slug":"chargeur-complet-impres-pour-dp3441","status":"publish","type":"product","link":"https:\/\/lebrascommunication.fr\/ventes\/produit\/chargeur-complet-impres-pour-dp3441\/","title":{"rendered":"Chargeur complet IMPRES"},"content":{"rendered":"<p>Chargeur complet individuel IMPRES pour les gammes de talkies\u00a0DP3441, DP3441e et DP3661e<\/p>\n<p>Le kit comprend le socle de charge et son c\u00e2ble d&rsquo;alimentation \u00e9lectrique.<\/p>\n<p><strong>Caract\u00e9ristiques :<\/strong><\/p>\n<ul>\n<li>Type : Rapide<\/li>\n<li>Temps de charge : 3h environ<\/li>\n<li>Compatibilit\u00e9 : Ni-Cd, Ni-MH, Li-Ion<\/li>\n<li>Tension d&rsquo;utilisation : 90-264 VAC<\/li>\n<li>Nombre d&#8217;emplacements : 1<\/li>\n<li>Chargeur intelligent : oui (IMPRES)<\/li>\n<li>Charge de la batterie seule : oui<\/li>\n<li>Charge avec l&rsquo;appareil : oui<\/li>\n<li>Ecran : non<\/li>\n<\/ul>\n<p><strong>Dimensions : <\/strong>46 x 114 x 120<\/p>\n<p><strong>Poids : <\/strong>160 g<\/p>\n<p><strong>Technologie IMPRES :<\/strong>\u00a0Cette technologie fonctionne uniquement avec les batteries IMPRES Motorola. Elle permet d&rsquo;avoir un suivi de l&rsquo;\u00e9volution de la batterie depuis sa premi\u00e8re charge avec le logiciel et son interface, ou avec les mod\u00e8les de chargeurs \u00e0 \u00e9crans. Les batteries sont\u00a0reconditionn\u00e9es en fonction des besoins et permettent\u00a0une autonomie plus grande d&rsquo;environ 1h ainsi qu&rsquo;une dur\u00e9e de vie allong\u00e9e. Le reconditionnement des batteries est \u00e9galement effectif sur les chargeurs IMPRES sans \u00e9crans.<\/p>\n<p><strong>A savoir :<\/strong>\u00a0Le reconditionnement (d\u00e9charge compl\u00e8te avant recharge) de la batterie est automatique mais peut \u00eatre \u00e9vit\u00e9 par une simple manipulation pour plus de rapidit\u00e9. Il suffit de retirer la batterie de son emplacement de charge et de la mettre \u00e0 nouveau (la diode passe de l&rsquo;orange au rouge).<\/p>\n","protected":false},"excerpt":{"rendered":"<p>Chargeur complet individuel IMPRES pour les gammes de talkies DP3441, DP3441e et DP3661e<\/p>\n","protected":false},"featured_media":3598,"template":"","meta":[],"product_brand":[3074],"product_cat":[3179,3163],"product_tag":[3213,3174,3249,3250],"class_list":{"0":"post-920","1":"product","2":"type-product","3":"status-publish","4":"has-post-thumbnail","6":"product_brand-motorola","7":"product_cat-dp3000e","8":"product_cat-accessoires-talkies-motorola","9":"product_tag-chargeur","10":"product_tag-dp3441","11":"product_tag-dp3441e","12":"product_tag-dp3661e","14":"first","15":"instock","16":"shipping-taxable","17":"purchasable","18":"product-type-simple"},"_links":{"self":[{"href":"https:\/\/lebrascommunication.fr\/ventes\/wp-json\/wp\/v2\/product\/920","targetHints":{"allow":["GET"]}}],"collection":[{"href":"https:\/\/lebrascommunication.fr\/ventes\/wp-json\/wp\/v2\/product"}],"about":[{"href":"https:\/\/lebrascommunication.fr\/ventes\/wp-json\/wp\/v2\/types\/product"}],"wp:featuredmedia":[{"embeddable":true,"href":"https:\/\/lebrascommunication.fr\/ventes\/wp-json\/wp\/v2\/media\/3598"}],"wp:attachment":[{"href":"https:\/\/lebrascommunication.fr\/ventes\/wp-json\/wp\/v2\/media?parent=920"}],"wp:term":[{"taxonomy":"product_brand","embeddable":true,"href":"https:\/\/lebrascommunication.fr\/ventes\/wp-json\/wp\/v2\/product_brand?post=920"},{"taxonomy":"product_cat","embeddable":true,"href":"https:\/\/lebrascommunication.fr\/ventes\/wp-json\/wp\/v2\/product_cat?post=920"},{"taxonomy":"product_tag","embeddable":true,"href":"https:\/\/lebrascommunication.fr\/ventes\/wp-json\/wp\/v2\/product_tag?post=920"}],"curies":[{"name":"wp","href":"https:\/\/api.w.org\/{rel}","templated":true}]}}