{"id":914,"date":"2018-01-16T12:45:13","date_gmt":"2018-01-16T11:45:13","guid":{"rendered":"https:\/\/lebrascommunication.fr\/ventes\/produit\/casque-bluetooth-anti-bruit-actif\/"},"modified":"2026-04-16T15:21:47","modified_gmt":"2026-04-16T13:21:47","slug":"casque-bluetooth-anti-bruit-actif","status":"publish","type":"product","link":"https:\/\/lebrascommunication.fr\/ventes\/produit\/casque-bluetooth-anti-bruit-actif\/","title":{"rendered":"Casque bluetooth anti-bruit actif"},"content":{"rendered":"<p>Casque anti-bruit actif PELTOR<\/p>\n<p><strong>Caract\u00e9ristiques :<\/strong><\/p>\n<ul>\n<li>Utilisation : Re\u00e7oit et transmet<\/li>\n<li>Bluetooth : oui<\/li>\n<li>Isole tous les bruits ambiants ext\u00e9rieur sup\u00e9rieurs \u00e0 82dB<\/li>\n<\/ul>\n<p><strong>Bases mobiles ICOM compatibles :<\/strong><\/p>\n<p>Aviation :<\/p>\n<ul>\n<li>IC-A120E<\/li>\n<\/ul>\n","protected":false},"excerpt":{"rendered":"<p>Casque PELTOR bluetooth serre-t\u00eate anti-bruit actif pour l&rsquo;aviation<\/p>\n","protected":false},"featured_media":909,"template":"","meta":[],"product_brand":[3077,3725],"product_cat":[3147],"product_tag":[3597,3307,3279,3226],"class_list":{"0":"post-914","1":"product","2":"type-product","3":"status-publish","4":"has-post-thumbnail","6":"product_brand-icom","7":"product_brand-peltor","8":"product_cat-accessoires-pour-bases-mobiles-icom","9":"product_tag-aviation","10":"product_tag-bases-mobiles","11":"product_tag-bluetooth","12":"product_tag-casque","14":"first","15":"instock","16":"shipping-taxable","17":"purchasable","18":"product-type-simple"},"_links":{"self":[{"href":"https:\/\/lebrascommunication.fr\/ventes\/wp-json\/wp\/v2\/product\/914","targetHints":{"allow":["GET"]}}],"collection":[{"href":"https:\/\/lebrascommunication.fr\/ventes\/wp-json\/wp\/v2\/product"}],"about":[{"href":"https:\/\/lebrascommunication.fr\/ventes\/wp-json\/wp\/v2\/types\/product"}],"wp:featuredmedia":[{"embeddable":true,"href":"https:\/\/lebrascommunication.fr\/ventes\/wp-json\/wp\/v2\/media\/909"}],"wp:attachment":[{"href":"https:\/\/lebrascommunication.fr\/ventes\/wp-json\/wp\/v2\/media?parent=914"}],"wp:term":[{"taxonomy":"product_brand","embeddable":true,"href":"https:\/\/lebrascommunication.fr\/ventes\/wp-json\/wp\/v2\/product_brand?post=914"},{"taxonomy":"product_cat","embeddable":true,"href":"https:\/\/lebrascommunication.fr\/ventes\/wp-json\/wp\/v2\/product_cat?post=914"},{"taxonomy":"product_tag","embeddable":true,"href":"https:\/\/lebrascommunication.fr\/ventes\/wp-json\/wp\/v2\/product_tag?post=914"}],"curies":[{"name":"wp","href":"https:\/\/api.w.org\/{rel}","templated":true}]}}