{"id":912,"date":"2017-08-02T12:10:02","date_gmt":"2017-08-02T10:10:02","guid":{"rendered":"https:\/\/lebrascommunication.fr\/ventes\/produit\/batterie-li-ion-1650mah-dp2000-dp4000\/"},"modified":"2025-12-23T13:52:18","modified_gmt":"2025-12-23T12:52:18","slug":"batterie-li-ion-1650mah-dp2000-dp4000","status":"publish","type":"product","link":"https:\/\/lebrascommunication.fr\/ventes\/produit\/batterie-li-ion-1650mah-dp2000-dp4000\/","title":{"rendered":"Batterie Li-Ion 1650mAh DP2000, DP4000"},"content":{"rendered":"<p>Batterie\u00a0 Li-Ion 1650mAh pour les gammes de talkies DP2000 et DP4000 ainsi que les nouvelles s\u00e9ries \u00ab\u00a0e\u00a0\u00bb.<\/p>\n<p>Pince de ceinture vendue s\u00e9par\u00e9ment.<\/p>\n<p><strong>Caract\u00e9ristiques :<\/strong><\/p>\n<ul>\n<li>Type : Li-Ion<\/li>\n<li>Capacit\u00e9 : 1650 mAh<\/li>\n<li>Autonomie avec la gamme DP2000 Analogiques : 8h<\/li>\n<li>Autonomie avec la gamme DP2000 Num\u00e9rique : 11h30<\/li>\n<li>Autonomie avec la gamme DP2000e Analogiques : 11h30<\/li>\n<li>Autonomie avec la gamme DP2000e Num\u00e9rique : 15h<\/li>\n<li>Autonomie avec la gamme DP4000 Analogiques : 8h<\/li>\n<li>Autonomie avec la gamme DP4000 Num\u00e9rique :11h30<\/li>\n<li>Autonomie avec la gamme DP4000e Analogiques : 11h30<\/li>\n<li>Autonomie avec la gamme DP4000e Num\u00e9rique : 15h<\/li>\n<li>Batterie intelligente : non<\/li>\n<li>M\u00e9moire de charge : non<\/li>\n<li>Temp\u00e9ratures d&rsquo;utilisation : -10\u00b0c \u00e0 +60\u00b0c<\/li>\n<li>Standard de s\u00e9curit\u00e9 intrins\u00e8que : non<\/li>\n<li>Indice de protection : IP68 (submersible)<\/li>\n<\/ul>\n<p><strong>Dimensions : <\/strong>113 x 52 x 18 mm<\/p>\n<p><strong>Poids : <\/strong>125g<\/p>\n<p><strong>Notre avis : <\/strong>Pour une utilisation intensive ou sur le long terme, nous vous conseillons de privil\u00e9gier les batteries Li-Ion.<\/p>\n<p>Les batteries Ni-MH ayant une m\u00e9moire de charge, leur dur\u00e9e de vie ne d\u00e9passe g\u00e9n\u00e9ralement pas 3 ans.<\/p>\n<p>A intensit\u00e9 \u00e9gale, la batterie Li-Ion offre une autonomie sup\u00e9rieure ainsi qu&rsquo;un format et un poids r\u00e9duits. Sa dur\u00e9e de vie est en moyenne sup\u00e9rieure de 2 ans.<\/p>\n<p>Les batteries Ni-MH pr\u00e9sentent un int\u00e9r\u00eat en cas de climats tr\u00e8s froids (-20\u00b0C), en cas d&rsquo;import-export (conditionnement et tarifs) et son co\u00fbt peut convenir \u00e0 tout type de budget.<\/p>\n","protected":false},"excerpt":{"rendered":"<p>Batterie Li-Ion 1650mAh pour les gammes de talkies DP2000 et DP4000 ainsi que les nouvelles s\u00e9ries \u00ab\u00a0e\u00a0\u00bb.<\/p>\n","protected":false},"featured_media":899,"template":"","meta":[],"product_brand":[3074],"product_cat":[3177,3163],"product_tag":[3429,3175,3203,3225],"class_list":{"0":"post-912","1":"product","2":"type-product","3":"status-publish","4":"has-post-thumbnail","6":"product_brand-motorola","7":"product_cat-r5-dp2000e","8":"product_cat-accessoires-talkies-motorola","9":"product_tag-1650mah","10":"product_tag-batterie","11":"product_tag-dp2000","12":"product_tag-dp4000","14":"first","15":"instock","16":"shipping-taxable","17":"purchasable","18":"product-type-simple"},"_links":{"self":[{"href":"https:\/\/lebrascommunication.fr\/ventes\/wp-json\/wp\/v2\/product\/912","targetHints":{"allow":["GET"]}}],"collection":[{"href":"https:\/\/lebrascommunication.fr\/ventes\/wp-json\/wp\/v2\/product"}],"about":[{"href":"https:\/\/lebrascommunication.fr\/ventes\/wp-json\/wp\/v2\/types\/product"}],"wp:featuredmedia":[{"embeddable":true,"href":"https:\/\/lebrascommunication.fr\/ventes\/wp-json\/wp\/v2\/media\/899"}],"wp:attachment":[{"href":"https:\/\/lebrascommunication.fr\/ventes\/wp-json\/wp\/v2\/media?parent=912"}],"wp:term":[{"taxonomy":"product_brand","embeddable":true,"href":"https:\/\/lebrascommunication.fr\/ventes\/wp-json\/wp\/v2\/product_brand?post=912"},{"taxonomy":"product_cat","embeddable":true,"href":"https:\/\/lebrascommunication.fr\/ventes\/wp-json\/wp\/v2\/product_cat?post=912"},{"taxonomy":"product_tag","embeddable":true,"href":"https:\/\/lebrascommunication.fr\/ventes\/wp-json\/wp\/v2\/product_tag?post=912"}],"curies":[{"name":"wp","href":"https:\/\/api.w.org\/{rel}","templated":true}]}}