{"id":911,"date":"2020-05-05T15:56:35","date_gmt":"2020-05-05T13:56:35","guid":{"rendered":"https:\/\/lebrascommunication.fr\/ventes\/produit\/licence-blocage-d-emission-transmit-inhibit-2\/"},"modified":"2025-12-19T15:06:01","modified_gmt":"2025-12-19T14:06:01","slug":"licence-blocage-d-emission-transmit-inhibit-2","status":"publish","type":"product","link":"https:\/\/lebrascommunication.fr\/ventes\/produit\/licence-blocage-d-emission-transmit-inhibit-2\/","title":{"rendered":"Licence blocage d&rsquo;\u00e9mission Transmit inhibit"},"content":{"rendered":"<p>Licence de blocage d&rsquo;\u00e9mission (Transmit Inhibit) pour radios DP2000, DP4000, DP4000 ATEX, DP3441-DP3661e, SL1600, SL2600, SL4000, DM2600, DM4000, et versions \u00ab\u00a0e\u00a0\u00bb.<\/p>\n<p>Cette licence\u00a0permet\u00a0\u00e0 un utilisateur de manuellement bloquer les \u00e9missions de sa radio. Effectivement\u00a0avec certains syst\u00e8mes DMR la radio \u00e9mets des donn\u00e9es\u00a0par elle-m\u00eame. Par exemple pour les changements de sites, la g\u00e9olocalisation, les messages texte&#8230; Ce silence radio sert pour des interventions o\u00f9 les signaux radios pourraient nuire \u00e0 certains \u00e9quipements ou pourraient \u00eatre d\u00e9tect\u00e9s.<\/p>\n<p>Licence offerte sur les mod\u00e8les \u00ab\u00a0e\u00a0\u00bb vendus apr\u00e8s Novembre 2019.<\/p>\n<p>Une licence n\u00e9cessaire par poste.<\/p>\n<p><strong>Attention : <\/strong>pour activer vous m\u00eame une licence, le logiciel CPS, le ou les c\u00e2bles de programmation compatibles avec vos radios, une connexion internet ainsi que le code fournit \u00e0 l&rsquo;achat de la licence seront n\u00e9cessaires.<\/p>\n<p><strong>Sinon, chez LBC Systems l&rsquo;activation des licences est gratuite !<\/strong><\/p>\n","protected":false},"excerpt":{"rendered":"<p>Licence de blocage d&rsquo;\u00e9mission (ou Transmit inhibit) pour radios DP2000, DP4000, DP4000 ATEX, DP3441-DP3661e, SL4000, DM4000, et versions \u00ab\u00a0e\u00a0\u00bb.<\/p>\n","protected":false},"featured_media":910,"template":"","meta":[],"product_brand":[3074],"product_cat":[3096],"product_tag":[3373,3338,3203,3372,3225,3257,3223,3224,3220],"class_list":{"0":"post-911","1":"product","2":"type-product","3":"status-publish","4":"has-post-thumbnail","6":"product_brand-motorola","7":"product_cat-accessoires-relais-motorola","8":"product_tag-dm2600","9":"product_tag-dm4000","10":"product_tag-dp2000","11":"product_tag-dp3441-dp3661e","12":"product_tag-dp4000","13":"product_tag-licence","14":"product_tag-sl1600","15":"product_tag-sl2600","16":"product_tag-sl4000","18":"first","19":"instock","20":"shipping-taxable","21":"purchasable","22":"product-type-simple"},"_links":{"self":[{"href":"https:\/\/lebrascommunication.fr\/ventes\/wp-json\/wp\/v2\/product\/911","targetHints":{"allow":["GET"]}}],"collection":[{"href":"https:\/\/lebrascommunication.fr\/ventes\/wp-json\/wp\/v2\/product"}],"about":[{"href":"https:\/\/lebrascommunication.fr\/ventes\/wp-json\/wp\/v2\/types\/product"}],"wp:featuredmedia":[{"embeddable":true,"href":"https:\/\/lebrascommunication.fr\/ventes\/wp-json\/wp\/v2\/media\/910"}],"wp:attachment":[{"href":"https:\/\/lebrascommunication.fr\/ventes\/wp-json\/wp\/v2\/media?parent=911"}],"wp:term":[{"taxonomy":"product_brand","embeddable":true,"href":"https:\/\/lebrascommunication.fr\/ventes\/wp-json\/wp\/v2\/product_brand?post=911"},{"taxonomy":"product_cat","embeddable":true,"href":"https:\/\/lebrascommunication.fr\/ventes\/wp-json\/wp\/v2\/product_cat?post=911"},{"taxonomy":"product_tag","embeddable":true,"href":"https:\/\/lebrascommunication.fr\/ventes\/wp-json\/wp\/v2\/product_tag?post=911"}],"curies":[{"name":"wp","href":"https:\/\/api.w.org\/{rel}","templated":true}]}}