{"id":891,"date":"2020-05-05T14:14:21","date_gmt":"2020-05-05T12:14:21","guid":{"rendered":"https:\/\/lebrascommunication.fr\/ventes\/produit\/licence-indoor-location-ou-geolocalisation-en-interieur\/"},"modified":"2025-12-24T10:51:36","modified_gmt":"2025-12-24T09:51:36","slug":"licence-indoor-location-ou-geolocalisation-en-interieur","status":"publish","type":"product","link":"https:\/\/lebrascommunication.fr\/ventes\/produit\/licence-indoor-location-ou-geolocalisation-en-interieur\/","title":{"rendered":"Licence Indoor Location"},"content":{"rendered":"<p>Licence Bluetooth discoverable pour radios DP4401, DP4601, DP4801, DP3441, DP3661, SL4000, SL4010, DM4401, DM4601, et versions \u00ab\u00a0e\u00a0\u00bb.<\/p>\n<p>Cette licence\u00a0permet la g\u00e9olocalisation en int\u00e9rieur pour certaines applications, en utilisant des balises bluetooth ibeacon a placer dans chaque pi\u00e8ce ainsi qu&rsquo;un logiciel r\u00e9cup\u00e9rant les donn\u00e9es. Voir nos pages <a href=\"http:\/\/lbc-systems.com\/46-geolocalisation\">g\u00e9olocalisation<\/a>.<\/p>\n<p>Cette licence est offerte sur les mod\u00e8le \u00ab\u00a0e\u00a0\u00bb vendus apr\u00e8s Novembre 2019.<\/p>\n<p>Une licence n\u00e9cessaire par poste.<\/p>\n<p><strong>Attention : <\/strong>pour activer vous m\u00eame une licence, le logiciel CPS, le ou les c\u00e2bles de programmation compatibles avec vos radios, une connexion internet ainsi que le code fournit \u00e0 l&rsquo;achat de la licence seront n\u00e9cessaires.<\/p>\n<p><strong>Sinon, chez LBC Systems l&rsquo;activation des licences est gratuite !<\/strong><\/p>\n","protected":false},"excerpt":{"rendered":"<p>Licence\u00a0Indoor location pour radios DP4001, DP3441-DP3661e, SL4000, et versions \u00ab\u00a0e\u00a0\u00bb.<\/p>\n","protected":false},"featured_media":889,"template":"","meta":[],"product_brand":[3074],"product_cat":[3163],"product_tag":[3279,3174,3249,3193,3250,3457,3458,3459,3257],"class_list":{"0":"post-891","1":"product","2":"type-product","3":"status-publish","4":"has-post-thumbnail","6":"product_brand-motorola","7":"product_cat-accessoires-talkies-motorola","8":"product_tag-bluetooth","9":"product_tag-dp3441","10":"product_tag-dp3441e","11":"product_tag-dp3661","12":"product_tag-dp3661e","13":"product_tag-dp4401","14":"product_tag-dp4601","15":"product_tag-dp4801","16":"product_tag-licence","18":"first","19":"instock","20":"shipping-taxable","21":"purchasable","22":"product-type-simple"},"_links":{"self":[{"href":"https:\/\/lebrascommunication.fr\/ventes\/wp-json\/wp\/v2\/product\/891","targetHints":{"allow":["GET"]}}],"collection":[{"href":"https:\/\/lebrascommunication.fr\/ventes\/wp-json\/wp\/v2\/product"}],"about":[{"href":"https:\/\/lebrascommunication.fr\/ventes\/wp-json\/wp\/v2\/types\/product"}],"wp:featuredmedia":[{"embeddable":true,"href":"https:\/\/lebrascommunication.fr\/ventes\/wp-json\/wp\/v2\/media\/889"}],"wp:attachment":[{"href":"https:\/\/lebrascommunication.fr\/ventes\/wp-json\/wp\/v2\/media?parent=891"}],"wp:term":[{"taxonomy":"product_brand","embeddable":true,"href":"https:\/\/lebrascommunication.fr\/ventes\/wp-json\/wp\/v2\/product_brand?post=891"},{"taxonomy":"product_cat","embeddable":true,"href":"https:\/\/lebrascommunication.fr\/ventes\/wp-json\/wp\/v2\/product_cat?post=891"},{"taxonomy":"product_tag","embeddable":true,"href":"https:\/\/lebrascommunication.fr\/ventes\/wp-json\/wp\/v2\/product_tag?post=891"}],"curies":[{"name":"wp","href":"https:\/\/api.w.org\/{rel}","templated":true}]}}