{"id":884,"date":"2020-05-05T12:35:25","date_gmt":"2020-05-05T10:35:25","guid":{"rendered":"https:\/\/lebrascommunication.fr\/ventes\/produit\/licence-ip-site-connect-2\/"},"modified":"2026-02-19T14:30:20","modified_gmt":"2026-02-19T13:30:20","slug":"licence-ip-site-connect-2","status":"publish","type":"product","link":"https:\/\/lebrascommunication.fr\/ventes\/produit\/licence-ip-site-connect-2\/","title":{"rendered":"Licence signalisation 5 tons"},"content":{"rendered":"<p>Licence signalisation 5 tons pour SL1600<\/p>\n<p>Cette licence permet \u00e0 la radio d&rsquo;\u00eatre compatible avec la signalisation 5 tons.<\/p>\n<p>Une licence n\u00e9cessaire par poste.<\/p>\n<p><strong>Attention : <\/strong>pour activer vous m\u00eame une licence, le logiciel CPS, le ou les c\u00e2bles de programmation compatibles avec vos radios, une connexion internet ainsi que le code fournit \u00e0 l&rsquo;achat de la licence seront n\u00e9cessaires.<\/p>\n<p><strong>Sinon, chez LBC Systems l&rsquo;activation des licences est gratuite!<\/strong><\/p>\n","protected":false},"excerpt":{"rendered":"<p>Licence signalisation 5 tons pour SL1600<\/p>\n","protected":false},"featured_media":881,"template":"","meta":[],"product_brand":[3074],"product_cat":[3181],"product_tag":[3900,3257,3899,3223],"class_list":{"0":"post-884","1":"product","2":"type-product","3":"status-publish","4":"has-post-thumbnail","6":"product_brand-motorola","7":"product_cat-sl-tlk","8":"product_tag-5-tons","9":"product_tag-licence","10":"product_tag-signalisation","11":"product_tag-sl1600","13":"first","14":"instock","15":"shipping-taxable","16":"purchasable","17":"product-type-simple"},"_links":{"self":[{"href":"https:\/\/lebrascommunication.fr\/ventes\/wp-json\/wp\/v2\/product\/884","targetHints":{"allow":["GET"]}}],"collection":[{"href":"https:\/\/lebrascommunication.fr\/ventes\/wp-json\/wp\/v2\/product"}],"about":[{"href":"https:\/\/lebrascommunication.fr\/ventes\/wp-json\/wp\/v2\/types\/product"}],"wp:featuredmedia":[{"embeddable":true,"href":"https:\/\/lebrascommunication.fr\/ventes\/wp-json\/wp\/v2\/media\/881"}],"wp:attachment":[{"href":"https:\/\/lebrascommunication.fr\/ventes\/wp-json\/wp\/v2\/media?parent=884"}],"wp:term":[{"taxonomy":"product_brand","embeddable":true,"href":"https:\/\/lebrascommunication.fr\/ventes\/wp-json\/wp\/v2\/product_brand?post=884"},{"taxonomy":"product_cat","embeddable":true,"href":"https:\/\/lebrascommunication.fr\/ventes\/wp-json\/wp\/v2\/product_cat?post=884"},{"taxonomy":"product_tag","embeddable":true,"href":"https:\/\/lebrascommunication.fr\/ventes\/wp-json\/wp\/v2\/product_tag?post=884"}],"curies":[{"name":"wp","href":"https:\/\/api.w.org\/{rel}","templated":true}]}}