{"id":865,"date":"2020-05-03T22:30:52","date_gmt":"2020-05-03T20:30:52","guid":{"rendered":"https:\/\/lebrascommunication.fr\/ventes\/produit\/licence-relais-telephone-patch\/"},"modified":"2026-01-27T10:53:45","modified_gmt":"2026-01-27T09:53:45","slug":"licence-relais-telephone-patch","status":"publish","type":"product","link":"https:\/\/lebrascommunication.fr\/ventes\/produit\/licence-relais-telephone-patch\/","title":{"rendered":"Licence relais t\u00e9l\u00e9phone patch"},"content":{"rendered":"<p>Licence relais\u00a0T\u00e9l\u00e9phone pacth\u00a0pour DR3000, SLR1000, et SLR5500.<\/p>\n<p>Cette licence permet de relier votre relais \u00e0 une ligne t\u00e9l\u00e9phonique afin de pouvoir recevoir ou passer des appels t\u00e9l\u00e9phoniques depuis vos talkies ou mobiles. Il faudra aussi pr\u00e9voir une interface t\u00e9l\u00e9phonique pour le branchement du relais \u00e0 la ligne t\u00e9l\u00e9phonique.<\/p>\n<p>Attention, lorsqu&rsquo;une conversation est en cours entre talkies, la ligne t\u00e9l\u00e9phonique sonne occup\u00e9e.<\/p>\n<p>Une licence n\u00e9cessaire par relais.<\/p>\n<p><strong>Attention :\u00a0<\/strong>pour activer vous m\u00eame une licence, le logiciel CPS, le ou les c\u00e2bles de programmation compatibles avec vos radios, une connexion internet ainsi que le code fournit \u00e0 l&rsquo;achat de la licence seront n\u00e9cessaires.<\/p>\n<p><strong>Sinon, chez Le Bras Communication l&rsquo;activation des licences est gratuite !<\/strong><\/p>\n","protected":false},"excerpt":{"rendered":"<p>Licence relais\u00a0T\u00e9l\u00e9phone pacth\u00a0pour DR3000, SLR1000, et SLR5500.<\/p>\n","protected":false},"featured_media":863,"template":"","meta":[],"product_brand":[3074],"product_cat":[3184,3096,3185],"product_tag":[3243,3257,3219,3201,3245],"class_list":{"0":"post-865","1":"product","2":"type-product","3":"status-publish","4":"has-post-thumbnail","6":"product_brand-motorola","7":"product_cat-slr1000","8":"product_cat-accessoires-relais-motorola","9":"product_cat-slr5500-slr8000","10":"product_tag-dr3000","11":"product_tag-licence","12":"product_tag-relais","13":"product_tag-slr1000","14":"product_tag-slr5500","16":"first","17":"instock","18":"shipping-taxable","19":"purchasable","20":"product-type-simple"},"_links":{"self":[{"href":"https:\/\/lebrascommunication.fr\/ventes\/wp-json\/wp\/v2\/product\/865","targetHints":{"allow":["GET"]}}],"collection":[{"href":"https:\/\/lebrascommunication.fr\/ventes\/wp-json\/wp\/v2\/product"}],"about":[{"href":"https:\/\/lebrascommunication.fr\/ventes\/wp-json\/wp\/v2\/types\/product"}],"wp:featuredmedia":[{"embeddable":true,"href":"https:\/\/lebrascommunication.fr\/ventes\/wp-json\/wp\/v2\/media\/863"}],"wp:attachment":[{"href":"https:\/\/lebrascommunication.fr\/ventes\/wp-json\/wp\/v2\/media?parent=865"}],"wp:term":[{"taxonomy":"product_brand","embeddable":true,"href":"https:\/\/lebrascommunication.fr\/ventes\/wp-json\/wp\/v2\/product_brand?post=865"},{"taxonomy":"product_cat","embeddable":true,"href":"https:\/\/lebrascommunication.fr\/ventes\/wp-json\/wp\/v2\/product_cat?post=865"},{"taxonomy":"product_tag","embeddable":true,"href":"https:\/\/lebrascommunication.fr\/ventes\/wp-json\/wp\/v2\/product_tag?post=865"}],"curies":[{"name":"wp","href":"https:\/\/api.w.org\/{rel}","templated":true}]}}