{"id":850,"date":"2020-05-03T21:27:43","date_gmt":"2020-05-03T19:27:43","guid":{"rendered":"https:\/\/lebrascommunication.fr\/ventes\/produit\/licence-relais-capacity-plus\/"},"modified":"2026-01-26T15:17:39","modified_gmt":"2026-01-26T14:17:39","slug":"licence-relais-capacity-plus","status":"publish","type":"product","link":"https:\/\/lebrascommunication.fr\/ventes\/produit\/licence-relais-capacity-plus\/","title":{"rendered":"Licence relais Capacity +"},"content":{"rendered":"<p>Licence relais Capacity + pour DR3000, SLR1000, et SLR5500.<\/p>\n<p>Cette licence permet\u00a0d&rsquo;ajouter la fonction\u00a0Motorola Capacity + au relais. Ce syst\u00e8me partage les canaux et s\u00e9pare les appels s\u00e9lectifs afin de ne pas encombrer les canaux.<\/p>\n<p>Une licence n\u00e9cessaire par relais.<\/p>\n<p>Les talkies et mobiles doivent aussi avoir cette fonction pour \u00eatre compatible.<\/p>\n<p>R\u00e9f\u00e9rence diff\u00e9rente pour les relais MTR3000 et SLR8000:\u00a0HKVN4045A<\/p>\n<p><strong>Attention :\u00a0<\/strong>pour activer vous m\u00eame une licence, le logiciel CPS, le ou les c\u00e2bles de programmation compatibles avec vos radios, une connexion internet ainsi que le code fournit \u00e0 l&rsquo;achat de la licence seront n\u00e9cessaires.<\/p>\n<p><strong>Sinon, chez LBC l&rsquo;activation des licences est gratuite !<\/strong><\/p>\n","protected":false},"excerpt":{"rendered":"<p>Licence relais Capacity + pour DR3000, SLR1000, et SLR5500.<\/p>\n","protected":false},"featured_media":847,"template":"","meta":[],"product_brand":[3074],"product_cat":[3096],"product_tag":[3733,3243,3257,3219,3201,3245],"class_list":{"0":"post-850","1":"product","2":"type-product","3":"status-publish","4":"has-post-thumbnail","6":"product_brand-motorola","7":"product_cat-accessoires-relais-motorola","8":"product_tag-capacity","9":"product_tag-dr3000","10":"product_tag-licence","11":"product_tag-relais","12":"product_tag-slr1000","13":"product_tag-slr5500","15":"first","16":"instock","17":"shipping-taxable","18":"purchasable","19":"product-type-simple"},"_links":{"self":[{"href":"https:\/\/lebrascommunication.fr\/ventes\/wp-json\/wp\/v2\/product\/850","targetHints":{"allow":["GET"]}}],"collection":[{"href":"https:\/\/lebrascommunication.fr\/ventes\/wp-json\/wp\/v2\/product"}],"about":[{"href":"https:\/\/lebrascommunication.fr\/ventes\/wp-json\/wp\/v2\/types\/product"}],"wp:featuredmedia":[{"embeddable":true,"href":"https:\/\/lebrascommunication.fr\/ventes\/wp-json\/wp\/v2\/media\/847"}],"wp:attachment":[{"href":"https:\/\/lebrascommunication.fr\/ventes\/wp-json\/wp\/v2\/media?parent=850"}],"wp:term":[{"taxonomy":"product_brand","embeddable":true,"href":"https:\/\/lebrascommunication.fr\/ventes\/wp-json\/wp\/v2\/product_brand?post=850"},{"taxonomy":"product_cat","embeddable":true,"href":"https:\/\/lebrascommunication.fr\/ventes\/wp-json\/wp\/v2\/product_cat?post=850"},{"taxonomy":"product_tag","embeddable":true,"href":"https:\/\/lebrascommunication.fr\/ventes\/wp-json\/wp\/v2\/product_tag?post=850"}],"curies":[{"name":"wp","href":"https:\/\/api.w.org\/{rel}","templated":true}]}}