{"id":846,"date":"2018-11-22T16:09:02","date_gmt":"2018-11-22T15:09:02","guid":{"rendered":"https:\/\/lebrascommunication.fr\/ventes\/produit\/cable-de-test\/"},"modified":"2025-12-24T10:37:04","modified_gmt":"2025-12-24T09:37:04","slug":"cable-de-test","status":"publish","type":"product","link":"https:\/\/lebrascommunication.fr\/ventes\/produit\/cable-de-test\/","title":{"rendered":"C\u00e2ble de test"},"content":{"rendered":"<p>C\u00e2ble de test, \u00e0 utiliser via le connecteur arri\u00e8re.<\/p>\n<p>Compatibilit\u00e9 : SLR5500<\/p>\n","protected":false},"excerpt":{"rendered":"<p>C\u00e2ble de test<\/p>\n","protected":false},"featured_media":3639,"template":"","meta":[],"product_brand":[3075],"product_cat":[3096,3185],"product_tag":[3469,3245],"class_list":{"0":"post-846","1":"product","2":"type-product","3":"status-publish","4":"has-post-thumbnail","6":"product_brand-kenwood","7":"product_cat-accessoires-relais-motorola","8":"product_cat-slr5500-slr8000","9":"product_tag-cable-de-test","10":"product_tag-slr5500","12":"first","13":"instock","14":"shipping-taxable","15":"purchasable","16":"product-type-simple"},"_links":{"self":[{"href":"https:\/\/lebrascommunication.fr\/ventes\/wp-json\/wp\/v2\/product\/846","targetHints":{"allow":["GET"]}}],"collection":[{"href":"https:\/\/lebrascommunication.fr\/ventes\/wp-json\/wp\/v2\/product"}],"about":[{"href":"https:\/\/lebrascommunication.fr\/ventes\/wp-json\/wp\/v2\/types\/product"}],"wp:featuredmedia":[{"embeddable":true,"href":"https:\/\/lebrascommunication.fr\/ventes\/wp-json\/wp\/v2\/media\/3639"}],"wp:attachment":[{"href":"https:\/\/lebrascommunication.fr\/ventes\/wp-json\/wp\/v2\/media?parent=846"}],"wp:term":[{"taxonomy":"product_brand","embeddable":true,"href":"https:\/\/lebrascommunication.fr\/ventes\/wp-json\/wp\/v2\/product_brand?post=846"},{"taxonomy":"product_cat","embeddable":true,"href":"https:\/\/lebrascommunication.fr\/ventes\/wp-json\/wp\/v2\/product_cat?post=846"},{"taxonomy":"product_tag","embeddable":true,"href":"https:\/\/lebrascommunication.fr\/ventes\/wp-json\/wp\/v2\/product_tag?post=846"}],"curies":[{"name":"wp","href":"https:\/\/api.w.org\/{rel}","templated":true}]}}