{"id":840,"date":"2020-05-03T16:42:28","date_gmt":"2020-05-03T14:42:28","guid":{"rendered":"https:\/\/lebrascommunication.fr\/ventes\/produit\/licence-mute-mode\/"},"modified":"2025-12-22T15:31:38","modified_gmt":"2025-12-22T14:31:38","slug":"licence-mute-mode","status":"publish","type":"product","link":"https:\/\/lebrascommunication.fr\/ventes\/produit\/licence-mute-mode\/","title":{"rendered":"Licence mute mode"},"content":{"rendered":"<p>Licence\u00a0mute mode\u00a0pour radios DP2000, DP4000, DP4000 ATEX, DP3441-DP3661e, SL1600, SL2600, SL4000, DM2000, DM4000, et versions \u00ab\u00a0e\u00a0\u00bb.<\/p>\n<p>Cette licence permet de programmer un bouton de la radio pour couper le son lorsque vous entrez dans un milieux qui n\u00e9cessite le silence.<\/p>\n<p>Licence offerte sur les mod\u00e8les \u00ab\u00a0e\u00a0\u00bb vendus apr\u00e8s Novembre 2019.<\/p>\n<p>Une licence n\u00e9cessaire par poste.<\/p>\n<p><strong>Attention : <\/strong>pour activer vous m\u00eame une licence, le logiciel CPS, le ou les c\u00e2bles de programmation compatibles avec vos radios, une connexion internet ainsi que le code fournit \u00e0 l&rsquo;achat de la licence seront n\u00e9cessaires.<\/p>\n<p><strong>Sinon, chez LBC Systems l&rsquo;activation des licences est gratuite !<\/strong><\/p>\n","protected":false},"excerpt":{"rendered":"<p>Licence\u00a0mute mode pour radios DP2000, DP4000, DP4000 ATEX, DP3441-DP3661e, SL1600, SL2600, SL4000, DM2000, DM4000, et versions \u00ab\u00a0e\u00a0\u00bb.<\/p>\n","protected":false},"featured_media":839,"template":"","meta":[],"product_brand":[3074],"product_cat":[3179,3163],"product_tag":[3285,3338,3372,3225,3374,3257,3223,3224,3220],"class_list":{"0":"post-840","1":"product","2":"type-product","3":"status-publish","4":"has-post-thumbnail","6":"product_brand-motorola","7":"product_cat-dp3000e","8":"product_cat-accessoires-talkies-motorola","9":"product_tag-dm2000","10":"product_tag-dm4000","11":"product_tag-dp3441-dp3661e","12":"product_tag-dp4000","13":"product_tag-dp4000-atex","14":"product_tag-licence","15":"product_tag-sl1600","16":"product_tag-sl2600","17":"product_tag-sl4000","19":"first","20":"instock","21":"shipping-taxable","22":"purchasable","23":"product-type-simple"},"_links":{"self":[{"href":"https:\/\/lebrascommunication.fr\/ventes\/wp-json\/wp\/v2\/product\/840","targetHints":{"allow":["GET"]}}],"collection":[{"href":"https:\/\/lebrascommunication.fr\/ventes\/wp-json\/wp\/v2\/product"}],"about":[{"href":"https:\/\/lebrascommunication.fr\/ventes\/wp-json\/wp\/v2\/types\/product"}],"wp:featuredmedia":[{"embeddable":true,"href":"https:\/\/lebrascommunication.fr\/ventes\/wp-json\/wp\/v2\/media\/839"}],"wp:attachment":[{"href":"https:\/\/lebrascommunication.fr\/ventes\/wp-json\/wp\/v2\/media?parent=840"}],"wp:term":[{"taxonomy":"product_brand","embeddable":true,"href":"https:\/\/lebrascommunication.fr\/ventes\/wp-json\/wp\/v2\/product_brand?post=840"},{"taxonomy":"product_cat","embeddable":true,"href":"https:\/\/lebrascommunication.fr\/ventes\/wp-json\/wp\/v2\/product_cat?post=840"},{"taxonomy":"product_tag","embeddable":true,"href":"https:\/\/lebrascommunication.fr\/ventes\/wp-json\/wp\/v2\/product_tag?post=840"}],"curies":[{"name":"wp","href":"https:\/\/api.w.org\/{rel}","templated":true}]}}