{"id":833,"date":"2020-05-03T16:37:43","date_gmt":"2020-05-03T14:37:43","guid":{"rendered":"https:\/\/lebrascommunication.fr\/ventes\/produit\/licence-premium-software-dp2000e\/"},"modified":"2025-12-22T15:44:13","modified_gmt":"2025-12-22T14:44:13","slug":"licence-premium-software-dp2000e","status":"publish","type":"product","link":"https:\/\/lebrascommunication.fr\/ventes\/produit\/licence-premium-software-dp2000e\/","title":{"rendered":"Licence Premium DP2000e"},"content":{"rendered":"<p>Licence\u00a0Premium Software features\u00a0pour radios\u00a0DP2400e et DP2600e.<\/p>\n<p>Cette licence\u00a0comprend les licences\u00a0HKVN4371A, HKVN4497A, HKVN4498A, HKVN4499A, HKVN4060A et KVN4059A.<\/p>\n<p>Une licence n\u00e9cessaire par poste.<\/p>\n<p><strong>Attention : <\/strong>pour activer vous m\u00eame une licence, le logiciel CPS, le ou les c\u00e2bles de programmation compatibles avec vos radios, une connexion internet ainsi que le code fournit \u00e0 l&rsquo;achat de la licence seront n\u00e9cessaires.<\/p>\n<p><strong>Sinon, chez LBC Systems l&rsquo;activation des licences est gratuite !<\/strong><\/p>\n","protected":false},"excerpt":{"rendered":"<p>Licence\u00a0Premium Software features pour radios\u00a0DP2400e et DP2600e.<\/p>\n","protected":false},"featured_media":831,"template":"","meta":[],"product_brand":[3074],"product_cat":[3095],"product_tag":[3385,3390,3386,3387,3388,3389,3391,3257,3384],"class_list":{"0":"post-833","1":"product","2":"type-product","3":"status-publish","4":"has-post-thumbnail","6":"product_brand-motorola","7":"product_cat-relais-motorola","8":"product_tag-dp2400e-et-dp2600e","9":"product_tag-hkvn4060a","10":"product_tag-hkvn4371a","11":"product_tag-hkvn4497a","12":"product_tag-hkvn4498a","13":"product_tag-hkvn4499a","14":"product_tag-kvn4059a","15":"product_tag-licence","16":"product_tag-prenium","18":"first","19":"instock","20":"shipping-taxable","21":"purchasable","22":"product-type-simple"},"_links":{"self":[{"href":"https:\/\/lebrascommunication.fr\/ventes\/wp-json\/wp\/v2\/product\/833","targetHints":{"allow":["GET"]}}],"collection":[{"href":"https:\/\/lebrascommunication.fr\/ventes\/wp-json\/wp\/v2\/product"}],"about":[{"href":"https:\/\/lebrascommunication.fr\/ventes\/wp-json\/wp\/v2\/types\/product"}],"wp:featuredmedia":[{"embeddable":true,"href":"https:\/\/lebrascommunication.fr\/ventes\/wp-json\/wp\/v2\/media\/831"}],"wp:attachment":[{"href":"https:\/\/lebrascommunication.fr\/ventes\/wp-json\/wp\/v2\/media?parent=833"}],"wp:term":[{"taxonomy":"product_brand","embeddable":true,"href":"https:\/\/lebrascommunication.fr\/ventes\/wp-json\/wp\/v2\/product_brand?post=833"},{"taxonomy":"product_cat","embeddable":true,"href":"https:\/\/lebrascommunication.fr\/ventes\/wp-json\/wp\/v2\/product_cat?post=833"},{"taxonomy":"product_tag","embeddable":true,"href":"https:\/\/lebrascommunication.fr\/ventes\/wp-json\/wp\/v2\/product_tag?post=833"}],"curies":[{"name":"wp","href":"https:\/\/api.w.org\/{rel}","templated":true}]}}