{"id":830,"date":"2018-11-19T16:00:16","date_gmt":"2018-11-19T15:00:16","guid":{"rendered":"https:\/\/lebrascommunication.fr\/ventes\/produit\/cable-de-test-connecteur-arriere\/"},"modified":"2026-04-07T12:19:00","modified_gmt":"2026-04-07T10:19:00","slug":"cable-de-test-connecteur-arriere","status":"publish","type":"product","link":"https:\/\/lebrascommunication.fr\/ventes\/produit\/cable-de-test-connecteur-arriere\/","title":{"rendered":"C\u00e2ble de test connecteur arri\u00e8re"},"content":{"rendered":"<p>C\u00e2ble de test pour une utilisation via\u00a0le connecteur\u00a0arri\u00e8re de la radio<\/p>\n<p>Map 20 pins<\/p>\n<p>A UTILISER\u00a0AVEC\u00a0<a href=\"http:\/\/lbc-systems.com\/programmation-licences-dm2000\/1052-cable-de-programmation.html\">PMKN4147<\/a><\/p>\n<p>Compatibilit\u00e9s : s\u00e9ries DM1000, DM2000, DM3000, DM4000<\/p>\n","protected":false},"excerpt":{"rendered":"<p>C\u00e2ble de test pour une utilisation via le connecteur\u00a0arri\u00e8re de la radio<\/p>\n<p>A UTILISER AVEC\u00a0<a href=\"http:\/\/lbc-systems.com\/programmation-licences-dm2000\/1052-cable-de-programmation.html\">PMKN4147<\/a><\/p>\n","protected":false},"featured_media":0,"template":"","meta":[],"product_brand":[3074],"product_cat":[3096],"product_tag":[3469,3284,3285,3757,3338],"class_list":{"0":"post-830","1":"product","2":"type-product","3":"status-publish","5":"product_brand-motorola","6":"product_cat-accessoires-relais-motorola","7":"product_tag-cable-de-test","8":"product_tag-dm1000","9":"product_tag-dm2000","10":"product_tag-dm3000","11":"product_tag-dm4000","13":"first","14":"instock","15":"shipping-taxable","16":"purchasable","17":"product-type-simple"},"_links":{"self":[{"href":"https:\/\/lebrascommunication.fr\/ventes\/wp-json\/wp\/v2\/product\/830","targetHints":{"allow":["GET"]}}],"collection":[{"href":"https:\/\/lebrascommunication.fr\/ventes\/wp-json\/wp\/v2\/product"}],"about":[{"href":"https:\/\/lebrascommunication.fr\/ventes\/wp-json\/wp\/v2\/types\/product"}],"wp:attachment":[{"href":"https:\/\/lebrascommunication.fr\/ventes\/wp-json\/wp\/v2\/media?parent=830"}],"wp:term":[{"taxonomy":"product_brand","embeddable":true,"href":"https:\/\/lebrascommunication.fr\/ventes\/wp-json\/wp\/v2\/product_brand?post=830"},{"taxonomy":"product_cat","embeddable":true,"href":"https:\/\/lebrascommunication.fr\/ventes\/wp-json\/wp\/v2\/product_cat?post=830"},{"taxonomy":"product_tag","embeddable":true,"href":"https:\/\/lebrascommunication.fr\/ventes\/wp-json\/wp\/v2\/product_tag?post=830"}],"curies":[{"name":"wp","href":"https:\/\/api.w.org\/{rel}","templated":true}]}}