{"id":83,"date":"2016-02-15T16:39:43","date_gmt":"2016-02-15T15:39:43","guid":{"rendered":"https:\/\/lebrascommunication.fr\/ventes\/produit\/oreillette-contour\/"},"modified":"2025-12-24T12:05:39","modified_gmt":"2025-12-24T11:05:39","slug":"oreillette-contour","status":"publish","type":"product","link":"https:\/\/lebrascommunication.fr\/ventes\/produit\/oreillette-contour\/","title":{"rendered":"Oreillette contour"},"content":{"rendered":"<p>Oreillette contour avec microphone pour les gammes de talkies DP2000, DP3441 et DP3661 ainsi que les versions \u00ab\u00a0e\u00a0\u00bb.<\/p>\n<p><strong>Caract\u00e9ristiques :<\/strong><\/p>\n<ul>\n<li>Utilisation : Re\u00e7oit et transmet<\/li>\n<li>Alternat (Push To Talk) : cravate<\/li>\n<li>D\u00e9clenchement par la voix (VOX) : non<\/li>\n<li>Micro : oui (cravate)<\/li>\n<li>Nombre de fils : 1<\/li>\n<li>Couleur : noir<\/li>\n<li>Type d&rsquo;\u00e9couteur : type D<\/li>\n<li>Standard de s\u00e9curit\u00e9 intrins\u00e8que : <span class=\"tableData\">UL-TIA4950 avec s\u00e9ries DP2000e<\/span><\/li>\n<\/ul>\n<p>La forme du contour d&rsquo;oreillette est modelable.<\/p>\n","protected":false},"excerpt":{"rendered":"<p>Oreillette contour avec microphone pour les gammes de talkies DP2000, DP3441 et DP3661 ainsi que les versions \u00ab\u00a0e\u00a0\u00bb.<\/p>\n","protected":false},"featured_media":76,"template":"","meta":[],"product_brand":[3074],"product_cat":[3177,3179,3163],"product_tag":[3365,3174,3249,3193,3250,3334],"class_list":{"0":"post-83","1":"product","2":"type-product","3":"status-publish","4":"has-post-thumbnail","6":"product_brand-motorola","7":"product_cat-r5-dp2000e","8":"product_cat-dp3000e","9":"product_cat-accessoires-talkies-motorola","10":"product_tag-dp2400","11":"product_tag-dp3441","12":"product_tag-dp3441e","13":"product_tag-dp3661","14":"product_tag-dp3661e","15":"product_tag-micro-oreillette","17":"first","18":"instock","19":"shipping-taxable","20":"purchasable","21":"product-type-simple"},"_links":{"self":[{"href":"https:\/\/lebrascommunication.fr\/ventes\/wp-json\/wp\/v2\/product\/83","targetHints":{"allow":["GET"]}}],"collection":[{"href":"https:\/\/lebrascommunication.fr\/ventes\/wp-json\/wp\/v2\/product"}],"about":[{"href":"https:\/\/lebrascommunication.fr\/ventes\/wp-json\/wp\/v2\/types\/product"}],"wp:featuredmedia":[{"embeddable":true,"href":"https:\/\/lebrascommunication.fr\/ventes\/wp-json\/wp\/v2\/media\/76"}],"wp:attachment":[{"href":"https:\/\/lebrascommunication.fr\/ventes\/wp-json\/wp\/v2\/media?parent=83"}],"wp:term":[{"taxonomy":"product_brand","embeddable":true,"href":"https:\/\/lebrascommunication.fr\/ventes\/wp-json\/wp\/v2\/product_brand?post=83"},{"taxonomy":"product_cat","embeddable":true,"href":"https:\/\/lebrascommunication.fr\/ventes\/wp-json\/wp\/v2\/product_cat?post=83"},{"taxonomy":"product_tag","embeddable":true,"href":"https:\/\/lebrascommunication.fr\/ventes\/wp-json\/wp\/v2\/product_tag?post=83"}],"curies":[{"name":"wp","href":"https:\/\/api.w.org\/{rel}","templated":true}]}}