{"id":828,"date":"2016-11-23T18:57:57","date_gmt":"2016-11-23T17:57:57","guid":{"rendered":"https:\/\/lebrascommunication.fr\/ventes\/produit\/relais-slr8000\/"},"modified":"2026-01-08T12:03:19","modified_gmt":"2026-01-08T11:03:19","slug":"relais-slr8000","status":"publish","type":"product","link":"https:\/\/lebrascommunication.fr\/ventes\/produit\/relais-slr8000\/","title":{"rendered":"RELAIS SLR8000"},"content":{"rendered":"<p>Le relais Motorola\u00a0SLR8000 est disponible dans la bande UHF ou VHF.<\/p>\n<p>Pr\u00e9voir une installation (m\u00e2t, antenne, c\u00e2blage&#8230;) pour s&rsquo;assurer du bon fonctionnement et de la bonne mise en place. Il est possible d&rsquo;\u00e9tablir un devis pr\u00e9visionnel mais il est imp\u00e9ratif d&rsquo;effectuer une visite sur site pour le valider.\u00a0<a href=\"http:\/\/lbc-systems.com\/nous-contacter\">Contactez-nous<\/a>\u00a0par mail ou t\u00e9l\u00e9phone pour nous exposer votre projet.<\/p>\n<p><strong>Caract\u00e9ristiques et fonctions :<\/strong><\/p>\n<ul>\n<li>Bande de fr\u00e9quence UHF ou VHF.<\/li>\n<li>1 canal en mode analogique.<\/li>\n<li>2 canaux en mode num\u00e9rique.<\/li>\n<li>Fonctionne en analogique et num\u00e9rique DMR.<\/li>\n<li>Signalisation analogique PL\/DPL\/5 TONS\/MPT1327 et num\u00e9rique DMR.<\/li>\n<li>Puissance r\u00e9glable de 1 \u00e0 100 W.<\/li>\n<li>Duplexeur en option.<\/li>\n<li>Possibilit\u00e9 de liaison entre relais pour 2 ou plusieurs sites distincts \u00e9loign\u00e9s.<\/li>\n<li>Alimentation int\u00e9gr\u00e9e avec interface de secours par batterie 12 V.<\/li>\n<li>Compatible avec tous les syst\u00e8mes DMR de Motorola<\/li>\n<\/ul>\n<p><strong><br \/>\nCompatibilit\u00e9 syst\u00e8me relais :<\/strong><\/p>\n<ul>\n<li>Conventionnel analogique et num\u00e9rique DMR<\/li>\n<li>Conventionnel DMR multi-sites\u00a0<a href=\"http:\/\/lbc-systems.com\/systemes-relais\/1560-ip-site-connect-ipsc.html\">IP site connect (IPSC)<\/a><\/li>\n<li>Partag\u00e9 site unique\u00a0<a href=\"http:\/\/lbc-systems.com\/systemes-relais\/1561-capacity-plus.html\">Capacity Plus (C+)<\/a>\u00a0sur licence payante<\/li>\n<li>Partag\u00e9 multi-sites\u00a0<a href=\"http:\/\/lbc-systems.com\/systemes-relais\/1562-systeme-linked-capacity-plus-lcp.html\">Linked Capcity Plus (LCP)<\/a>\u00a0sur licence payante<\/li>\n<li>Partag\u00e9 multi-sites avec contr\u00f4leur Connect Plus sur licence payante<\/li>\n<li>Partag\u00e9 multi-sites avec contr\u00f4leur\u00a0<a href=\"http:\/\/lbc-systems.com\/systemes-relais\/1563-systeme-capacity-max.html\">Capacity Max (Cap Max)<\/a>\u00a0sur licence payante<\/li>\n<\/ul>\n<p>Retrouvez les descriptifs de ces syst\u00e8mes dans nos pages\u00a0<a href=\"http:\/\/lbc-systems.com\/48-motorola-dmr\">Syst\u00e8mes relais num\u00e9riques<\/a>.<br \/>\n<strong><br \/>\nDimensions: environ 89 x 483 x 370 mm.<\/strong><\/p>\n<p><strong>Poids: environ 8.6 kg.<\/strong><\/p>\n<p><strong>Remplace le relais DR3000.<\/strong><\/p>\n<p>&nbsp;<\/p>\n<p><strong>Le pack standard comprend :<\/strong><\/p>\n<ul>\n<li>Un relais UHF ou VHF<\/li>\n<li>Un c\u00e2ble d&rsquo;alimentation<\/li>\n<li>Un guide d&rsquo;utilisation<\/li>\n<\/ul>\n<p>Si vous avez plusieurs relais sur un site, il est peut-\u00eatre judicieux de mettre un\u00a0<a href=\"http:\/\/lbc-systems.com\/249-duplexeurs-multicoupleurs\">multi-coupleur<\/a>\u00a0afin de les connecter sur une seule et m\u00eame antennes.<\/p>\n<p>Si vous prenez des licences relais, il faut faire attention \u00e0 la compatibilit\u00e9 avec vos radios portatives ou mobiles. Si vous avez un doute, n&rsquo;h\u00e9sitez pas \u00e0 nous contacter!<\/p>\n<h5>\u00a0 Ce produit est garantit 2 ans avec 5 ans de mise \u00e0 jour. Il est possible de prendre une extension de garantie standard de 5 ans (essentielle),\u00a0ou avec r\u00e9paration (avanc\u00e9e).<\/h5>\n","protected":false},"excerpt":{"rendered":"<p>Relais analogique et num\u00e9rique DMR de 1 \u00e0 100W<\/p>\n","protected":false},"featured_media":825,"template":"","meta":[],"product_brand":[3074],"product_cat":[3135],"product_tag":[3219,3246,3407,3280],"class_list":{"0":"post-828","1":"product","2":"type-product","3":"status-publish","4":"has-post-thumbnail","6":"product_brand-motorola","7":"product_cat-relais-motorola-relais-motorola","8":"product_tag-relais","9":"product_tag-slr8000","10":"product_tag-uhf","11":"product_tag-vhf","13":"first","14":"instock","15":"shipping-taxable","16":"purchasable","17":"product-type-simple"},"_links":{"self":[{"href":"https:\/\/lebrascommunication.fr\/ventes\/wp-json\/wp\/v2\/product\/828","targetHints":{"allow":["GET"]}}],"collection":[{"href":"https:\/\/lebrascommunication.fr\/ventes\/wp-json\/wp\/v2\/product"}],"about":[{"href":"https:\/\/lebrascommunication.fr\/ventes\/wp-json\/wp\/v2\/types\/product"}],"wp:featuredmedia":[{"embeddable":true,"href":"https:\/\/lebrascommunication.fr\/ventes\/wp-json\/wp\/v2\/media\/825"}],"wp:attachment":[{"href":"https:\/\/lebrascommunication.fr\/ventes\/wp-json\/wp\/v2\/media?parent=828"}],"wp:term":[{"taxonomy":"product_brand","embeddable":true,"href":"https:\/\/lebrascommunication.fr\/ventes\/wp-json\/wp\/v2\/product_brand?post=828"},{"taxonomy":"product_cat","embeddable":true,"href":"https:\/\/lebrascommunication.fr\/ventes\/wp-json\/wp\/v2\/product_cat?post=828"},{"taxonomy":"product_tag","embeddable":true,"href":"https:\/\/lebrascommunication.fr\/ventes\/wp-json\/wp\/v2\/product_tag?post=828"}],"curies":[{"name":"wp","href":"https:\/\/api.w.org\/{rel}","templated":true}]}}