{"id":826,"date":"2020-05-03T16:07:35","date_gmt":"2020-05-03T14:07:35","guid":{"rendered":"https:\/\/lebrascommunication.fr\/ventes\/produit\/licence-premium-dp4x00e\/"},"modified":"2026-01-08T15:56:05","modified_gmt":"2026-01-08T14:56:05","slug":"licence-premium-dp4x00e","status":"publish","type":"product","link":"https:\/\/lebrascommunication.fr\/ventes\/produit\/licence-premium-dp4x00e\/","title":{"rendered":"Licence Premium DP4X00e"},"content":{"rendered":"<p>Licence Premium software features pour radios DP4400e, DP4600e, et DP4800e.<\/p>\n<p>Cette licence comprend les licences\u00a0HKVN4284A, HKVN4285A, HKVN4371A, HKVN4383A, HKVN4497A,\u00a0 HKVN4498A, HKVN4382A and HKVN4499A<\/p>\n<p>Une licence n\u00e9cessaire par poste.<\/p>\n<p><strong>Attention : <\/strong>pour activer vous m\u00eame une licence, le logiciel CPS, le ou les c\u00e2bles de programmation compatibles avec vos radios, une connexion internet ainsi que le code fournit \u00e0 l&rsquo;achat de la licence seront n\u00e9cessaires.<\/p>\n<p><strong>Sinon, chez LBC Systems l&rsquo;activation des licences est gratuite !<\/strong><\/p>\n","protected":false},"excerpt":{"rendered":"<p>Licence\u00a0Premium software features 2 pour radios DP4000e, DP4600e, et DP4800e.<\/p>\n","protected":false},"featured_media":823,"template":"","meta":[],"product_brand":[3074],"product_cat":[3067],"product_tag":[3518,3535,3534,3257,3533],"class_list":{"0":"post-826","1":"product","2":"type-product","3":"status-publish","4":"has-post-thumbnail","6":"product_brand-motorola","7":"product_cat-talkies-pro-motorola","8":"product_tag-dp4600e","9":"product_tag-dp4800e","10":"product_tag-dp4x00e","11":"product_tag-licence","12":"product_tag-premium","14":"first","15":"instock","16":"shipping-taxable","17":"purchasable","18":"product-type-simple"},"_links":{"self":[{"href":"https:\/\/lebrascommunication.fr\/ventes\/wp-json\/wp\/v2\/product\/826","targetHints":{"allow":["GET"]}}],"collection":[{"href":"https:\/\/lebrascommunication.fr\/ventes\/wp-json\/wp\/v2\/product"}],"about":[{"href":"https:\/\/lebrascommunication.fr\/ventes\/wp-json\/wp\/v2\/types\/product"}],"wp:featuredmedia":[{"embeddable":true,"href":"https:\/\/lebrascommunication.fr\/ventes\/wp-json\/wp\/v2\/media\/823"}],"wp:attachment":[{"href":"https:\/\/lebrascommunication.fr\/ventes\/wp-json\/wp\/v2\/media?parent=826"}],"wp:term":[{"taxonomy":"product_brand","embeddable":true,"href":"https:\/\/lebrascommunication.fr\/ventes\/wp-json\/wp\/v2\/product_brand?post=826"},{"taxonomy":"product_cat","embeddable":true,"href":"https:\/\/lebrascommunication.fr\/ventes\/wp-json\/wp\/v2\/product_cat?post=826"},{"taxonomy":"product_tag","embeddable":true,"href":"https:\/\/lebrascommunication.fr\/ventes\/wp-json\/wp\/v2\/product_tag?post=826"}],"curies":[{"name":"wp","href":"https:\/\/api.w.org\/{rel}","templated":true}]}}