{"id":809,"date":"2018-01-16T11:28:54","date_gmt":"2018-01-16T10:28:54","guid":{"rendered":"https:\/\/lebrascommunication.fr\/ventes\/produit\/batterie-li-ion-74v-2250mah\/"},"modified":"2026-01-20T16:20:23","modified_gmt":"2026-01-20T15:20:23","slug":"batterie-li-ion-74v-2250mah","status":"publish","type":"product","link":"https:\/\/lebrascommunication.fr\/ventes\/produit\/batterie-li-ion-74v-2250mah\/","title":{"rendered":"Batterie Li-Ion 7,4V 2250mAh"},"content":{"rendered":"<p><strong>Batterie compatible avec les appareils ICOM suivants :<\/strong><\/p>\n<p><span style=\"text-decoration: underline\"><span dir=\"auto\" style=\"vertical-align: inherit\"><span dir=\"auto\" style=\"vertical-align: inherit\">Aviation parlante<\/span><\/span><\/span><span dir=\"auto\" style=\"vertical-align: inherit\"><span dir=\"auto\" style=\"vertical-align: inherit\"> :<\/span><\/span><\/p>\n<ul>\n<li><span dir=\"auto\" style=\"vertical-align: inherit\"><span dir=\"auto\" style=\"vertical-align: inherit\">IC-A15<\/span><\/span><\/li>\n<li><span dir=\"auto\" style=\"vertical-align: inherit\"><span dir=\"auto\" style=\"vertical-align: inherit\">IC-A15S<\/span><\/span><\/li>\n<\/ul>\n<p><strong>Caract\u00e9ristiques :<\/strong><\/p>\n<ul>\n<li><span dir=\"auto\" style=\"vertical-align: inherit\"><span dir=\"auto\" style=\"vertical-align: inherit\">Type : Li-Ion\u00a0 \u00a0<\/span><\/span><\/li>\n<li>Capacit\u00e9 : 2250 mAh<\/li>\n<\/ul>\n<div class=\"rte\">\n<p><strong>Notre avis : <\/strong>Pour une utilisation intensive ou sur le long terme, nous vous conseillons de privil\u00e9gier les batteries Li-Ion.<\/p>\n<p>Les batteries Ni-MH ayant une m\u00e9moire de charge, leur dur\u00e9e de vie ne d\u00e9passe g\u00e9n\u00e9ralement pas 3 ans.<\/p>\n<p>A intensit\u00e9 \u00e9gale, la batterie Li-Ion offre une autonomie sup\u00e9rieure ainsi qu&rsquo;un format et un poids r\u00e9duits. Sa dur\u00e9e de vie est en moyenne sup\u00e9rieure de 2 ans.<\/p>\n<p>Les batteries Ni-MH pr\u00e9sentent un int\u00e9r\u00eat en cas de climats tr\u00e8s froids (-20\u00b0C), en cas d&rsquo;import-export (conditionnement et tarifs) et son co\u00fbt peut convenir \u00e0 tout type de budget.<\/p>\n<\/div>\n","protected":false},"excerpt":{"rendered":"<p><span dir=\"auto\" style=\"vertical-align: inherit\"><span dir=\"auto\" style=\"vertical-align: inherit\">Batterie Li-ion 7,4 V 2250 mAh<\/span><\/span><\/p>\n","protected":false},"featured_media":803,"template":"","meta":[],"product_brand":[3077],"product_cat":[3082],"product_tag":[3597,3489,3287,3563],"class_list":{"0":"post-809","1":"product","2":"type-product","3":"status-publish","4":"has-post-thumbnail","6":"product_brand-icom","7":"product_cat-accessoires-talkies-pro-icom","8":"product_tag-aviation","9":"product_tag-batterie-li-ion","10":"product_tag-ic-a15","11":"product_tag-ic-a15s","13":"first","14":"instock","15":"shipping-taxable","16":"purchasable","17":"product-type-simple"},"_links":{"self":[{"href":"https:\/\/lebrascommunication.fr\/ventes\/wp-json\/wp\/v2\/product\/809","targetHints":{"allow":["GET"]}}],"collection":[{"href":"https:\/\/lebrascommunication.fr\/ventes\/wp-json\/wp\/v2\/product"}],"about":[{"href":"https:\/\/lebrascommunication.fr\/ventes\/wp-json\/wp\/v2\/types\/product"}],"wp:featuredmedia":[{"embeddable":true,"href":"https:\/\/lebrascommunication.fr\/ventes\/wp-json\/wp\/v2\/media\/803"}],"wp:attachment":[{"href":"https:\/\/lebrascommunication.fr\/ventes\/wp-json\/wp\/v2\/media?parent=809"}],"wp:term":[{"taxonomy":"product_brand","embeddable":true,"href":"https:\/\/lebrascommunication.fr\/ventes\/wp-json\/wp\/v2\/product_brand?post=809"},{"taxonomy":"product_cat","embeddable":true,"href":"https:\/\/lebrascommunication.fr\/ventes\/wp-json\/wp\/v2\/product_cat?post=809"},{"taxonomy":"product_tag","embeddable":true,"href":"https:\/\/lebrascommunication.fr\/ventes\/wp-json\/wp\/v2\/product_tag?post=809"}],"curies":[{"name":"wp","href":"https:\/\/api.w.org\/{rel}","templated":true}]}}