{"id":807,"date":"2016-02-11T19:55:24","date_gmt":"2016-02-11T18:55:24","guid":{"rendered":"https:\/\/lebrascommunication.fr\/ventes\/produit\/micro-deporte-avec-jack\/"},"modified":"2026-01-13T15:26:13","modified_gmt":"2026-01-13T14:26:13","slug":"micro-deporte-avec-jack","status":"publish","type":"product","link":"https:\/\/lebrascommunication.fr\/ventes\/produit\/micro-deporte-avec-jack\/","title":{"rendered":"Micro d\u00e9port\u00e9 avec jack"},"content":{"rendered":"<p>Micro d\u00e9port\u00e9 avec jack pour les gammes de talkies DP3000 et DP4000 ainsi que les versions \u00ab\u00a0e\u00a0\u00bb.<\/p>\n<p><strong>Caract\u00e9ristiques :<\/strong><\/p>\n<ul>\n<li>Connecteur pour oreillette : jack 3.5 mm<\/li>\n<li>Bouton programmable : non<\/li>\n<li>Bouton de volume : non<\/li>\n<li>Technologie de r\u00e9duction du bruit de fond : oui omnidirectionnel (notamment en cas de vent)<\/li>\n<li>Indice de protection : IP57 (poussi\u00e8re et fortes projections d&rsquo;eau)<\/li>\n<li>Standard de s\u00e9curit\u00e9 intrins\u00e8que : UL-TIA4950 avec les s\u00e9ries DP4000e<\/li>\n<\/ul>\n<p><strong>Notre avis :<\/strong> Ce mod\u00e8le n&rsquo;est utile que s&rsquo;il est utilis\u00e9 avec les oreillettes pour micro-d\u00e9port\u00e9s. La connexion jack 3.5mm le rend plus on\u00e9reux et moins \u00e9tanche.<\/p>\n<p><strong>A savoir :<\/strong> Lorsqu&rsquo;on connecte une micro-oreillette, le haut-parleur se coupe.<\/p>\n","protected":false},"excerpt":{"rendered":"<p>Micro d\u00e9port\u00e9 avec jack pour les gammes de talkies DP3000 et DP4000 ainsi que les versions \u00ab\u00a0e\u00a0\u00bb.<\/p>\n","protected":false},"featured_media":804,"template":"","meta":[],"product_brand":[3074],"product_cat":[3179,3163],"product_tag":[3192,3225,3241],"class_list":{"0":"post-807","1":"product","2":"type-product","3":"status-publish","4":"has-post-thumbnail","6":"product_brand-motorola","7":"product_cat-dp3000e","8":"product_cat-accessoires-talkies-motorola","9":"product_tag-dp3000","10":"product_tag-dp4000","11":"product_tag-micro-deporte","13":"first","14":"instock","15":"shipping-taxable","16":"purchasable","17":"product-type-simple"},"_links":{"self":[{"href":"https:\/\/lebrascommunication.fr\/ventes\/wp-json\/wp\/v2\/product\/807","targetHints":{"allow":["GET"]}}],"collection":[{"href":"https:\/\/lebrascommunication.fr\/ventes\/wp-json\/wp\/v2\/product"}],"about":[{"href":"https:\/\/lebrascommunication.fr\/ventes\/wp-json\/wp\/v2\/types\/product"}],"wp:featuredmedia":[{"embeddable":true,"href":"https:\/\/lebrascommunication.fr\/ventes\/wp-json\/wp\/v2\/media\/804"}],"wp:attachment":[{"href":"https:\/\/lebrascommunication.fr\/ventes\/wp-json\/wp\/v2\/media?parent=807"}],"wp:term":[{"taxonomy":"product_brand","embeddable":true,"href":"https:\/\/lebrascommunication.fr\/ventes\/wp-json\/wp\/v2\/product_brand?post=807"},{"taxonomy":"product_cat","embeddable":true,"href":"https:\/\/lebrascommunication.fr\/ventes\/wp-json\/wp\/v2\/product_cat?post=807"},{"taxonomy":"product_tag","embeddable":true,"href":"https:\/\/lebrascommunication.fr\/ventes\/wp-json\/wp\/v2\/product_tag?post=807"}],"curies":[{"name":"wp","href":"https:\/\/api.w.org\/{rel}","templated":true}]}}