{"id":805,"date":"2018-11-07T19:04:57","date_gmt":"2018-11-07T18:04:57","guid":{"rendered":"https:\/\/lebrascommunication.fr\/ventes\/produit\/micro-deporte-renforce\/"},"modified":"2026-01-27T09:15:57","modified_gmt":"2026-01-27T08:15:57","slug":"micro-deporte-renforce","status":"publish","type":"product","link":"https:\/\/lebrascommunication.fr\/ventes\/produit\/micro-deporte-renforce\/","title":{"rendered":"Micro-d\u00e9port\u00e9 renforc\u00e9"},"content":{"rendered":"<p>Micro-d\u00e9port\u00e9 robuste<\/p>\n<p>Durable et plus large, con\u00e7u pour pouvoir \u00eatre utilis\u00e9 avec des gants.<\/p>\n<p>Sa couleur blanche lui permet d&rsquo;\u00eatre plus rapidement rep\u00e9r\u00e9 lorsqu&rsquo;il est pos\u00e9 sur le tableau de bord d&rsquo;un v\u00e9hicule.<\/p>\n<p>Compatibilit\u00e9 : DM1000, DM2000, GM, CM<\/p>\n<p>Longueur : 3,2 m\u00e8tres (torsad\u00e9)<\/p>\n","protected":false},"excerpt":{"rendered":"<p>Micro-d\u00e9port\u00e9 renforc\u00e9<\/p>\n","protected":false},"featured_media":793,"template":"","meta":[],"product_brand":[3074],"product_cat":[3182,3088],"product_tag":[3278,3282,3284,3285,3283,3241],"class_list":{"0":"post-805","1":"product","2":"type-product","3":"status-publish","4":"has-post-thumbnail","6":"product_brand-motorola","7":"product_cat-dm1000-dm2000","8":"product_cat-accessoires-pour-bases-ou-mobiles-motorola","9":"product_tag-base-mobile","10":"product_tag-cm","11":"product_tag-dm1000","12":"product_tag-dm2000","13":"product_tag-gm","14":"product_tag-micro-deporte","16":"first","17":"instock","18":"shipping-taxable","19":"purchasable","20":"product-type-simple"},"_links":{"self":[{"href":"https:\/\/lebrascommunication.fr\/ventes\/wp-json\/wp\/v2\/product\/805","targetHints":{"allow":["GET"]}}],"collection":[{"href":"https:\/\/lebrascommunication.fr\/ventes\/wp-json\/wp\/v2\/product"}],"about":[{"href":"https:\/\/lebrascommunication.fr\/ventes\/wp-json\/wp\/v2\/types\/product"}],"wp:featuredmedia":[{"embeddable":true,"href":"https:\/\/lebrascommunication.fr\/ventes\/wp-json\/wp\/v2\/media\/793"}],"wp:attachment":[{"href":"https:\/\/lebrascommunication.fr\/ventes\/wp-json\/wp\/v2\/media?parent=805"}],"wp:term":[{"taxonomy":"product_brand","embeddable":true,"href":"https:\/\/lebrascommunication.fr\/ventes\/wp-json\/wp\/v2\/product_brand?post=805"},{"taxonomy":"product_cat","embeddable":true,"href":"https:\/\/lebrascommunication.fr\/ventes\/wp-json\/wp\/v2\/product_cat?post=805"},{"taxonomy":"product_tag","embeddable":true,"href":"https:\/\/lebrascommunication.fr\/ventes\/wp-json\/wp\/v2\/product_tag?post=805"}],"curies":[{"name":"wp","href":"https:\/\/api.w.org\/{rel}","templated":true}]}}