{"id":800,"date":"2020-05-03T15:12:54","date_gmt":"2020-05-03T13:12:54","guid":{"rendered":"https:\/\/lebrascommunication.fr\/ventes\/produit\/licence-text-to-speech\/"},"modified":"2025-12-24T10:27:24","modified_gmt":"2025-12-24T09:27:24","slug":"licence-text-to-speech","status":"publish","type":"product","link":"https:\/\/lebrascommunication.fr\/ventes\/produit\/licence-text-to-speech\/","title":{"rendered":"Licence Text to speech"},"content":{"rendered":"<p>Licence\u00a0Text to speech\u00a0pour radios DP4000, DP4000 ATEX, DP3441-DP3661e, SL4000, DM4000, et versions \u00ab\u00a0e\u00a0\u00bb.<\/p>\n<p>Cette licence\u00a0permet\u00a0\u00e0 une radio de recevoir des messages textes qui g\u00e9n\u00e9reront une voix audible.<\/p>\n<p>Cette licence est offerte sur les mod\u00e8le \u00ab\u00a0e\u00a0\u00bb vendus apr\u00e8s Novembre 2019.<\/p>\n<p>Une licence n\u00e9cessaire par poste.<\/p>\n<p><strong>Attention : <\/strong>pour activer vous m\u00eame une licence, le logiciel CPS, le ou les c\u00e2bles de programmation compatibles avec vos radios, une connexion internet ainsi que le code fournit \u00e0 l&rsquo;achat de la licence seront n\u00e9cessaires.<\/p>\n<p><strong>Sinon, chez LBC Systems l&rsquo;activation des licences est gratuite !<\/strong><\/p>\n","protected":false},"excerpt":{"rendered":"<p>Licence\u00a0Text to speech pour radios DP4000, DP4000 ATEX, DP3441-DP3661e, SL4000, DM4000, et versions \u00ab\u00a0e\u00a0\u00bb.<\/p>\n","protected":false},"featured_media":796,"template":"","meta":[],"product_brand":[3074],"product_cat":[3163],"product_tag":[3338,3174,3249,3193,3250,3225,3374,3220],"class_list":{"0":"post-800","1":"product","2":"type-product","3":"status-publish","4":"has-post-thumbnail","6":"product_brand-motorola","7":"product_cat-accessoires-talkies-motorola","8":"product_tag-dm4000","9":"product_tag-dp3441","10":"product_tag-dp3441e","11":"product_tag-dp3661","12":"product_tag-dp3661e","13":"product_tag-dp4000","14":"product_tag-dp4000-atex","15":"product_tag-sl4000","17":"first","18":"instock","19":"shipping-taxable","20":"purchasable","21":"product-type-simple"},"_links":{"self":[{"href":"https:\/\/lebrascommunication.fr\/ventes\/wp-json\/wp\/v2\/product\/800","targetHints":{"allow":["GET"]}}],"collection":[{"href":"https:\/\/lebrascommunication.fr\/ventes\/wp-json\/wp\/v2\/product"}],"about":[{"href":"https:\/\/lebrascommunication.fr\/ventes\/wp-json\/wp\/v2\/types\/product"}],"wp:featuredmedia":[{"embeddable":true,"href":"https:\/\/lebrascommunication.fr\/ventes\/wp-json\/wp\/v2\/media\/796"}],"wp:attachment":[{"href":"https:\/\/lebrascommunication.fr\/ventes\/wp-json\/wp\/v2\/media?parent=800"}],"wp:term":[{"taxonomy":"product_brand","embeddable":true,"href":"https:\/\/lebrascommunication.fr\/ventes\/wp-json\/wp\/v2\/product_brand?post=800"},{"taxonomy":"product_cat","embeddable":true,"href":"https:\/\/lebrascommunication.fr\/ventes\/wp-json\/wp\/v2\/product_cat?post=800"},{"taxonomy":"product_tag","embeddable":true,"href":"https:\/\/lebrascommunication.fr\/ventes\/wp-json\/wp\/v2\/product_tag?post=800"}],"curies":[{"name":"wp","href":"https:\/\/api.w.org\/{rel}","templated":true}]}}