{"id":8,"date":"2016-02-11T20:41:50","date_gmt":"2016-02-11T19:41:50","guid":{"rendered":"https:\/\/lebrascommunication.fr\/ventes\/produit\/micro-deporte-atex-avec-jack\/"},"modified":"2026-01-19T14:46:58","modified_gmt":"2026-01-19T13:46:58","slug":"micro-deporte-atex-avec-jack","status":"publish","type":"product","link":"https:\/\/lebrascommunication.fr\/ventes\/produit\/micro-deporte-atex-avec-jack\/","title":{"rendered":"Micro d\u00e9port\u00e9 ATEX avec jack"},"content":{"rendered":"<p>Micro d\u00e9port\u00e9 pour les gammes de talkies DP4000 ATEX ainsi que les versions \u00ab\u00a0Ma\u00a0\u00bb pour travail en mine.<\/p>\n<p><strong>Caract\u00e9ristiques :<\/strong><\/p>\n<ul>\n<li>Connecteur pour oreillette :jack 3.5 mm<\/li>\n<li>Connecteur Nexus : oui<\/li>\n<li>Bouton de volume : oui<\/li>\n<li>Bouton d&rsquo;urgence : oui<\/li>\n<li>Technologie de r\u00e9duction du bruit de fond : oui (notamment en cas de vent)<\/li>\n<li>Indice de protection : IP67<\/li>\n<li>Standard de s\u00e9curit\u00e9 intrins\u00e8que : ATEX (indice poussi\u00e8re : 2)<\/li>\n<\/ul>\n","protected":false},"excerpt":{"rendered":"<p>Micro d\u00e9port\u00e9 pour les gammes de talkies DP4000 ATEX ainsi que les versions \u00ab\u00a0Ma\u00a0\u00bb pour travail en mine.<\/p>\n","protected":false},"featured_media":7,"template":"","meta":[],"product_brand":[3074],"product_cat":[3163],"product_tag":[1153,3225,3538,3241],"class_list":{"0":"post-8","1":"product","2":"type-product","3":"status-publish","4":"has-post-thumbnail","6":"product_brand-motorola","7":"product_cat-accessoires-talkies-motorola","8":"product_tag-atex","9":"product_tag-dp4000","10":"product_tag-jack","11":"product_tag-micro-deporte","13":"first","14":"instock","15":"shipping-taxable","16":"purchasable","17":"product-type-simple"},"_links":{"self":[{"href":"https:\/\/lebrascommunication.fr\/ventes\/wp-json\/wp\/v2\/product\/8","targetHints":{"allow":["GET"]}}],"collection":[{"href":"https:\/\/lebrascommunication.fr\/ventes\/wp-json\/wp\/v2\/product"}],"about":[{"href":"https:\/\/lebrascommunication.fr\/ventes\/wp-json\/wp\/v2\/types\/product"}],"wp:featuredmedia":[{"embeddable":true,"href":"https:\/\/lebrascommunication.fr\/ventes\/wp-json\/wp\/v2\/media\/7"}],"wp:attachment":[{"href":"https:\/\/lebrascommunication.fr\/ventes\/wp-json\/wp\/v2\/media?parent=8"}],"wp:term":[{"taxonomy":"product_brand","embeddable":true,"href":"https:\/\/lebrascommunication.fr\/ventes\/wp-json\/wp\/v2\/product_brand?post=8"},{"taxonomy":"product_cat","embeddable":true,"href":"https:\/\/lebrascommunication.fr\/ventes\/wp-json\/wp\/v2\/product_cat?post=8"},{"taxonomy":"product_tag","embeddable":true,"href":"https:\/\/lebrascommunication.fr\/ventes\/wp-json\/wp\/v2\/product_tag?post=8"}],"curies":[{"name":"wp","href":"https:\/\/api.w.org\/{rel}","templated":true}]}}