{"id":799,"date":"2016-02-11T19:00:23","date_gmt":"2016-02-11T18:00:23","guid":{"rendered":"https:\/\/lebrascommunication.fr\/ventes\/produit\/micro-deporte-petit-modele\/"},"modified":"2025-12-24T12:02:48","modified_gmt":"2025-12-24T11:02:48","slug":"micro-deporte-petit-modele","status":"publish","type":"product","link":"https:\/\/lebrascommunication.fr\/ventes\/produit\/micro-deporte-petit-modele\/","title":{"rendered":"Micro d\u00e9port\u00e9 petit mod\u00e8le"},"content":{"rendered":"<p>Micro-Haut parleur d\u00e9port\u00e9 petit mod\u00e8le pour les gammes de talkies DP2000, DP3441, DP3661 ainsi que les versions \u00ab\u00a0e\u00a0\u00bb.<\/p>\n<p><strong>Caract\u00e9ristiques :<\/strong><\/p>\n<ul>\n<li>Connecteur pour oreillette : jack 3.5 mm<\/li>\n<li>Bouton programmable : non<\/li>\n<li>Bouton de volume : non<\/li>\n<li>Technologie de r\u00e9duction du bruit de fond : oui omnidirectionnel (notamment en cas de vent)<\/li>\n<li>Indice de protection : IP55 (poussi\u00e8re et projection d&rsquo;eau)<\/li>\n<li>Standard de s\u00e9curit\u00e9 intrins\u00e8que : UL-TIA4950 avec les s\u00e9ries DP2000e<\/li>\n<li>Traitement du son : oui (IMPRES)<\/li>\n<\/ul>\n<p><strong>Notre avis :<\/strong> Ce mod\u00e8le n&rsquo;est utile que s&rsquo;il est utilis\u00e9 avec les oreillettes pour micro-d\u00e9port\u00e9s. La connexion jack 3.5mm le rend plus on\u00e9reux et moins \u00e9tanche.<\/p>\n<p><strong>A savoir :<\/strong> Lorsqu&rsquo;on connecte une micro-oreillette, le haut-parleur se coupe.<\/p>\n","protected":false},"excerpt":{"rendered":"<p>Micro-Haut parleur d\u00e9port\u00e9 petit mod\u00e8le pour les gammes de talkies DP2000, DP3441, DP3661 ainsi que les versions \u00ab\u00a0e\u00a0\u00bb.<\/p>\n","protected":false},"featured_media":3556,"template":"","meta":[],"product_brand":[3074],"product_cat":[3177,3179,3163],"product_tag":[3203,3174,3193],"class_list":{"0":"post-799","1":"product","2":"type-product","3":"status-publish","4":"has-post-thumbnail","6":"product_brand-motorola","7":"product_cat-r5-dp2000e","8":"product_cat-dp3000e","9":"product_cat-accessoires-talkies-motorola","10":"product_tag-dp2000","11":"product_tag-dp3441","12":"product_tag-dp3661","14":"first","15":"instock","16":"shipping-taxable","17":"purchasable","18":"product-type-simple"},"_links":{"self":[{"href":"https:\/\/lebrascommunication.fr\/ventes\/wp-json\/wp\/v2\/product\/799","targetHints":{"allow":["GET"]}}],"collection":[{"href":"https:\/\/lebrascommunication.fr\/ventes\/wp-json\/wp\/v2\/product"}],"about":[{"href":"https:\/\/lebrascommunication.fr\/ventes\/wp-json\/wp\/v2\/types\/product"}],"wp:featuredmedia":[{"embeddable":true,"href":"https:\/\/lebrascommunication.fr\/ventes\/wp-json\/wp\/v2\/media\/3556"}],"wp:attachment":[{"href":"https:\/\/lebrascommunication.fr\/ventes\/wp-json\/wp\/v2\/media?parent=799"}],"wp:term":[{"taxonomy":"product_brand","embeddable":true,"href":"https:\/\/lebrascommunication.fr\/ventes\/wp-json\/wp\/v2\/product_brand?post=799"},{"taxonomy":"product_cat","embeddable":true,"href":"https:\/\/lebrascommunication.fr\/ventes\/wp-json\/wp\/v2\/product_cat?post=799"},{"taxonomy":"product_tag","embeddable":true,"href":"https:\/\/lebrascommunication.fr\/ventes\/wp-json\/wp\/v2\/product_tag?post=799"}],"curies":[{"name":"wp","href":"https:\/\/api.w.org\/{rel}","templated":true}]}}