{"id":794,"date":"2018-01-16T11:23:07","date_gmt":"2018-01-16T10:23:07","guid":{"rendered":"https:\/\/lebrascommunication.fr\/ventes\/produit\/batterie-li-ion-74v-980mah\/"},"modified":"2026-01-14T14:41:49","modified_gmt":"2026-01-14T13:41:49","slug":"batterie-li-ion-74v-980mah","status":"publish","type":"product","link":"https:\/\/lebrascommunication.fr\/ventes\/produit\/batterie-li-ion-74v-980mah\/","title":{"rendered":"Batterie Li-Ion 7,4V 980mAh"},"content":{"rendered":"<p><strong>Batterie compatible avec les appareils ICOM suivants :<\/strong><\/p>\n<p><span style=\"text-decoration: underline\">Talkies aviation<\/span> :<\/p>\n<ul>\n<li>IC-A15<\/li>\n<li>IC-A15S<\/li>\n<\/ul>\n<p><strong>Caract\u00e9ristiques :<\/strong><\/p>\n<ul>\n<li>Type : Li-Ion<\/li>\n<li>Capacit\u00e9 : 980 mAh<\/li>\n<\/ul>\n<div class=\"rte\">\n<p><strong>Notre avis : <\/strong>Pour une utilisation intensive ou sur le long terme, nous vous conseillons de privil\u00e9gier les batteries Li-Ion.<\/p>\n<p>Les batteries Ni-MH ayant une m\u00e9moire de charge, leur dur\u00e9e de vie ne d\u00e9passe g\u00e9n\u00e9ralement pas 3 ans.<\/p>\n<p>A intensit\u00e9 \u00e9gale, la batterie Li-Ion offre une autonomie sup\u00e9rieure ainsi qu&rsquo;un format et un poids r\u00e9duits. Sa dur\u00e9e de vie est en moyenne sup\u00e9rieure de 2 ans.<\/p>\n<p>Les batteries Ni-MH pr\u00e9sentent un int\u00e9r\u00eat en cas de climats tr\u00e8s froids (-20\u00b0C), en cas d&rsquo;import-export (conditionnement et tarifs) et son co\u00fbt peut convenir \u00e0 tout type de budget.<\/p>\n<\/div>\n","protected":false},"excerpt":{"rendered":"<p>Batterie Li-Ion 7,4V 980mAh<\/p>\n","protected":false},"featured_media":792,"template":"","meta":[],"product_brand":[3077],"product_cat":[3082],"product_tag":[3598,3175,3287,3563,3277],"class_list":{"0":"post-794","1":"product","2":"type-product","3":"status-publish","4":"has-post-thumbnail","6":"product_brand-icom","7":"product_cat-accessoires-talkies-pro-icom","8":"product_tag-4v-980mah","9":"product_tag-batterie","10":"product_tag-ic-a15","11":"product_tag-ic-a15s","12":"product_tag-icom","14":"first","15":"instock","16":"shipping-taxable","17":"purchasable","18":"product-type-simple"},"_links":{"self":[{"href":"https:\/\/lebrascommunication.fr\/ventes\/wp-json\/wp\/v2\/product\/794","targetHints":{"allow":["GET"]}}],"collection":[{"href":"https:\/\/lebrascommunication.fr\/ventes\/wp-json\/wp\/v2\/product"}],"about":[{"href":"https:\/\/lebrascommunication.fr\/ventes\/wp-json\/wp\/v2\/types\/product"}],"wp:featuredmedia":[{"embeddable":true,"href":"https:\/\/lebrascommunication.fr\/ventes\/wp-json\/wp\/v2\/media\/792"}],"wp:attachment":[{"href":"https:\/\/lebrascommunication.fr\/ventes\/wp-json\/wp\/v2\/media?parent=794"}],"wp:term":[{"taxonomy":"product_brand","embeddable":true,"href":"https:\/\/lebrascommunication.fr\/ventes\/wp-json\/wp\/v2\/product_brand?post=794"},{"taxonomy":"product_cat","embeddable":true,"href":"https:\/\/lebrascommunication.fr\/ventes\/wp-json\/wp\/v2\/product_cat?post=794"},{"taxonomy":"product_tag","embeddable":true,"href":"https:\/\/lebrascommunication.fr\/ventes\/wp-json\/wp\/v2\/product_tag?post=794"}],"curies":[{"name":"wp","href":"https:\/\/api.w.org\/{rel}","templated":true}]}}