{"id":790,"date":"2016-02-11T18:58:19","date_gmt":"2016-02-11T17:58:19","guid":{"rendered":"https:\/\/lebrascommunication.fr\/ventes\/produit\/micro-deporte-etanche-milieux-marins\/"},"modified":"2025-12-24T12:01:45","modified_gmt":"2025-12-24T11:01:45","slug":"micro-deporte-etanche-milieux-marins","status":"publish","type":"product","link":"https:\/\/lebrascommunication.fr\/ventes\/produit\/micro-deporte-etanche-milieux-marins\/","title":{"rendered":"Micro d\u00e9port\u00e9 \u00e9tanche milieux marins"},"content":{"rendered":"<p>Micro d\u00e9port\u00e9 mileux marins\u00a0pour les gammes de talkies DP2000, DP3441, DP3661 ainsi que les versions \u00ab\u00a0e\u00a0\u00bb<\/p>\n<p><strong>Caract\u00e9ristiques :<\/strong><\/p>\n<ul>\n<li>Connecteur pour oreillette : jack 3.5 mm<\/li>\n<li>Bouton programmable : non<\/li>\n<li>Bouton de volume : non<\/li>\n<li>Technologie de r\u00e9duction du bruit : oui (notamment en cas de vent)<\/li>\n<li>Indice de protection : IP67<\/li>\n<li>Standard de s\u00e9curit\u00e9 intrins\u00e8que :\u00a0non<\/li>\n<\/ul>\n<p><strong>A savoir :<\/strong> Lorsqu&rsquo;on connecte une micro-oreillette, le haut-parleur se coupe.<\/p>\n","protected":false},"excerpt":{"rendered":"<p>Micro d\u00e9port\u00e9 mileux marins\u00a0pour les gammes de talkies DP2000, DP3441, DP3661 ainsi que les versions \u00ab\u00a0e\u00a0\u00bb<\/p>\n<p>R\u00e9ducteur de bruit classique et r\u00e9ducteurs de bruits sp\u00e9cialement con\u00e7u pour le vent<\/p>\n","protected":false},"featured_media":3546,"template":"","meta":[],"product_brand":[3074],"product_cat":[3177,3179,3163],"product_tag":[3203,3174,3249,3193,3250],"class_list":{"0":"post-790","1":"product","2":"type-product","3":"status-publish","4":"has-post-thumbnail","6":"product_brand-motorola","7":"product_cat-r5-dp2000e","8":"product_cat-dp3000e","9":"product_cat-accessoires-talkies-motorola","10":"product_tag-dp2000","11":"product_tag-dp3441","12":"product_tag-dp3441e","13":"product_tag-dp3661","14":"product_tag-dp3661e","16":"first","17":"instock","18":"shipping-taxable","19":"purchasable","20":"product-type-simple"},"_links":{"self":[{"href":"https:\/\/lebrascommunication.fr\/ventes\/wp-json\/wp\/v2\/product\/790","targetHints":{"allow":["GET"]}}],"collection":[{"href":"https:\/\/lebrascommunication.fr\/ventes\/wp-json\/wp\/v2\/product"}],"about":[{"href":"https:\/\/lebrascommunication.fr\/ventes\/wp-json\/wp\/v2\/types\/product"}],"wp:featuredmedia":[{"embeddable":true,"href":"https:\/\/lebrascommunication.fr\/ventes\/wp-json\/wp\/v2\/media\/3546"}],"wp:attachment":[{"href":"https:\/\/lebrascommunication.fr\/ventes\/wp-json\/wp\/v2\/media?parent=790"}],"wp:term":[{"taxonomy":"product_brand","embeddable":true,"href":"https:\/\/lebrascommunication.fr\/ventes\/wp-json\/wp\/v2\/product_brand?post=790"},{"taxonomy":"product_cat","embeddable":true,"href":"https:\/\/lebrascommunication.fr\/ventes\/wp-json\/wp\/v2\/product_cat?post=790"},{"taxonomy":"product_tag","embeddable":true,"href":"https:\/\/lebrascommunication.fr\/ventes\/wp-json\/wp\/v2\/product_tag?post=790"}],"curies":[{"name":"wp","href":"https:\/\/api.w.org\/{rel}","templated":true}]}}