{"id":788,"date":"2020-05-03T10:29:33","date_gmt":"2020-05-03T08:29:33","guid":{"rendered":"https:\/\/lebrascommunication.fr\/ventes\/produit\/licence-ptt-bluetooth\/"},"modified":"2025-12-23T15:31:06","modified_gmt":"2025-12-23T14:31:06","slug":"licence-ptt-bluetooth","status":"publish","type":"product","link":"https:\/\/lebrascommunication.fr\/ventes\/produit\/licence-ptt-bluetooth\/","title":{"rendered":"Licence PTT bluetooth"},"content":{"rendered":"<p>Licence\u00a0Push To Talk (PTT) Bluetooth pour radios DP4000e, DP3441e-DP3661e, SL4000e. Les mod\u00e8les vendus apr\u00e8s le 18 Novembre 2019 ont cette fonction offerte.<\/p>\n<p>Cette licence\u00a0permet d&rsquo;utiliser la fonction Push To Talk via la connectivit\u00e9 Bluetooth sur certains accessoires non Motorola.<\/p>\n<p>Une licence n\u00e9cessaire par poste.<\/p>\n<p><strong>Attention : <\/strong>pour activer vous m\u00eame une licence, le logiciel CPS, le ou les c\u00e2bles de programmation compatibles avec vos radios, une connexion internet ainsi que le code fournit \u00e0 l&rsquo;achat de la licence seront n\u00e9cessaires.<\/p>\n<p><strong>Sinon, chez LBC Systems l&rsquo;activation des licences est gratuite !<\/strong><\/p>\n","protected":false},"excerpt":{"rendered":"<p>Licence\u00a0Push To Talk bluetooth pour radios DP4000e, DP3441e-DP3661e et SL4000e.<\/p>\n","protected":false},"featured_media":784,"template":"","meta":[],"product_brand":[3074],"product_cat":[3163],"product_tag":[3279,3174,3249,3193,3250,3225,3437,3461,3220,3460],"class_list":{"0":"post-788","1":"product","2":"type-product","3":"status-publish","4":"has-post-thumbnail","6":"product_brand-motorola","7":"product_cat-accessoires-talkies-motorola","8":"product_tag-bluetooth","9":"product_tag-dp3441","10":"product_tag-dp3441e","11":"product_tag-dp3661","12":"product_tag-dp3661e","13":"product_tag-dp4000","14":"product_tag-dp4000e","15":"product_tag-licence-ptt","16":"product_tag-sl4000","17":"product_tag-sl4000e","19":"first","20":"instock","21":"shipping-taxable","22":"purchasable","23":"product-type-simple"},"_links":{"self":[{"href":"https:\/\/lebrascommunication.fr\/ventes\/wp-json\/wp\/v2\/product\/788","targetHints":{"allow":["GET"]}}],"collection":[{"href":"https:\/\/lebrascommunication.fr\/ventes\/wp-json\/wp\/v2\/product"}],"about":[{"href":"https:\/\/lebrascommunication.fr\/ventes\/wp-json\/wp\/v2\/types\/product"}],"wp:featuredmedia":[{"embeddable":true,"href":"https:\/\/lebrascommunication.fr\/ventes\/wp-json\/wp\/v2\/media\/784"}],"wp:attachment":[{"href":"https:\/\/lebrascommunication.fr\/ventes\/wp-json\/wp\/v2\/media?parent=788"}],"wp:term":[{"taxonomy":"product_brand","embeddable":true,"href":"https:\/\/lebrascommunication.fr\/ventes\/wp-json\/wp\/v2\/product_brand?post=788"},{"taxonomy":"product_cat","embeddable":true,"href":"https:\/\/lebrascommunication.fr\/ventes\/wp-json\/wp\/v2\/product_cat?post=788"},{"taxonomy":"product_tag","embeddable":true,"href":"https:\/\/lebrascommunication.fr\/ventes\/wp-json\/wp\/v2\/product_tag?post=788"}],"curies":[{"name":"wp","href":"https:\/\/api.w.org\/{rel}","templated":true}]}}