{"id":787,"date":"2018-11-07T18:49:35","date_gmt":"2018-11-07T17:49:35","guid":{"rendered":"https:\/\/lebrascommunication.fr\/ventes\/produit\/micro-deporte-3\/"},"modified":"2026-01-26T16:42:14","modified_gmt":"2026-01-26T15:42:14","slug":"micro-deporte-3","status":"publish","type":"product","link":"https:\/\/lebrascommunication.fr\/ventes\/produit\/micro-deporte-3\/","title":{"rendered":"Micro d\u00e9port\u00e9 compact"},"content":{"rendered":"<p>Micro d\u00e9port\u00e9 compact et ergonomique<\/p>\n<p>Fourni avec la fixation adapt\u00e9e (r\u00e9f:\u00a0<a href=\"http:\/\/lbc-systems.com\/dm1000-dm2000\/301-fixation-universelle-pour-micros.html\">HLN9073<\/a>)<\/p>\n<p>Compatibilit\u00e9 : DM1000, DM2000, CM, GM<\/p>\n<p>Longueur du c\u00e2ble : 2,13 m (torsad\u00e9)<\/p>\n","protected":false},"excerpt":{"rendered":"<p>Micro d\u00e9port\u00e9 compact avec\u00a0sa fixation<\/p>\n","protected":false},"featured_media":775,"template":"","meta":[],"product_brand":[3074],"product_cat":[3088],"product_tag":[3282,3744,3743,3284,3285,3283,3281],"class_list":{"0":"post-787","1":"product","2":"type-product","3":"status-publish","4":"has-post-thumbnail","6":"product_brand-motorola","7":"product_cat-accessoires-pour-bases-ou-mobiles-motorola","8":"product_tag-cm","9":"product_tag-compact","10":"product_tag-deporte","11":"product_tag-dm1000","12":"product_tag-dm2000","13":"product_tag-gm","14":"product_tag-micro","16":"first","17":"instock","18":"shipping-taxable","19":"purchasable","20":"product-type-simple"},"_links":{"self":[{"href":"https:\/\/lebrascommunication.fr\/ventes\/wp-json\/wp\/v2\/product\/787","targetHints":{"allow":["GET"]}}],"collection":[{"href":"https:\/\/lebrascommunication.fr\/ventes\/wp-json\/wp\/v2\/product"}],"about":[{"href":"https:\/\/lebrascommunication.fr\/ventes\/wp-json\/wp\/v2\/types\/product"}],"wp:featuredmedia":[{"embeddable":true,"href":"https:\/\/lebrascommunication.fr\/ventes\/wp-json\/wp\/v2\/media\/775"}],"wp:attachment":[{"href":"https:\/\/lebrascommunication.fr\/ventes\/wp-json\/wp\/v2\/media?parent=787"}],"wp:term":[{"taxonomy":"product_brand","embeddable":true,"href":"https:\/\/lebrascommunication.fr\/ventes\/wp-json\/wp\/v2\/product_brand?post=787"},{"taxonomy":"product_cat","embeddable":true,"href":"https:\/\/lebrascommunication.fr\/ventes\/wp-json\/wp\/v2\/product_cat?post=787"},{"taxonomy":"product_tag","embeddable":true,"href":"https:\/\/lebrascommunication.fr\/ventes\/wp-json\/wp\/v2\/product_tag?post=787"}],"curies":[{"name":"wp","href":"https:\/\/api.w.org\/{rel}","templated":true}]}}