{"id":781,"date":"2018-01-16T10:57:06","date_gmt":"2018-01-16T09:57:06","guid":{"rendered":"https:\/\/lebrascommunication.fr\/ventes\/produit\/batterie-ni-mh-72v-1500mah\/"},"modified":"2026-01-07T14:05:40","modified_gmt":"2026-01-07T13:05:40","slug":"batterie-ni-mh-72v-1500mah","status":"publish","type":"product","link":"https:\/\/lebrascommunication.fr\/ventes\/produit\/batterie-ni-mh-72v-1500mah\/","title":{"rendered":"Batterie Ni-MH 7,2V 1500mAh"},"content":{"rendered":"<p><strong>Batterie compatible avec les appareils ICOM suivants :<\/strong><\/p>\n<p><span style=\"text-decoration: underline\">Talkies aviation<\/span> :<\/p>\n<ul>\n<li>IC-A24E<\/li>\n<li>IC-A24FR<\/li>\n<li>IC-A24FRII<\/li>\n<li>IC-A6E<\/li>\n<li>IRC-A6F<\/li>\n<li>IC-A6FRII<\/li>\n<\/ul>\n<p><span style=\"text-decoration: underline\">Talkies marine<\/span> :<\/p>\n<ul>\n<li>IC-A6FRIIM<\/li>\n<li>IC-A6FRM<\/li>\n<\/ul>\n<p><strong>Caract\u00e9ristiques :<\/strong><\/p>\n<ul>\n<li>Type : Ni-MH<\/li>\n<li>Capacit\u00e9 : 1500 mAh<\/li>\n<\/ul>\n<div class=\"rte\">\n<p><strong>Notre avis : <\/strong>Pour une utilisation intensive ou sur le long terme, nous vous conseillons de privil\u00e9gier les batteries Li-Ion.<\/p>\n<p>Les batteries Ni-MH ayant une m\u00e9moire de charge, leur dur\u00e9e de vie ne d\u00e9passe g\u00e9n\u00e9ralement pas 3 ans.<\/p>\n<p>A intensit\u00e9 \u00e9gale, la batterie Li-Ion offre une autonomie sup\u00e9rieure ainsi qu&rsquo;un format et un poids r\u00e9duits. Sa dur\u00e9e de vie est en moyenne sup\u00e9rieure de 2 ans.<\/p>\n<p>Les batteries Ni-MH pr\u00e9sentent un int\u00e9r\u00eat en cas de climats tr\u00e8s froids (-20\u00b0C), en cas d&rsquo;import-export (conditionnement et tarifs) et son co\u00fbt peut convenir \u00e0 tout type de budget.<\/p>\n<\/div>\n","protected":false},"excerpt":{"rendered":"<p>Batterie Ni-MH 7,2V 1500MAh<\/p>\n","protected":false},"featured_media":3589,"template":"","meta":[],"product_brand":[3077],"product_cat":[3082],"product_tag":[3175,3288,3289,3290,3291,3293,3294,3295,3277,3292],"class_list":{"0":"post-781","1":"product","2":"type-product","3":"status-publish","4":"has-post-thumbnail","6":"product_brand-icom","7":"product_cat-accessoires-talkies-pro-icom","8":"product_tag-batterie","9":"product_tag-ic-a24e","10":"product_tag-ic-a24fr","11":"product_tag-ic-a24frii","12":"product_tag-ic-a6e","13":"product_tag-ic-a6frii","14":"product_tag-ic-a6friim","15":"product_tag-ic-a6frm","16":"product_tag-icom","17":"product_tag-irc-a6f","19":"first","20":"instock","21":"shipping-taxable","22":"purchasable","23":"product-type-simple"},"_links":{"self":[{"href":"https:\/\/lebrascommunication.fr\/ventes\/wp-json\/wp\/v2\/product\/781","targetHints":{"allow":["GET"]}}],"collection":[{"href":"https:\/\/lebrascommunication.fr\/ventes\/wp-json\/wp\/v2\/product"}],"about":[{"href":"https:\/\/lebrascommunication.fr\/ventes\/wp-json\/wp\/v2\/types\/product"}],"wp:featuredmedia":[{"embeddable":true,"href":"https:\/\/lebrascommunication.fr\/ventes\/wp-json\/wp\/v2\/media\/3589"}],"wp:attachment":[{"href":"https:\/\/lebrascommunication.fr\/ventes\/wp-json\/wp\/v2\/media?parent=781"}],"wp:term":[{"taxonomy":"product_brand","embeddable":true,"href":"https:\/\/lebrascommunication.fr\/ventes\/wp-json\/wp\/v2\/product_brand?post=781"},{"taxonomy":"product_cat","embeddable":true,"href":"https:\/\/lebrascommunication.fr\/ventes\/wp-json\/wp\/v2\/product_cat?post=781"},{"taxonomy":"product_tag","embeddable":true,"href":"https:\/\/lebrascommunication.fr\/ventes\/wp-json\/wp\/v2\/product_tag?post=781"}],"curies":[{"name":"wp","href":"https:\/\/api.w.org\/{rel}","templated":true}]}}