{"id":776,"date":"2020-05-03T09:53:08","date_gmt":"2020-05-03T07:53:08","guid":{"rendered":"https:\/\/lebrascommunication.fr\/ventes\/produit\/licence-perte-de-verticalite-pti\/"},"modified":"2025-12-24T12:13:07","modified_gmt":"2025-12-24T11:13:07","slug":"licence-perte-de-verticalite-pti","status":"publish","type":"product","link":"https:\/\/lebrascommunication.fr\/ventes\/produit\/licence-perte-de-verticalite-pti\/","title":{"rendered":"Licence Perte de verticalit\u00e9 (PTI)"},"content":{"rendered":"<p>Licence de\u00a0Perte de verticalit\u00e9 (PTI)\u00a0pour radios DP4000e, DP3441e-DP3661e, SL4000e. Les mod\u00e8les vendus apr\u00e8s le 18 Novembre 2019 ont cette fonction offerte.<\/p>\n<p>Cette licence\u00a0permet d&rsquo;utiliser la fonction de perte de verticalit\u00e9. Si la radio se trouve \u00e0 l&rsquo;horizontale elle sonne avant d&rsquo;\u00e9mettre une alarme vers d&rsquo;autres radios ou \u00e0 un centre de commande.<\/p>\n<p>Une licence n\u00e9cessaire par poste.<\/p>\n<p><strong>Attention : <\/strong>pour activer vous m\u00eame une licence, le logiciel CPS, le ou les c\u00e2bles de programmation compatibles avec vos radios, une connexion internet ainsi que le code fournit \u00e0 l&rsquo;achat de la licence seront n\u00e9cessaires.<\/p>\n<p><strong>Sinon, chez LBC Systems l&rsquo;activation des licences est gratuite !<\/strong><\/p>\n","protected":false},"excerpt":{"rendered":"<p>Licence de\u00a0Perte de verticalit\u00e9 (PTI)\u00a0pour radios DP4000e, DP3441e-DP3661e et SL4000e.<\/p>\n","protected":false},"featured_media":772,"template":"","meta":[],"product_brand":[3074],"product_cat":[3179,3163,3181],"product_tag":[3174,3249,3193,3250,3225,3437,3257,1154,3220,3460],"class_list":{"0":"post-776","1":"product","2":"type-product","3":"status-publish","4":"has-post-thumbnail","6":"product_brand-motorola","7":"product_cat-dp3000e","8":"product_cat-accessoires-talkies-motorola","9":"product_cat-sl-tlk","10":"product_tag-dp3441","11":"product_tag-dp3441e","12":"product_tag-dp3661","13":"product_tag-dp3661e","14":"product_tag-dp4000","15":"product_tag-dp4000e","16":"product_tag-licence","17":"product_tag-pti","18":"product_tag-sl4000","19":"product_tag-sl4000e","21":"first","22":"instock","23":"shipping-taxable","24":"purchasable","25":"product-type-simple"},"_links":{"self":[{"href":"https:\/\/lebrascommunication.fr\/ventes\/wp-json\/wp\/v2\/product\/776","targetHints":{"allow":["GET"]}}],"collection":[{"href":"https:\/\/lebrascommunication.fr\/ventes\/wp-json\/wp\/v2\/product"}],"about":[{"href":"https:\/\/lebrascommunication.fr\/ventes\/wp-json\/wp\/v2\/types\/product"}],"wp:featuredmedia":[{"embeddable":true,"href":"https:\/\/lebrascommunication.fr\/ventes\/wp-json\/wp\/v2\/media\/772"}],"wp:attachment":[{"href":"https:\/\/lebrascommunication.fr\/ventes\/wp-json\/wp\/v2\/media?parent=776"}],"wp:term":[{"taxonomy":"product_brand","embeddable":true,"href":"https:\/\/lebrascommunication.fr\/ventes\/wp-json\/wp\/v2\/product_brand?post=776"},{"taxonomy":"product_cat","embeddable":true,"href":"https:\/\/lebrascommunication.fr\/ventes\/wp-json\/wp\/v2\/product_cat?post=776"},{"taxonomy":"product_tag","embeddable":true,"href":"https:\/\/lebrascommunication.fr\/ventes\/wp-json\/wp\/v2\/product_tag?post=776"}],"curies":[{"name":"wp","href":"https:\/\/api.w.org\/{rel}","templated":true}]}}