{"id":770,"date":"2016-02-11T18:14:05","date_gmt":"2016-02-11T17:14:05","guid":{"rendered":"https:\/\/lebrascommunication.fr\/ventes\/produit\/micro-oreillette-contour-3\/"},"modified":"2026-01-26T15:34:58","modified_gmt":"2026-01-26T14:34:58","slug":"micro-oreillette-contour-3","status":"publish","type":"product","link":"https:\/\/lebrascommunication.fr\/ventes\/produit\/micro-oreillette-contour-3\/","title":{"rendered":"Micro-oreillette contour"},"content":{"rendered":"<p>Micro-oreillette contour avec alternat pour les gammes de talkies CP, DP1000 et P100.<\/p>\n<p><strong>Caract\u00e9ristiques :<\/strong><\/p>\n<ul>\n<li>Utilisation : Re\u00e7oit et transmet<\/li>\n<li>Alternat (Push To Talk) : sur le micro<\/li>\n<li>D\u00e9clenchement par la voix (VOX) : oui<\/li>\n<li>Micro : oui (cravate)<\/li>\n<li>Nombre de fils : 1<\/li>\n<li>Couleur : noir<\/li>\n<li>Type d&rsquo;\u00e9couteur : Oreillette contour reglable<\/li>\n<li>Standard de s\u00e9curit\u00e9 intrins\u00e8que : non<\/li>\n<\/ul>\n<p><strong>Remplace d\u00e9sormais le mod\u00e8le MDPMLN4443A.<\/strong><\/p>\n","protected":false},"excerpt":{"rendered":"<p>Micro-oreillette contour avec alternat pour les gammes de talkies CP, DP1000 et P100.<\/p>\n<p><strong>Remplace d\u00e9sormais le mod\u00e8le MDPMLN4443A.<\/strong><\/p>\n","protected":false},"featured_media":767,"template":"","meta":[],"product_brand":[3074],"product_cat":[3176,3163],"product_tag":[3270,3737,3334,3271],"class_list":{"0":"post-770","1":"product","2":"type-product","3":"status-publish","4":"has-post-thumbnail","6":"product_brand-motorola","7":"product_cat-r2-dp1400","8":"product_cat-accessoires-talkies-motorola","9":"product_tag-cp","10":"product_tag-dp1000","11":"product_tag-micro-oreillette","12":"product_tag-p100","14":"first","15":"instock","16":"shipping-taxable","17":"purchasable","18":"product-type-simple"},"_links":{"self":[{"href":"https:\/\/lebrascommunication.fr\/ventes\/wp-json\/wp\/v2\/product\/770","targetHints":{"allow":["GET"]}}],"collection":[{"href":"https:\/\/lebrascommunication.fr\/ventes\/wp-json\/wp\/v2\/product"}],"about":[{"href":"https:\/\/lebrascommunication.fr\/ventes\/wp-json\/wp\/v2\/types\/product"}],"wp:featuredmedia":[{"embeddable":true,"href":"https:\/\/lebrascommunication.fr\/ventes\/wp-json\/wp\/v2\/media\/767"}],"wp:attachment":[{"href":"https:\/\/lebrascommunication.fr\/ventes\/wp-json\/wp\/v2\/media?parent=770"}],"wp:term":[{"taxonomy":"product_brand","embeddable":true,"href":"https:\/\/lebrascommunication.fr\/ventes\/wp-json\/wp\/v2\/product_brand?post=770"},{"taxonomy":"product_cat","embeddable":true,"href":"https:\/\/lebrascommunication.fr\/ventes\/wp-json\/wp\/v2\/product_cat?post=770"},{"taxonomy":"product_tag","embeddable":true,"href":"https:\/\/lebrascommunication.fr\/ventes\/wp-json\/wp\/v2\/product_tag?post=770"}],"curies":[{"name":"wp","href":"https:\/\/api.w.org\/{rel}","templated":true}]}}