{"id":769,"date":"2018-11-07T18:24:13","date_gmt":"2018-11-07T17:24:13","guid":{"rendered":"https:\/\/lebrascommunication.fr\/ventes\/produit\/micro-deporte-avec-clavier\/"},"modified":"2026-01-22T15:03:28","modified_gmt":"2026-01-22T14:03:28","slug":"micro-deporte-avec-clavier","status":"publish","type":"product","link":"https:\/\/lebrascommunication.fr\/ventes\/produit\/micro-deporte-avec-clavier\/","title":{"rendered":"Micro-d\u00e9port\u00e9 avec clavier"},"content":{"rendered":"<p>Micro-d\u00e9port\u00e9 avec clavier, permet de naviguer ou de composer un num\u00e9ro directement depuis celui ci.<\/p>\n<p>Compatibilit\u00e9s : s\u00e9ries DM1000,\u00a0DM2000, GM, CM<\/p>\n","protected":false},"excerpt":{"rendered":"<p>Micro-d\u00e9port\u00e9 avec clavier<\/p>\n","protected":false},"featured_media":764,"template":"","meta":[],"product_brand":[3074],"product_cat":[3088],"product_tag":[3650,3282,3284,3285,3283,3241],"class_list":{"0":"post-769","1":"product","2":"type-product","3":"status-publish","4":"has-post-thumbnail","6":"product_brand-motorola","7":"product_cat-accessoires-pour-bases-ou-mobiles-motorola","8":"product_tag-clavier","9":"product_tag-cm","10":"product_tag-dm1000","11":"product_tag-dm2000","12":"product_tag-gm","13":"product_tag-micro-deporte","15":"first","16":"instock","17":"shipping-taxable","18":"purchasable","19":"product-type-simple"},"_links":{"self":[{"href":"https:\/\/lebrascommunication.fr\/ventes\/wp-json\/wp\/v2\/product\/769","targetHints":{"allow":["GET"]}}],"collection":[{"href":"https:\/\/lebrascommunication.fr\/ventes\/wp-json\/wp\/v2\/product"}],"about":[{"href":"https:\/\/lebrascommunication.fr\/ventes\/wp-json\/wp\/v2\/types\/product"}],"wp:featuredmedia":[{"embeddable":true,"href":"https:\/\/lebrascommunication.fr\/ventes\/wp-json\/wp\/v2\/media\/764"}],"wp:attachment":[{"href":"https:\/\/lebrascommunication.fr\/ventes\/wp-json\/wp\/v2\/media?parent=769"}],"wp:term":[{"taxonomy":"product_brand","embeddable":true,"href":"https:\/\/lebrascommunication.fr\/ventes\/wp-json\/wp\/v2\/product_brand?post=769"},{"taxonomy":"product_cat","embeddable":true,"href":"https:\/\/lebrascommunication.fr\/ventes\/wp-json\/wp\/v2\/product_cat?post=769"},{"taxonomy":"product_tag","embeddable":true,"href":"https:\/\/lebrascommunication.fr\/ventes\/wp-json\/wp\/v2\/product_tag?post=769"}],"curies":[{"name":"wp","href":"https:\/\/api.w.org\/{rel}","templated":true}]}}