{"id":763,"date":"2016-02-11T18:05:19","date_gmt":"2016-02-11T17:05:19","guid":{"rendered":"https:\/\/lebrascommunication.fr\/ventes\/produit\/micro-hp-deporte-cp-2\/"},"modified":"2026-03-20T14:03:31","modified_gmt":"2026-03-20T13:03:31","slug":"micro-hp-deporte-cp-2","status":"publish","type":"product","link":"https:\/\/lebrascommunication.fr\/ventes\/produit\/micro-hp-deporte-cp-2\/","title":{"rendered":"Micro HP d\u00e9port\u00e9 Mag One"},"content":{"rendered":"<p>Micro-Haut parleur d\u00e9port\u00e9 l\u00e9ger\u00a0Mag One pour les gammes de talkies DP1400, CP et P100.<\/p>\n<p><strong>Caract\u00e9ristiques :<\/strong><\/p>\n<ul>\n<li>Connecteur pour oreillette : non<\/li>\n<li>Bouton programmable : non<\/li>\n<li>Bouton de volume : non<\/li>\n<li>Technologie de r\u00e9duction du bruit de fond : non<\/li>\n<li>Indice de protection : NC<\/li>\n<li>Standard de s\u00e9curit\u00e9 intrins\u00e8que : non<\/li>\n<\/ul>\n<p>Marque distribu\u00e9e par Motorola.<\/p>\n","protected":false},"excerpt":{"rendered":"<p>Micro-Haut parleur d\u00e9port\u00e9 l\u00e9ger\u00a0Mag One pour les gammes de talkies DP1400, CP et P100.<\/p>\n","protected":false},"featured_media":758,"template":"","meta":[],"product_brand":[3074],"product_cat":[3181],"product_tag":[3270,3242,3640,3281,3271],"class_list":{"0":"post-763","1":"product","2":"type-product","3":"status-publish","4":"has-post-thumbnail","6":"product_brand-motorola","7":"product_cat-sl-tlk","8":"product_tag-cp","9":"product_tag-dp1400","10":"product_tag-mag-one","11":"product_tag-micro","12":"product_tag-p100","14":"first","15":"instock","16":"shipping-taxable","17":"purchasable","18":"product-type-simple"},"_links":{"self":[{"href":"https:\/\/lebrascommunication.fr\/ventes\/wp-json\/wp\/v2\/product\/763","targetHints":{"allow":["GET"]}}],"collection":[{"href":"https:\/\/lebrascommunication.fr\/ventes\/wp-json\/wp\/v2\/product"}],"about":[{"href":"https:\/\/lebrascommunication.fr\/ventes\/wp-json\/wp\/v2\/types\/product"}],"wp:featuredmedia":[{"embeddable":true,"href":"https:\/\/lebrascommunication.fr\/ventes\/wp-json\/wp\/v2\/media\/758"}],"wp:attachment":[{"href":"https:\/\/lebrascommunication.fr\/ventes\/wp-json\/wp\/v2\/media?parent=763"}],"wp:term":[{"taxonomy":"product_brand","embeddable":true,"href":"https:\/\/lebrascommunication.fr\/ventes\/wp-json\/wp\/v2\/product_brand?post=763"},{"taxonomy":"product_cat","embeddable":true,"href":"https:\/\/lebrascommunication.fr\/ventes\/wp-json\/wp\/v2\/product_cat?post=763"},{"taxonomy":"product_tag","embeddable":true,"href":"https:\/\/lebrascommunication.fr\/ventes\/wp-json\/wp\/v2\/product_tag?post=763"}],"curies":[{"name":"wp","href":"https:\/\/api.w.org\/{rel}","templated":true}]}}