{"id":752,"date":"2016-02-11T18:01:19","date_gmt":"2016-02-11T17:01:19","guid":{"rendered":"https:\/\/lebrascommunication.fr\/ventes\/produit\/micro-oreillette-discrete-8\/"},"modified":"2026-03-20T14:04:47","modified_gmt":"2026-03-20T13:04:47","slug":"micro-oreillette-discrete-8","status":"publish","type":"product","link":"https:\/\/lebrascommunication.fr\/ventes\/produit\/micro-oreillette-discrete-8\/","title":{"rendered":"Micro-oreillette discr\u00e8te"},"content":{"rendered":"<p>Micro-oreillette beige avec tube acoustique pour les gammes de talkies CP, DP1400 et P100.<\/p>\n<p><strong>Caract\u00e9ristiques :<\/strong><\/p>\n<ul>\n<li>Utilisation : Re\u00e7oit et transmet<\/li>\n<li>Alternat (Push To Talk) : sur le micro<\/li>\n<li>D\u00e9clenchement par la voix (VOX) : non<\/li>\n<li>Micro : oui (au choix main ou cravate)<\/li>\n<li>Nombre de fils : 2<\/li>\n<li>Couleur : Noir<\/li>\n<li>Type d&rsquo;\u00e9couteur : Tube acoustique avec t\u00e9tine silicone<\/li>\n<li>Standard de s\u00e9curit\u00e9 intrins\u00e8que : non<\/li>\n<\/ul>\n","protected":false},"excerpt":{"rendered":"<p>Micro-oreillette noire avec tube acoustique pour les gammes de talkies CP, DP1400 et P100.<\/p>\n","protected":false},"featured_media":749,"template":"","meta":[],"product_brand":[3074],"product_cat":[3176,3163],"product_tag":[3270,3242,3334,3271,3727],"class_list":{"0":"post-752","1":"product","2":"type-product","3":"status-publish","4":"has-post-thumbnail","6":"product_brand-motorola","7":"product_cat-r2-dp1400","8":"product_cat-accessoires-talkies-motorola","9":"product_tag-cp","10":"product_tag-dp1400","11":"product_tag-micro-oreillette","12":"product_tag-p100","13":"product_tag-tube-acoustique","15":"first","16":"instock","17":"shipping-taxable","18":"purchasable","19":"product-type-simple"},"_links":{"self":[{"href":"https:\/\/lebrascommunication.fr\/ventes\/wp-json\/wp\/v2\/product\/752","targetHints":{"allow":["GET"]}}],"collection":[{"href":"https:\/\/lebrascommunication.fr\/ventes\/wp-json\/wp\/v2\/product"}],"about":[{"href":"https:\/\/lebrascommunication.fr\/ventes\/wp-json\/wp\/v2\/types\/product"}],"wp:featuredmedia":[{"embeddable":true,"href":"https:\/\/lebrascommunication.fr\/ventes\/wp-json\/wp\/v2\/media\/749"}],"wp:attachment":[{"href":"https:\/\/lebrascommunication.fr\/ventes\/wp-json\/wp\/v2\/media?parent=752"}],"wp:term":[{"taxonomy":"product_brand","embeddable":true,"href":"https:\/\/lebrascommunication.fr\/ventes\/wp-json\/wp\/v2\/product_brand?post=752"},{"taxonomy":"product_cat","embeddable":true,"href":"https:\/\/lebrascommunication.fr\/ventes\/wp-json\/wp\/v2\/product_cat?post=752"},{"taxonomy":"product_tag","embeddable":true,"href":"https:\/\/lebrascommunication.fr\/ventes\/wp-json\/wp\/v2\/product_tag?post=752"}],"curies":[{"name":"wp","href":"https:\/\/api.w.org\/{rel}","templated":true}]}}