{"id":747,"date":"2020-05-03T09:05:32","date_gmt":"2020-05-03T07:05:32","guid":{"rendered":"https:\/\/lebrascommunication.fr\/ventes\/produit\/licence-authentification-radio-desactivee\/"},"modified":"2025-12-23T14:07:28","modified_gmt":"2025-12-23T13:07:28","slug":"licence-authentification-radio-desactivee","status":"publish","type":"product","link":"https:\/\/lebrascommunication.fr\/ventes\/produit\/licence-authentification-radio-desactivee\/","title":{"rendered":"Licence Authentification radio d\u00e9sactiv\u00e9e"},"content":{"rendered":"<p>Licence\u00a0d&rsquo;authentification radio d\u00e9sactiv\u00e9e pour radios DP4000, DP4000 ATEX, DP3441-DP3661e, SL4000, DM4000, et versions \u00ab\u00a0e\u00a0\u00bb.<\/p>\n<p>Cette licence\u00a0permet\u00a0d&rsquo;authentifier la commande \u00ab\u00a0radio d\u00e9sactiv\u00e9e\u00a0\u00bb afin de s\u00e9curiser cette fonction de la norme DMR. En effet sans cette licence, une d\u00e9sactivation malveillante \u00e0 distance est possible.<\/p>\n<p>Une licence n\u00e9cessaire par poste.<\/p>\n<p><strong>Attention : <\/strong>pour activer vous m\u00eame une licence, le logiciel CPS, le ou les c\u00e2bles de programmation compatibles avec vos radios, une connexion internet ainsi que le code fournit \u00e0 l&rsquo;achat de la licence seront n\u00e9cessaires.<\/p>\n<p><strong>Sinon, chez LBC Systems l&rsquo;activation des licences est gratuite !<\/strong><\/p>\n","protected":false},"excerpt":{"rendered":"<p>Licence\u00a0d&rsquo;authentification \u00ab\u00a0radio d\u00e9sactiv\u00e9e\u00a0\u00bb pour radios DP4000, DP4000 ATEX, DP3441-DP3661e, SL4000, DM4000, et versions \u00ab\u00a0e\u00a0\u00bb.<\/p>\n","protected":false},"featured_media":742,"template":"","meta":[],"product_brand":[3074],"product_cat":[3096],"product_tag":[3410,3257,3219],"class_list":{"0":"post-747","1":"product","2":"type-product","3":"status-publish","4":"has-post-thumbnail","6":"product_brand-motorola","7":"product_cat-accessoires-relais-motorola","8":"product_tag-capacity-plus","9":"product_tag-licence","10":"product_tag-relais","12":"first","13":"instock","14":"shipping-taxable","15":"purchasable","16":"product-type-simple"},"_links":{"self":[{"href":"https:\/\/lebrascommunication.fr\/ventes\/wp-json\/wp\/v2\/product\/747","targetHints":{"allow":["GET"]}}],"collection":[{"href":"https:\/\/lebrascommunication.fr\/ventes\/wp-json\/wp\/v2\/product"}],"about":[{"href":"https:\/\/lebrascommunication.fr\/ventes\/wp-json\/wp\/v2\/types\/product"}],"wp:featuredmedia":[{"embeddable":true,"href":"https:\/\/lebrascommunication.fr\/ventes\/wp-json\/wp\/v2\/media\/742"}],"wp:attachment":[{"href":"https:\/\/lebrascommunication.fr\/ventes\/wp-json\/wp\/v2\/media?parent=747"}],"wp:term":[{"taxonomy":"product_brand","embeddable":true,"href":"https:\/\/lebrascommunication.fr\/ventes\/wp-json\/wp\/v2\/product_brand?post=747"},{"taxonomy":"product_cat","embeddable":true,"href":"https:\/\/lebrascommunication.fr\/ventes\/wp-json\/wp\/v2\/product_cat?post=747"},{"taxonomy":"product_tag","embeddable":true,"href":"https:\/\/lebrascommunication.fr\/ventes\/wp-json\/wp\/v2\/product_tag?post=747"}],"curies":[{"name":"wp","href":"https:\/\/api.w.org\/{rel}","templated":true}]}}