{"id":740,"date":"2016-02-11T17:59:03","date_gmt":"2016-02-11T16:59:03","guid":{"rendered":"https:\/\/lebrascommunication.fr\/ventes\/produit\/micro-hp-deporte-cp\/"},"modified":"2026-03-20T13:47:55","modified_gmt":"2026-03-20T12:47:55","slug":"micro-hp-deporte-cp","status":"publish","type":"product","link":"https:\/\/lebrascommunication.fr\/ventes\/produit\/micro-hp-deporte-cp\/","title":{"rendered":"Micro HP d\u00e9port\u00e9"},"content":{"rendered":"<p>Micro-Haut parleur d\u00e9port\u00e9 pour les gammes de talkies DP1400, CP et P100.<\/p>\n<p><strong>Caract\u00e9ristiques :<\/strong><\/p>\n<ul>\n<li>Connecteur pour oreillette : jack 3.5 mm<\/li>\n<li>Bouton programmable : non<\/li>\n<li>Bouton de volume : non<\/li>\n<li>Technologie de r\u00e9duction du bruit de fond : oui (notamment en cas de vent)<\/li>\n<li>Indice de protection : IP54 (poussi\u00e8re et projection d&rsquo;eau)<\/li>\n<li>Standard de s\u00e9curit\u00e9 intrins\u00e8que : FM avec les s\u00e9ries CP140, CP160 et CP180<\/li>\n<\/ul>\n<p><strong>Notre avis :<\/strong> Ce mod\u00e8le n&rsquo;est utile que s&rsquo;il est utilis\u00e9 avec les oreillettes pour micro-d\u00e9port\u00e9s. La connexion jack 3.5mm le rend plus on\u00e9reux et moins \u00e9tanche.<\/p>\n<p><strong>A savoir :<\/strong> Lorsqu&rsquo;on connecte une micro-oreillette, le haut-parleur se coupe.<\/p>\n","protected":false},"excerpt":{"rendered":"<p>Micro-Haut parleur d\u00e9port\u00e9 pour les gammes de talkies DP1400, CP et P100.<\/p>\n","protected":false},"featured_media":739,"template":"","meta":[],"product_brand":[3074],"product_cat":[3163],"product_tag":[3270,3242,3241,3271],"class_list":{"0":"post-740","1":"product","2":"type-product","3":"status-publish","4":"has-post-thumbnail","6":"product_brand-motorola","7":"product_cat-accessoires-talkies-motorola","8":"product_tag-cp","9":"product_tag-dp1400","10":"product_tag-micro-deporte","11":"product_tag-p100","13":"first","14":"instock","15":"shipping-taxable","16":"purchasable","17":"product-type-simple"},"_links":{"self":[{"href":"https:\/\/lebrascommunication.fr\/ventes\/wp-json\/wp\/v2\/product\/740","targetHints":{"allow":["GET"]}}],"collection":[{"href":"https:\/\/lebrascommunication.fr\/ventes\/wp-json\/wp\/v2\/product"}],"about":[{"href":"https:\/\/lebrascommunication.fr\/ventes\/wp-json\/wp\/v2\/types\/product"}],"wp:featuredmedia":[{"embeddable":true,"href":"https:\/\/lebrascommunication.fr\/ventes\/wp-json\/wp\/v2\/media\/739"}],"wp:attachment":[{"href":"https:\/\/lebrascommunication.fr\/ventes\/wp-json\/wp\/v2\/media?parent=740"}],"wp:term":[{"taxonomy":"product_brand","embeddable":true,"href":"https:\/\/lebrascommunication.fr\/ventes\/wp-json\/wp\/v2\/product_brand?post=740"},{"taxonomy":"product_cat","embeddable":true,"href":"https:\/\/lebrascommunication.fr\/ventes\/wp-json\/wp\/v2\/product_cat?post=740"},{"taxonomy":"product_tag","embeddable":true,"href":"https:\/\/lebrascommunication.fr\/ventes\/wp-json\/wp\/v2\/product_tag?post=740"}],"curies":[{"name":"wp","href":"https:\/\/api.w.org\/{rel}","templated":true}]}}