{"id":74,"date":"2016-02-15T16:24:17","date_gmt":"2016-02-15T15:24:17","guid":{"rendered":"https:\/\/lebrascommunication.fr\/ventes\/produit\/kit-de-surveillance-pour-serie-dp2000\/"},"modified":"2025-12-24T12:03:55","modified_gmt":"2025-12-24T11:03:55","slug":"kit-de-surveillance-pour-serie-dp2000","status":"publish","type":"product","link":"https:\/\/lebrascommunication.fr\/ventes\/produit\/kit-de-surveillance-pour-serie-dp2000\/","title":{"rendered":"Micro-oreillette discr\u00e8te &#8211; beige"},"content":{"rendered":"<p>Kit de surveillance avec oreillette amovible\u00a0pour les gammes de talkies DP2000, DP3441 et DP3661 ainsi que les versions \u00ab\u00a0e\u00a0\u00bb.<\/p>\n<p><strong>Caract\u00e9ristiques :<\/strong><\/p>\n<ul>\n<li>Utilisation : Re\u00e7oit et transmet<\/li>\n<li>Alternat (Push To Talk) : \u00e0\u00a0 main, s\u00e9par\u00e9<\/li>\n<li>D\u00e9clenchement par la voix (VOX) : oui<\/li>\n<li>Micro : oui (cravate)<\/li>\n<li>Nombre de fils : 3<\/li>\n<li>Couleur : beige<\/li>\n<li>Type d&rsquo;\u00e9couteur : tube acoustique avec t\u00e9tine silicone<\/li>\n<\/ul>\n<p>R\u00e9f\u00e9rence tube acoustique + \u00e9couteur silicone pour remplacement : <span class=\"tableData\">RLN6242A.<\/span><\/p>\n","protected":false},"excerpt":{"rendered":"<p>Kit de surveillance avec oreillette amovible\u00a0pour les gammes de talkies DP2000, DP3441 et DP3661 ainsi que les versions \u00ab\u00a0e\u00a0\u00bb.<\/p>\n","protected":false},"featured_media":66,"template":"","meta":[],"product_brand":[3304],"product_cat":[3177,3179,3163],"product_tag":[3256,3203,3174,3193,3334],"class_list":{"0":"post-74","1":"product","2":"type-product","3":"status-publish","4":"has-post-thumbnail","6":"product_brand-lbc","7":"product_cat-r5-dp2000e","8":"product_cat-dp3000e","9":"product_cat-accessoires-talkies-motorola","10":"product_tag-beige","11":"product_tag-dp2000","12":"product_tag-dp3441","13":"product_tag-dp3661","14":"product_tag-micro-oreillette","16":"first","17":"instock","18":"shipping-taxable","19":"purchasable","20":"product-type-simple"},"_links":{"self":[{"href":"https:\/\/lebrascommunication.fr\/ventes\/wp-json\/wp\/v2\/product\/74","targetHints":{"allow":["GET"]}}],"collection":[{"href":"https:\/\/lebrascommunication.fr\/ventes\/wp-json\/wp\/v2\/product"}],"about":[{"href":"https:\/\/lebrascommunication.fr\/ventes\/wp-json\/wp\/v2\/types\/product"}],"wp:featuredmedia":[{"embeddable":true,"href":"https:\/\/lebrascommunication.fr\/ventes\/wp-json\/wp\/v2\/media\/66"}],"wp:attachment":[{"href":"https:\/\/lebrascommunication.fr\/ventes\/wp-json\/wp\/v2\/media?parent=74"}],"wp:term":[{"taxonomy":"product_brand","embeddable":true,"href":"https:\/\/lebrascommunication.fr\/ventes\/wp-json\/wp\/v2\/product_brand?post=74"},{"taxonomy":"product_cat","embeddable":true,"href":"https:\/\/lebrascommunication.fr\/ventes\/wp-json\/wp\/v2\/product_cat?post=74"},{"taxonomy":"product_tag","embeddable":true,"href":"https:\/\/lebrascommunication.fr\/ventes\/wp-json\/wp\/v2\/product_tag?post=74"}],"curies":[{"name":"wp","href":"https:\/\/api.w.org\/{rel}","templated":true}]}}