{"id":736,"date":"2020-05-02T21:02:05","date_gmt":"2020-05-02T19:02:05","guid":{"rendered":"https:\/\/lebrascommunication.fr\/ventes\/produit\/licence-wi-fi\/"},"modified":"2025-12-24T12:11:09","modified_gmt":"2025-12-24T11:11:09","slug":"licence-wi-fi","status":"publish","type":"product","link":"https:\/\/lebrascommunication.fr\/ventes\/produit\/licence-wi-fi\/","title":{"rendered":"Licence Wi-Fi"},"content":{"rendered":"<p>Licence Wi-Fi pour radios\u00a0DP4000e, DP3441e-DP3661e, SL4010e, DM4000e.<\/p>\n<p>Cette licence\u00a0permet\u00a0d&rsquo;utiliser des r\u00e9seaux Wi-Fi pour des applications \u00e0 developper dans les cartes d&rsquo;options GOB. Par exemple transf\u00e9rer les donn\u00e9es de g\u00e9olocalisations pour ne pas encombrer le r\u00e9seau radio.<\/p>\n<p>Une licence n\u00e9cessaire par poste.<\/p>\n<p><strong>Attention : <\/strong>pour activer vous m\u00eame une licence, le logiciel CPS, le ou les c\u00e2bles de programmation compatibles avec vos radios, une connexion internet ainsi que le code fournit \u00e0 l&rsquo;achat de la licence seront n\u00e9cessaires.<\/p>\n<p><strong>Sinon, chez LBC Systems l&rsquo;activation des licences est gratuite !<\/strong><\/p>\n","protected":false},"excerpt":{"rendered":"<p>Licence Wi-Fi pour radios\u00a0DP4000e, DP3441e-DP3661e, SL4010e, DM4000e.<\/p>\n","protected":false},"featured_media":734,"template":"","meta":[],"product_brand":[3074],"product_cat":[3179,3163,3181],"product_tag":[3438,3174,3249,3193,3250,3437,3257,3261,3266],"class_list":{"0":"post-736","1":"product","2":"type-product","3":"status-publish","4":"has-post-thumbnail","6":"product_brand-motorola","7":"product_cat-dp3000e","8":"product_cat-accessoires-talkies-motorola","9":"product_cat-sl-tlk","10":"product_tag-dm4000e","11":"product_tag-dp3441","12":"product_tag-dp3441e","13":"product_tag-dp3661","14":"product_tag-dp3661e","15":"product_tag-dp4000e","16":"product_tag-licence","17":"product_tag-sl4010e","18":"product_tag-wi-fi","20":"first","21":"instock","22":"shipping-taxable","23":"purchasable","24":"product-type-simple"},"_links":{"self":[{"href":"https:\/\/lebrascommunication.fr\/ventes\/wp-json\/wp\/v2\/product\/736","targetHints":{"allow":["GET"]}}],"collection":[{"href":"https:\/\/lebrascommunication.fr\/ventes\/wp-json\/wp\/v2\/product"}],"about":[{"href":"https:\/\/lebrascommunication.fr\/ventes\/wp-json\/wp\/v2\/types\/product"}],"wp:featuredmedia":[{"embeddable":true,"href":"https:\/\/lebrascommunication.fr\/ventes\/wp-json\/wp\/v2\/media\/734"}],"wp:attachment":[{"href":"https:\/\/lebrascommunication.fr\/ventes\/wp-json\/wp\/v2\/media?parent=736"}],"wp:term":[{"taxonomy":"product_brand","embeddable":true,"href":"https:\/\/lebrascommunication.fr\/ventes\/wp-json\/wp\/v2\/product_brand?post=736"},{"taxonomy":"product_cat","embeddable":true,"href":"https:\/\/lebrascommunication.fr\/ventes\/wp-json\/wp\/v2\/product_cat?post=736"},{"taxonomy":"product_tag","embeddable":true,"href":"https:\/\/lebrascommunication.fr\/ventes\/wp-json\/wp\/v2\/product_tag?post=736"}],"curies":[{"name":"wp","href":"https:\/\/api.w.org\/{rel}","templated":true}]}}