{"id":727,"date":"2020-05-02T20:51:45","date_gmt":"2020-05-02T18:51:45","guid":{"rendered":"https:\/\/lebrascommunication.fr\/ventes\/produit\/licence-cryptage-aes-256-bit\/"},"modified":"2025-12-24T12:12:44","modified_gmt":"2025-12-24T11:12:44","slug":"licence-cryptage-aes-256-bit","status":"publish","type":"product","link":"https:\/\/lebrascommunication.fr\/ventes\/produit\/licence-cryptage-aes-256-bit\/","title":{"rendered":"Licence Cryptage AES 256 bit"},"content":{"rendered":"<p>Licence\u00a0de cryptage AES 256 bit\u00a0pour radios DP4000, DP4000 ATEX, DP3441-DP3661e, SL4000, DM4000, et versions \u00ab\u00a0e\u00a0\u00bb.<\/p>\n<p>Cette licence\u00a0permet\u00a0de crypter les donn\u00e9es ainsi que les conversations. Il s&rsquo;agit d&rsquo;un tr\u00e8s haut niveau de cryptage.<\/p>\n<p>Une licence n\u00e9cessaire par poste.<\/p>\n<p><strong>Attention : <\/strong>pour activer vous m\u00eame une licence, le logiciel CPS, le ou les c\u00e2bles de programmation compatibles avec vos radios, une connexion internet ainsi que le code fournit \u00e0 l&rsquo;achat de la licence seront n\u00e9cessaires.<\/p>\n<p><strong>Sinon, chez LBC Systems l&rsquo;activation des licences est gratuite !<\/strong><\/p>\n","protected":false},"excerpt":{"rendered":"<p>Licence\u00a0de cryptage AES 256 bit\u00a0pour radios DP4000, DP4000 ATEX, DP3441-DP3661e, SL4000, DM4000, et versions \u00ab\u00a0e\u00a0\u00bb.<\/p>\n","protected":false},"featured_media":725,"template":"","meta":[],"product_brand":[3074],"product_cat":[3179,3163,3181,3183],"product_tag":[3475,3338,3174,3372,3249,3193,3250,3225,3374,3257,3220],"class_list":{"0":"post-727","1":"product","2":"type-product","3":"status-publish","4":"has-post-thumbnail","6":"product_brand-motorola","7":"product_cat-dp3000e","8":"product_cat-accessoires-talkies-motorola","9":"product_cat-sl-tlk","10":"product_cat-dm4000","11":"product_tag-cryptage","12":"product_tag-dm4000","13":"product_tag-dp3441","14":"product_tag-dp3441-dp3661e","15":"product_tag-dp3441e","16":"product_tag-dp3661","17":"product_tag-dp3661e","18":"product_tag-dp4000","19":"product_tag-dp4000-atex","20":"product_tag-licence","21":"product_tag-sl4000","23":"first","24":"instock","25":"shipping-taxable","26":"purchasable","27":"product-type-simple"},"_links":{"self":[{"href":"https:\/\/lebrascommunication.fr\/ventes\/wp-json\/wp\/v2\/product\/727","targetHints":{"allow":["GET"]}}],"collection":[{"href":"https:\/\/lebrascommunication.fr\/ventes\/wp-json\/wp\/v2\/product"}],"about":[{"href":"https:\/\/lebrascommunication.fr\/ventes\/wp-json\/wp\/v2\/types\/product"}],"wp:featuredmedia":[{"embeddable":true,"href":"https:\/\/lebrascommunication.fr\/ventes\/wp-json\/wp\/v2\/media\/725"}],"wp:attachment":[{"href":"https:\/\/lebrascommunication.fr\/ventes\/wp-json\/wp\/v2\/media?parent=727"}],"wp:term":[{"taxonomy":"product_brand","embeddable":true,"href":"https:\/\/lebrascommunication.fr\/ventes\/wp-json\/wp\/v2\/product_brand?post=727"},{"taxonomy":"product_cat","embeddable":true,"href":"https:\/\/lebrascommunication.fr\/ventes\/wp-json\/wp\/v2\/product_cat?post=727"},{"taxonomy":"product_tag","embeddable":true,"href":"https:\/\/lebrascommunication.fr\/ventes\/wp-json\/wp\/v2\/product_tag?post=727"}],"curies":[{"name":"wp","href":"https:\/\/api.w.org\/{rel}","templated":true}]}}