{"id":722,"date":"2020-05-02T20:28:19","date_gmt":"2020-05-02T18:28:19","guid":{"rendered":"https:\/\/lebrascommunication.fr\/ventes\/produit\/bluetooth-discoverable-indoor-location\/"},"modified":"2025-12-24T12:10:49","modified_gmt":"2025-12-24T11:10:49","slug":"bluetooth-discoverable-indoor-location","status":"publish","type":"product","link":"https:\/\/lebrascommunication.fr\/ventes\/produit\/bluetooth-discoverable-indoor-location\/","title":{"rendered":"Bluetooth discoverable Indoor Location"},"content":{"rendered":"<p>Licence Bluetooth discoverable pour radios DP4401, DP4601, DP4801, DP3441, DP3661e, SL4000, SL4010, DM4401, DM4601, et versions \u00ab\u00a0e\u00a0\u00bb.<\/p>\n<p>Cette licence\u00a0permet la g\u00e9olocalisation en int\u00e9rieur pour certaines applications, en utilisant des balises bluetooth ibeacon a placer dans chaque pi\u00e8ces ainsi qu&rsquo;un logiciel r\u00e9cup\u00e9rant les donn\u00e9es. Voir nos pages <a href=\"http:\/\/lbc-systems.com\/46-geolocalisation\">g\u00e9olocalisation<\/a>.<\/p>\n<p>Cette licence est offerte sur les mod\u00e8le \u00ab\u00a0e\u00a0\u00bb vendus apr\u00e8s Novembre 2019.<\/p>\n<p>Une licence n\u00e9cessaire par poste.<\/p>\n<p><strong>Attention : <\/strong>pour activer vous m\u00eame une licence, le logiciel CPS, le ou les c\u00e2bles de programmation compatibles avec vos radios, une connexion internet ainsi que le code fournit \u00e0 l&rsquo;achat de la licence seront n\u00e9cessaires.<\/p>\n<p><strong>Sinon, chez LBC Systems l&rsquo;activation des licences est gratuite !<\/strong><\/p>\n","protected":false},"excerpt":{"rendered":"<p>Licence\u00a0Bluetooth discoverable pour radios DP4000, DP3441-DP3661e, SL4000, DM4000, et versions \u00ab\u00a0e\u00a0\u00bb.<\/p>\n","protected":false},"featured_media":719,"template":"","meta":[],"product_brand":[3074],"product_cat":[3179,3163,3181,3183],"product_tag":[3279,3230,3231,3174,3249,3250,3457,3458,3459,3257,3220,3260],"class_list":{"0":"post-722","1":"product","2":"type-product","3":"status-publish","4":"has-post-thumbnail","6":"product_brand-motorola","7":"product_cat-dp3000e","8":"product_cat-accessoires-talkies-motorola","9":"product_cat-sl-tlk","10":"product_cat-dm4000","11":"product_tag-bluetooth","12":"product_tag-dm4401","13":"product_tag-dm4601","14":"product_tag-dp3441","15":"product_tag-dp3441e","16":"product_tag-dp3661e","17":"product_tag-dp4401","18":"product_tag-dp4601","19":"product_tag-dp4801","20":"product_tag-licence","21":"product_tag-sl4000","22":"product_tag-sl4010","24":"first","25":"instock","26":"shipping-taxable","27":"purchasable","28":"product-type-simple"},"_links":{"self":[{"href":"https:\/\/lebrascommunication.fr\/ventes\/wp-json\/wp\/v2\/product\/722","targetHints":{"allow":["GET"]}}],"collection":[{"href":"https:\/\/lebrascommunication.fr\/ventes\/wp-json\/wp\/v2\/product"}],"about":[{"href":"https:\/\/lebrascommunication.fr\/ventes\/wp-json\/wp\/v2\/types\/product"}],"wp:featuredmedia":[{"embeddable":true,"href":"https:\/\/lebrascommunication.fr\/ventes\/wp-json\/wp\/v2\/media\/719"}],"wp:attachment":[{"href":"https:\/\/lebrascommunication.fr\/ventes\/wp-json\/wp\/v2\/media?parent=722"}],"wp:term":[{"taxonomy":"product_brand","embeddable":true,"href":"https:\/\/lebrascommunication.fr\/ventes\/wp-json\/wp\/v2\/product_brand?post=722"},{"taxonomy":"product_cat","embeddable":true,"href":"https:\/\/lebrascommunication.fr\/ventes\/wp-json\/wp\/v2\/product_cat?post=722"},{"taxonomy":"product_tag","embeddable":true,"href":"https:\/\/lebrascommunication.fr\/ventes\/wp-json\/wp\/v2\/product_tag?post=722"}],"curies":[{"name":"wp","href":"https:\/\/api.w.org\/{rel}","templated":true}]}}