{"id":701,"date":"2016-11-21T17:36:49","date_gmt":"2016-11-21T16:36:49","guid":{"rendered":"https:\/\/lebrascommunication.fr\/ventes\/produit\/antenne-gp160\/"},"modified":"2026-02-19T11:49:30","modified_gmt":"2026-02-19T10:49:30","slug":"antenne-gp160","status":"publish","type":"product","link":"https:\/\/lebrascommunication.fr\/ventes\/produit\/antenne-gp160\/","title":{"rendered":"Antenne GP160"},"content":{"rendered":"<p>Antenne Ground-Plane \u00bc \u03bb en fibre de verre pour la bande des 160 MHz<\/p>\n<p>L\u2019antenne GP 160 est une antenne ground-plane en fibre de verre avec 3 radians.<\/p>\n<p>L\u2019antenne est r\u00e9glable (par coupe) pour des fr\u00e9quences entre 145 et 175 MHz, mais peut \u00eatre utilis\u00e9e jusqu\u2019 \u00e0 400 MHz.<\/p>\n<p><strong>Fr\u00e9quence :\u00a0 <\/strong>R\u00e9glable par coupe entre 145 et 175 MHz<br \/>\n(Aussi possible entre 175 et 400 MHz)<\/p>\n<p><strong>Largeur de bande : <\/strong>12 MHz \u00e1 160 MHz (ROS &lt; 2,0)<br \/>\n30 MHz \u00e1 400 MHz (ROS &lt; 2,0)<\/p>\n<p><strong>Connecteur:<\/strong> N-femelle<\/p>\n<p><strong>Gain :<\/strong> 2dbi 0dbd<\/p>\n<p><strong>Puissance max <\/strong>: 1kW<\/p>\n<p><strong>Imp\u00e9dance : <\/strong>50 Ohm<\/p>\n<p><strong>Rayonnement :<\/strong> omnidirectionnel<\/p>\n","protected":false},"excerpt":{"rendered":"<p>Antenne ground-plane 0dBd<\/p>\n","protected":false},"featured_media":697,"template":"","meta":[],"product_brand":[3272],"product_cat":[3273],"product_tag":[3867,3202,3630],"class_list":{"0":"post-701","1":"product","2":"type-product","3":"status-publish","4":"has-post-thumbnail","6":"product_brand-autres","7":"product_cat-accessoires","8":"product_tag-0dbd","9":"product_tag-antenne","10":"product_tag-gp160","12":"first","13":"instock","14":"shipping-taxable","15":"purchasable","16":"product-type-simple"},"_links":{"self":[{"href":"https:\/\/lebrascommunication.fr\/ventes\/wp-json\/wp\/v2\/product\/701","targetHints":{"allow":["GET"]}}],"collection":[{"href":"https:\/\/lebrascommunication.fr\/ventes\/wp-json\/wp\/v2\/product"}],"about":[{"href":"https:\/\/lebrascommunication.fr\/ventes\/wp-json\/wp\/v2\/types\/product"}],"wp:featuredmedia":[{"embeddable":true,"href":"https:\/\/lebrascommunication.fr\/ventes\/wp-json\/wp\/v2\/media\/697"}],"wp:attachment":[{"href":"https:\/\/lebrascommunication.fr\/ventes\/wp-json\/wp\/v2\/media?parent=701"}],"wp:term":[{"taxonomy":"product_brand","embeddable":true,"href":"https:\/\/lebrascommunication.fr\/ventes\/wp-json\/wp\/v2\/product_brand?post=701"},{"taxonomy":"product_cat","embeddable":true,"href":"https:\/\/lebrascommunication.fr\/ventes\/wp-json\/wp\/v2\/product_cat?post=701"},{"taxonomy":"product_tag","embeddable":true,"href":"https:\/\/lebrascommunication.fr\/ventes\/wp-json\/wp\/v2\/product_tag?post=701"}],"curies":[{"name":"wp","href":"https:\/\/api.w.org\/{rel}","templated":true}]}}