{"id":696,"date":"2016-11-21T16:40:14","date_gmt":"2016-11-21T15:40:14","guid":{"rendered":"https:\/\/lebrascommunication.fr\/ventes\/produit\/antenne-cxl2-2\/"},"modified":"2026-01-27T15:08:44","modified_gmt":"2026-01-27T14:08:44","slug":"antenne-cxl2-2","status":"publish","type":"product","link":"https:\/\/lebrascommunication.fr\/ventes\/produit\/antenne-cxl2-2\/","title":{"rendered":"Antenne CXL150-3LW-EX"},"content":{"rendered":"<p>Cette antenne est certifi\u00e9e norme ATEX pour une utilisation en zone 2, athmosph\u00e8re \u00e0 risque d&rsquo;explosion.<\/p>\n<p><strong>Fr\u00e9quence :<\/strong><\/p>\n<ul>\n<li>s : 146 \u00e0 154 Mhz<\/li>\n<li>l : 153 \u00e0 162 Mhh<\/li>\n<li>hm : 158 \u00e0 167 Mhz<\/li>\n<li>h : 166 \u00e0 175 Mhz<\/li>\n<\/ul>\n<p><strong>Connecteur:<\/strong> N-femelle<\/p>\n<p><strong>Gain :<\/strong> 5dbi 3dbd<\/p>\n<p><strong>Puissance max <\/strong>: 0,6W 1W 1,8W (selon groupe r\u00e9f\u00e9rent)<\/p>\n<p><strong>Imp\u00e9dance : <\/strong>50 Ohm<\/p>\n<p><strong>Rayonnement :<\/strong> omnidirectionnel<\/p>\n<p>Antenne utilisable dans les groupes gaz IIA, IIB, IIC en zone 2.<\/p>\n<p><strong>Poids :<\/strong> 1,7 kg environ<\/p>\n<p><strong>Hauteur :<\/strong> 2,62 m environ<\/p>\n","protected":false},"excerpt":{"rendered":"<p>Antenne norme ATEX 3dBd<\/p>\n","protected":false},"featured_media":691,"template":"","meta":[],"product_brand":[3199],"product_cat":[3096],"product_tag":[3202,1153,3778,3590],"class_list":{"0":"post-696","1":"product","2":"type-product","3":"status-publish","4":"has-post-thumbnail","6":"product_brand-procom","7":"product_cat-accessoires-relais-motorola","8":"product_tag-antenne","9":"product_tag-atex","10":"product_tag-cxl150-3lw-ex","11":"product_tag-omni-directionnel","13":"first","14":"instock","15":"shipping-taxable","16":"purchasable","17":"product-type-simple"},"_links":{"self":[{"href":"https:\/\/lebrascommunication.fr\/ventes\/wp-json\/wp\/v2\/product\/696","targetHints":{"allow":["GET"]}}],"collection":[{"href":"https:\/\/lebrascommunication.fr\/ventes\/wp-json\/wp\/v2\/product"}],"about":[{"href":"https:\/\/lebrascommunication.fr\/ventes\/wp-json\/wp\/v2\/types\/product"}],"wp:featuredmedia":[{"embeddable":true,"href":"https:\/\/lebrascommunication.fr\/ventes\/wp-json\/wp\/v2\/media\/691"}],"wp:attachment":[{"href":"https:\/\/lebrascommunication.fr\/ventes\/wp-json\/wp\/v2\/media?parent=696"}],"wp:term":[{"taxonomy":"product_brand","embeddable":true,"href":"https:\/\/lebrascommunication.fr\/ventes\/wp-json\/wp\/v2\/product_brand?post=696"},{"taxonomy":"product_cat","embeddable":true,"href":"https:\/\/lebrascommunication.fr\/ventes\/wp-json\/wp\/v2\/product_cat?post=696"},{"taxonomy":"product_tag","embeddable":true,"href":"https:\/\/lebrascommunication.fr\/ventes\/wp-json\/wp\/v2\/product_tag?post=696"}],"curies":[{"name":"wp","href":"https:\/\/api.w.org\/{rel}","templated":true}]}}