{"id":690,"date":"2016-11-21T16:01:50","date_gmt":"2016-11-21T15:01:50","guid":{"rendered":"https:\/\/lebrascommunication.fr\/ventes\/produit\/antenne-cxl150-1lw-ex\/"},"modified":"2026-01-27T14:29:44","modified_gmt":"2026-01-27T13:29:44","slug":"antenne-cxl150-1lw-ex","status":"publish","type":"product","link":"https:\/\/lebrascommunication.fr\/ventes\/produit\/antenne-cxl150-1lw-ex\/","title":{"rendered":"Antenne CXL150-1LW-EX"},"content":{"rendered":"<p>Cette antenne est certifi\u00e9e norme ATEX pour une utilisation en zone 2, athmosph\u00e8re \u00e0 risque d&rsquo;explosion.<\/p>\n<p><strong>Fr\u00e9quence :<\/strong><\/p>\n<ul>\n<li>s : 135 \u00e0 156 Mhz<\/li>\n<li>l : 144 \u00e0 165 Mhh<\/li>\n<li>h : 155 \u00e0 175 Mhz<\/li>\n<\/ul>\n<p><strong>Connecteur:<\/strong> N-femelle<\/p>\n<p><strong>Gain :<\/strong> 2dbi 0dbd<\/p>\n<p><strong>Puissance max <\/strong>: 1,2W 2,1W 3,6W (selon groupe r\u00e9f\u00e9rent)<\/p>\n<p><strong>Imp\u00e9dance : <\/strong>50 Ohm<\/p>\n<p><strong>Rayonnement :<\/strong> omnidirectionnel<\/p>\n<p>Antennes utilisable dans les groupes gaz IIA, IIB, IIC en zone 2.<\/p>\n","protected":false},"excerpt":{"rendered":"<p>Antenne norme ATEX 0dBd<\/p>\n","protected":false},"featured_media":685,"template":"","meta":[],"product_brand":[3199],"product_cat":[3184,3096,3185],"product_tag":[3202,1153,3777,3590],"class_list":{"0":"post-690","1":"product","2":"type-product","3":"status-publish","4":"has-post-thumbnail","6":"product_brand-procom","7":"product_cat-slr1000","8":"product_cat-accessoires-relais-motorola","9":"product_cat-slr5500-slr8000","10":"product_tag-antenne","11":"product_tag-atex","12":"product_tag-cxl150-1lw-ex","13":"product_tag-omni-directionnel","15":"first","16":"instock","17":"shipping-taxable","18":"purchasable","19":"product-type-simple"},"_links":{"self":[{"href":"https:\/\/lebrascommunication.fr\/ventes\/wp-json\/wp\/v2\/product\/690","targetHints":{"allow":["GET"]}}],"collection":[{"href":"https:\/\/lebrascommunication.fr\/ventes\/wp-json\/wp\/v2\/product"}],"about":[{"href":"https:\/\/lebrascommunication.fr\/ventes\/wp-json\/wp\/v2\/types\/product"}],"wp:featuredmedia":[{"embeddable":true,"href":"https:\/\/lebrascommunication.fr\/ventes\/wp-json\/wp\/v2\/media\/685"}],"wp:attachment":[{"href":"https:\/\/lebrascommunication.fr\/ventes\/wp-json\/wp\/v2\/media?parent=690"}],"wp:term":[{"taxonomy":"product_brand","embeddable":true,"href":"https:\/\/lebrascommunication.fr\/ventes\/wp-json\/wp\/v2\/product_brand?post=690"},{"taxonomy":"product_cat","embeddable":true,"href":"https:\/\/lebrascommunication.fr\/ventes\/wp-json\/wp\/v2\/product_cat?post=690"},{"taxonomy":"product_tag","embeddable":true,"href":"https:\/\/lebrascommunication.fr\/ventes\/wp-json\/wp\/v2\/product_tag?post=690"}],"curies":[{"name":"wp","href":"https:\/\/api.w.org\/{rel}","templated":true}]}}