{"id":650,"date":"2016-03-16T18:55:56","date_gmt":"2016-03-16T17:55:56","guid":{"rendered":"https:\/\/lebrascommunication.fr\/ventes\/produit\/antenne-g-cxl2-2c\/"},"modified":"2026-02-20T11:58:01","modified_gmt":"2026-02-20T10:58:01","slug":"antenne-g-cxl2-2c","status":"publish","type":"product","link":"https:\/\/lebrascommunication.fr\/ventes\/produit\/antenne-g-cxl2-2c\/","title":{"rendered":"Antenne G-CXL2-2C"},"content":{"rendered":"<p>L&rsquo;antenne CLX2-2 est con\u00e7ue pour une fixation sur des tubes de diam\u00e8tre exterieur compris entre 27mm et 65mm. Robuste et solide, cette antenne est utilis\u00e9 lorsque la fiabilit\u00e9 a une importance capitale.<\/p>\n<p><strong>Fr\u00e9quence : <\/strong>144 \u00e0 175 Mhz<\/p>\n<p><strong>Connecteur:<\/strong> N-femelle<\/p>\n<p><strong>Couleur :<\/strong> vert<\/p>\n<p><strong>Type <\/strong>: 1\/2 coaxiale et dip\u00f4le<\/p>\n<p><strong>Gain :<\/strong> 2dbi 0dbd<\/p>\n<p><strong>Puissance max <\/strong>: 600W<\/p>\n<p><strong>Imp\u00e9dance : <\/strong>50 Ohm<\/p>\n<p><strong>Rayonnement :<\/strong> omnidirectionnel<\/p>\n<p><strong>Hauteur : <\/strong>1,75m<\/p>\n<p><strong>Charge au vent<\/strong> : 115 N \u00e0 160 km\/h<\/p>\n<p><strong>Poids:<\/strong> 3 kg<\/p>\n","protected":false},"excerpt":{"rendered":"<p>Antenne verte \u00e0 gain unitaire pour les bandes 160Mhz<\/p>\n","protected":false},"featured_media":649,"template":"","meta":[],"product_brand":[3199],"product_cat":[3184,3096,3185],"product_tag":[3867,3937,3936,3202,3227,3940,3835,3219],"class_list":{"0":"post-650","1":"product","2":"type-product","3":"status-publish","4":"has-post-thumbnail","6":"product_brand-procom","7":"product_cat-slr1000","8":"product_cat-accessoires-relais-motorola","9":"product_cat-slr5500-slr8000","10":"product_tag-0dbd","11":"product_tag-2dbi","12":"product_tag-50-ohm","13":"product_tag-antenne","14":"product_tag-antenne-relais","15":"product_tag-g-cxl2-2c","16":"product_tag-omnidirectionnel","17":"product_tag-relais","19":"first","20":"instock","21":"shipping-taxable","22":"purchasable","23":"product-type-simple"},"_links":{"self":[{"href":"https:\/\/lebrascommunication.fr\/ventes\/wp-json\/wp\/v2\/product\/650","targetHints":{"allow":["GET"]}}],"collection":[{"href":"https:\/\/lebrascommunication.fr\/ventes\/wp-json\/wp\/v2\/product"}],"about":[{"href":"https:\/\/lebrascommunication.fr\/ventes\/wp-json\/wp\/v2\/types\/product"}],"wp:featuredmedia":[{"embeddable":true,"href":"https:\/\/lebrascommunication.fr\/ventes\/wp-json\/wp\/v2\/media\/649"}],"wp:attachment":[{"href":"https:\/\/lebrascommunication.fr\/ventes\/wp-json\/wp\/v2\/media?parent=650"}],"wp:term":[{"taxonomy":"product_brand","embeddable":true,"href":"https:\/\/lebrascommunication.fr\/ventes\/wp-json\/wp\/v2\/product_brand?post=650"},{"taxonomy":"product_cat","embeddable":true,"href":"https:\/\/lebrascommunication.fr\/ventes\/wp-json\/wp\/v2\/product_cat?post=650"},{"taxonomy":"product_tag","embeddable":true,"href":"https:\/\/lebrascommunication.fr\/ventes\/wp-json\/wp\/v2\/product_tag?post=650"}],"curies":[{"name":"wp","href":"https:\/\/api.w.org\/{rel}","templated":true}]}}